{"id":24411,"date":"2023-04-26T14:55:18","date_gmt":"2023-04-26T13:55:18","guid":{"rendered":"https:\/\/www.multisilla.com\/mobiliario-hosteleria\/?page_id=24411"},"modified":"2023-04-26T14:56:33","modified_gmt":"2023-04-26T13:56:33","slug":"josep-llusca","status":"publish","type":"page","link":"https:\/\/www.multisilla.com\/mobiliario-hosteleria\/disenadores\/josep-llusca\/","title":{"rendered":"Josep Llusc\u00e0"},"content":{"rendered":"\t<section class=\"section\" id=\"section_934799567\">\n\t\t<div class=\"bg section-bg fill bg-fill bg-loaded bg-loaded\" >\n\n\t\t\t\n\t\t\t\n\t\t\t\n\n\t\t<\/div>\n\n\t\t<div class=\"section-content relative\">\n\t\t\t\n<div class=\"row\"  id=\"row-68616666\">\n\n\t<div id=\"col-289825218\" class=\"col medium-12 small-5 large-5\"  >\n\t\t\t\t<div class=\"col-inner\"  >\n\t\t\t\n\t\t\t\n\t<div id=\"text-1326100260\" class=\"text show-for-medium\">\n\t\t\n<h2>Josep Llusc\u00e0<\/h2>\n\t\t\n<style>\n#text-1326100260 {\n  font-size: 2.2rem;\n  line-height: 0.75;\n}\n@media (min-width:550px) {\n  #text-1326100260 {\n    font-size: 1.85rem;\n  }\n}\n@media (min-width:850px) {\n  #text-1326100260 {\n    font-size: 2.2rem;\n  }\n}\n<\/style>\n\t<\/div>\n\t\n\n  <div class=\"banner has-hover\" id=\"banner-12823921\">\n          <div class=\"banner-inner fill\">\n        <div class=\"banner-bg fill\" >\n            <div class=\"bg fill bg-fill bg-loaded\"><\/div>\n                                    \n                    <\/div>\n        <div class=\"banner-layers container\">\n            <div class=\"fill banner-link\"><\/div>            \n        <\/div>\n      <\/div>\n\n            \n<style>\n#banner-12823921 {\n  padding-top: 640px;\n  background-color: rgb(255, 255, 255);\n}\n#banner-12823921 .bg.bg-loaded {\n  background-image: url(https:\/\/www.multisilla.com\/mobiliario-hosteleria\/wp-content\/uploads\/Josep-Llusca-B.jpg);\n}\n#banner-12823921 .bg {\n  background-position: 50% 26%;\n}\n@media (min-width:550px) {\n  #banner-12823921 {\n    padding-top: 429px;\n  }\n}\n@media (min-width:850px) {\n  #banner-12823921 {\n    padding-top: 640px;\n  }\n}\n<\/style>\n  <\/div>\n\n\n\t\t<\/div>\n\t\t\t\t\t<\/div>\n\n\t\n\n\t<div id=\"col-1195064069\" class=\"col medium-12 small-12 large-7\"  >\n\t\t\t\t<div class=\"col-inner\"  >\n\t\t\t\n\t\t\t\n\t<div id=\"text-2910370836\" class=\"text hide-for-medium\">\n\t\t\n<h2>Josep Llusc\u00e0<\/h2>\n\t\t\n<style>\n#text-2910370836 {\n  font-size: 2.2rem;\n  line-height: 0.75;\n}\n<\/style>\n\t<\/div>\n\t\n<p>Josep Llusc\u00e0 es un dise\u00f1ador de muebles y arquitecto espa\u00f1ol. Es conocido por sus dise\u00f1os modernos y minimalistas, que presentan l\u00edneas limpias y un \u00e9nfasis en la funci\u00f3n. Su trabajo ha sido exhibido en las principales muestras y ferias de dise\u00f1o de todo el mundo y es admirado por su elegancia y sencillez.<\/p>\n<p>Llusc\u00e0, que trabaja desde su estudio en Barcelona, \u200b\u200bdise\u00f1a una amplia gama de productos de mobiliario como mesas, sillas, contenedores y m\u00e1s. Ha colaborado con varias empresas como Bd Barcelona, \u200b\u200bGubi y Vondom.<\/p>\n<p>Ha ganado numerosos premios y reconocimientos por su trabajo, como el premio Delta ADI-FAD (el premio de dise\u00f1o m\u00e1s importante de Espa\u00f1a), el premio Reddot Design, el premio Good design y el premio Elle Deco International Design, entre otros.<\/p>\n<p>Su estilo se caracteriza por la funcionalidad y la sencillez, con un enfoque en formas geom\u00e9tricas limpias y el uso de materiales de alta calidad. Sus dise\u00f1os son visualmente llamativos y muy funcionales, con un enfoque en la ergonom\u00eda y la comodidad del usuario.<\/p>\n<p>El estilo de Josep Llusc\u00e0 se considera una buena representaci\u00f3n del dise\u00f1o espa\u00f1ol contempor\u00e1neo, donde la sencillez y la funcionalidad son claves. Su trabajo es solicitado tanto por clientes residenciales como comerciales que buscan muebles bien dise\u00f1ados y de alta calidad con una est\u00e9tica moderna.<\/p>\n\t\t<\/div>\n\t\t\t\t\n<style>\n#col-1195064069 > .col-inner {\n  padding: 0px 1% 0px 1%;\n}\n@media (min-width:550px) {\n  #col-1195064069 > .col-inner {\n    padding: 0px 2% 0px 2%;\n  }\n}\n@media (min-width:850px) {\n  #col-1195064069 > .col-inner {\n    padding: 0px 0px 0px 7%;\n  }\n}\n<\/style>\n\t<\/div>\n\n\t\n<\/div>\n\t\t<\/div>\n\n\t\t\n<style>\n#section_934799567 {\n  padding-top: 30px;\n  padding-bottom: 30px;\n}\n<\/style>\n\t<\/section>\n\t\n","protected":false},"excerpt":{"rendered":"","protected":false},"author":1,"featured_media":0,"parent":24371,"menu_order":0,"comment_status":"closed","ping_status":"closed","template":"","meta":{"footnotes":""},"class_list":["post-24411","page","type-page","status-publish","hentry"],"yoast_head":"<!-- This site is optimized with the Yoast SEO plugin v23.1 - https:\/\/yoast.com\/wordpress\/plugins\/seo\/ -->\n<title>Josep Llusc\u00e0 - Sillas de Oficina y Bar<\/title>\n<meta name=\"robots\" content=\"index, follow, max-snippet:-1, max-image-preview:large, max-video-preview:-1\" \/>\n<link rel=\"canonical\" href=\"https:\/\/www.multisilla.com\/mobiliario-hosteleria\/disenadores\/josep-llusca\/\" \/>\n<meta property=\"og:locale\" content=\"es_ES\" \/>\n<meta property=\"og:type\" content=\"article\" \/>\n<meta property=\"og:title\" content=\"Josep Llusc\u00e0 - Sillas de Oficina y Bar\" \/>\n<meta property=\"og:url\" content=\"https:\/\/www.multisilla.com\/mobiliario-hosteleria\/disenadores\/josep-llusca\/\" \/>\n<meta property=\"og:site_name\" content=\"Sillas de Oficina y Bar\" \/>\n<meta property=\"article:modified_time\" content=\"2023-04-26T13:56:33+00:00\" \/>\n<meta name=\"twitter:card\" content=\"summary_large_image\" \/>\n<meta name=\"twitter:label1\" content=\"Tiempo de lectura\" \/>\n\t<meta name=\"twitter:data1\" content=\"2 minutos\" \/>\n<script type=\"application\/ld+json\" class=\"yoast-schema-graph\">{\"@context\":\"https:\/\/schema.org\",\"@graph\":[{\"@type\":\"WebPage\",\"@id\":\"https:\/\/www.multisilla.com\/mobiliario-hosteleria\/disenadores\/josep-llusca\/\",\"url\":\"https:\/\/www.multisilla.com\/mobiliario-hosteleria\/disenadores\/josep-llusca\/\",\"name\":\"Josep Llusc\u00e0 - Sillas de Oficina y Bar\",\"isPartOf\":{\"@id\":\"https:\/\/www.multisilla.com\/mobiliario-hosteleria\/#website\"},\"datePublished\":\"2023-04-26T13:55:18+00:00\",\"dateModified\":\"2023-04-26T13:56:33+00:00\",\"breadcrumb\":{\"@id\":\"https:\/\/www.multisilla.com\/mobiliario-hosteleria\/disenadores\/josep-llusca\/#breadcrumb\"},\"inLanguage\":\"es\",\"potentialAction\":[{\"@type\":\"ReadAction\",\"target\":[\"https:\/\/www.multisilla.com\/mobiliario-hosteleria\/disenadores\/josep-llusca\/\"]}]},{\"@type\":\"BreadcrumbList\",\"@id\":\"https:\/\/www.multisilla.com\/mobiliario-hosteleria\/disenadores\/josep-llusca\/#breadcrumb\",\"itemListElement\":[{\"@type\":\"ListItem\",\"position\":1,\"name\":\"Portada\",\"item\":\"https:\/\/www.multisilla.com\/mobiliario-hosteleria\/\"},{\"@type\":\"ListItem\",\"position\":2,\"name\":\"Dise\u00f1adores\",\"item\":\"https:\/\/www.multisilla.com\/mobiliario-hosteleria\/disenadores\/\"},{\"@type\":\"ListItem\",\"position\":3,\"name\":\"Josep Llusc\u00e0\"}]},{\"@type\":\"WebSite\",\"@id\":\"https:\/\/www.multisilla.com\/mobiliario-hosteleria\/#website\",\"url\":\"https:\/\/www.multisilla.com\/mobiliario-hosteleria\/\",\"name\":\"Sillas de Oficina y Bar\",\"description\":\"El Especialista en Sillas, Mesas y Taburetes\",\"publisher\":{\"@id\":\"https:\/\/www.multisilla.com\/mobiliario-hosteleria\/#organization\"},\"potentialAction\":[{\"@type\":\"SearchAction\",\"target\":{\"@type\":\"EntryPoint\",\"urlTemplate\":\"https:\/\/www.multisilla.com\/mobiliario-hosteleria\/?s={search_term_string}\"},\"query-input\":\"required name=search_term_string\"}],\"inLanguage\":\"es\"},{\"@type\":\"Organization\",\"@id\":\"https:\/\/www.multisilla.com\/mobiliario-hosteleria\/#organization\",\"name\":\"Multisilla\",\"url\":\"https:\/\/www.multisilla.com\/mobiliario-hosteleria\/\",\"logo\":{\"@type\":\"ImageObject\",\"inLanguage\":\"es\",\"@id\":\"https:\/\/www.multisilla.com\/mobiliario-hosteleria\/#\/schema\/logo\/image\/\",\"url\":\"https:\/\/www.multisilla.com\/mobiliario-hosteleria\/wp-content\/uploads\/logo-multisilla-nuevo-taburetes.png\",\"contentUrl\":\"https:\/\/www.multisilla.com\/mobiliario-hosteleria\/wp-content\/uploads\/logo-multisilla-nuevo-taburetes.png\",\"width\":240,\"height\":92,\"caption\":\"Multisilla\"},\"image\":{\"@id\":\"https:\/\/www.multisilla.com\/mobiliario-hosteleria\/#\/schema\/logo\/image\/\"}}]}<\/script>\n<!-- \/ Yoast SEO plugin. -->","yoast_head_json":{"title":"Josep Llusc\u00e0 - Sillas de Oficina y Bar","robots":{"index":"index","follow":"follow","max-snippet":"max-snippet:-1","max-image-preview":"max-image-preview:large","max-video-preview":"max-video-preview:-1"},"canonical":"https:\/\/www.multisilla.com\/mobiliario-hosteleria\/disenadores\/josep-llusca\/","og_locale":"es_ES","og_type":"article","og_title":"Josep Llusc\u00e0 - Sillas de Oficina y Bar","og_url":"https:\/\/www.multisilla.com\/mobiliario-hosteleria\/disenadores\/josep-llusca\/","og_site_name":"Sillas de Oficina y Bar","article_modified_time":"2023-04-26T13:56:33+00:00","twitter_card":"summary_large_image","twitter_misc":{"Tiempo de lectura":"2 minutos"},"schema":{"@context":"https:\/\/schema.org","@graph":[{"@type":"WebPage","@id":"https:\/\/www.multisilla.com\/mobiliario-hosteleria\/disenadores\/josep-llusca\/","url":"https:\/\/www.multisilla.com\/mobiliario-hosteleria\/disenadores\/josep-llusca\/","name":"Josep Llusc\u00e0 - Sillas de Oficina y Bar","isPartOf":{"@id":"https:\/\/www.multisilla.com\/mobiliario-hosteleria\/#website"},"datePublished":"2023-04-26T13:55:18+00:00","dateModified":"2023-04-26T13:56:33+00:00","breadcrumb":{"@id":"https:\/\/www.multisilla.com\/mobiliario-hosteleria\/disenadores\/josep-llusca\/#breadcrumb"},"inLanguage":"es","potentialAction":[{"@type":"ReadAction","target":["https:\/\/www.multisilla.com\/mobiliario-hosteleria\/disenadores\/josep-llusca\/"]}]},{"@type":"BreadcrumbList","@id":"https:\/\/www.multisilla.com\/mobiliario-hosteleria\/disenadores\/josep-llusca\/#breadcrumb","itemListElement":[{"@type":"ListItem","position":1,"name":"Portada","item":"https:\/\/www.multisilla.com\/mobiliario-hosteleria\/"},{"@type":"ListItem","position":2,"name":"Dise\u00f1adores","item":"https:\/\/www.multisilla.com\/mobiliario-hosteleria\/disenadores\/"},{"@type":"ListItem","position":3,"name":"Josep Llusc\u00e0"}]},{"@type":"WebSite","@id":"https:\/\/www.multisilla.com\/mobiliario-hosteleria\/#website","url":"https:\/\/www.multisilla.com\/mobiliario-hosteleria\/","name":"Sillas de Oficina y Bar","description":"El Especialista en Sillas, Mesas y Taburetes","publisher":{"@id":"https:\/\/www.multisilla.com\/mobiliario-hosteleria\/#organization"},"potentialAction":[{"@type":"SearchAction","target":{"@type":"EntryPoint","urlTemplate":"https:\/\/www.multisilla.com\/mobiliario-hosteleria\/?s={search_term_string}"},"query-input":"required name=search_term_string"}],"inLanguage":"es"},{"@type":"Organization","@id":"https:\/\/www.multisilla.com\/mobiliario-hosteleria\/#organization","name":"Multisilla","url":"https:\/\/www.multisilla.com\/mobiliario-hosteleria\/","logo":{"@type":"ImageObject","inLanguage":"es","@id":"https:\/\/www.multisilla.com\/mobiliario-hosteleria\/#\/schema\/logo\/image\/","url":"https:\/\/www.multisilla.com\/mobiliario-hosteleria\/wp-content\/uploads\/logo-multisilla-nuevo-taburetes.png","contentUrl":"https:\/\/www.multisilla.com\/mobiliario-hosteleria\/wp-content\/uploads\/logo-multisilla-nuevo-taburetes.png","width":240,"height":92,"caption":"Multisilla"},"image":{"@id":"https:\/\/www.multisilla.com\/mobiliario-hosteleria\/#\/schema\/logo\/image\/"}}]}},"_links":{"self":[{"href":"https:\/\/www.multisilla.com\/mobiliario-hosteleria\/wp-json\/wp\/v2\/pages\/24411"}],"collection":[{"href":"https:\/\/www.multisilla.com\/mobiliario-hosteleria\/wp-json\/wp\/v2\/pages"}],"about":[{"href":"https:\/\/www.multisilla.com\/mobiliario-hosteleria\/wp-json\/wp\/v2\/types\/page"}],"author":[{"embeddable":true,"href":"https:\/\/www.multisilla.com\/mobiliario-hosteleria\/wp-json\/wp\/v2\/users\/1"}],"replies":[{"embeddable":true,"href":"https:\/\/www.multisilla.com\/mobiliario-hosteleria\/wp-json\/wp\/v2\/comments?post=24411"}],"version-history":[{"count":0,"href":"https:\/\/www.multisilla.com\/mobiliario-hosteleria\/wp-json\/wp\/v2\/pages\/24411\/revisions"}],"up":[{"embeddable":true,"href":"https:\/\/www.multisilla.com\/mobiliario-hosteleria\/wp-json\/wp\/v2\/pages\/24371"}],"wp:attachment":[{"href":"https:\/\/www.multisilla.com\/mobiliario-hosteleria\/wp-json\/wp\/v2\/media?parent=24411"}],"curies":[{"name":"wp","href":"https:\/\/api.w.org\/{rel}","templated":true}]}}