{"id":4179,"date":"2017-07-05T11:55:32","date_gmt":"2017-07-05T11:55:32","guid":{"rendered":"https:\/\/multisilla.com\/multisilla-profesional\/?page_id=4179"},"modified":"2024-11-05T10:53:55","modified_gmt":"2024-11-05T09:53:55","slug":"quienes-somos","status":"publish","type":"page","link":"https:\/\/www.multisilla.com\/mobiliario-hosteleria\/quienes-somos\/","title":{"rendered":"Quienes Somos"},"content":{"rendered":"<div class=\"row\"  id=\"row-1843930056\">\n\n\t<div id=\"col-66089607\" class=\"col small-12 large-12\"  >\n\t\t\t\t<div class=\"col-inner\"  >\n\t\t\t\n\t\t\t\n<h2 style=\"text-align: center;\">Somos especialistas en Sillas, Mesas y Taburetes<\/h2>\n<div class=\"text-center\"><div class=\"is-divider divider clearfix\" style=\"margin-top:0.6em;margin-bottom:0.6em;max-width:400px;\"><\/div><\/div>\n<h3 class=\"thin-font\" style=\"text-align: center;\">\u00a1 800m\u00b2 de nueva exposici\u00f3n con m\u00e1s de 500 modelos !<\/h3>\n\t\t<\/div>\n\t\t\t\t\n<style>\n#col-66089607 > .col-inner {\n  margin: 0px 0px -20px 0px;\n}\n<\/style>\n\t<\/div>\n\n\t\n\n\t<div id=\"col-729993530\" class=\"col hide-for-medium medium-1 small-12 large-1\"  >\n\t\t\t\t<div class=\"col-inner\"  >\n\t\t\t\n\t\t\t\n\t\t<\/div>\n\t\t\t\t\t<\/div>\n\n\t\n\n\t<div id=\"col-692494229\" class=\"col medium-12 small-12 large-10\"  >\n\t\t\t\t<div class=\"col-inner\"  >\n\t\t\t\n\t\t\t\n<div class=\"slider-wrapper relative\" id=\"slider-1775754814\" >\n    <div class=\"slider slider-nav-circle slider-nav-large slider-nav-light slider-style-normal\"\n        data-flickity-options='{\n            \"cellAlign\": \"center\",\n            \"imagesLoaded\": true,\n            \"lazyLoad\": 1,\n            \"freeScroll\": false,\n            \"wrapAround\": true,\n            \"autoPlay\": 3000,\n            \"pauseAutoPlayOnHover\" : false,\n            \"prevNextButtons\": true,\n            \"contain\" : true,\n            \"adaptiveHeight\" : true,\n            \"dragThreshold\" : 10,\n            \"percentPosition\": true,\n            \"pageDots\": false,\n            \"rightToLeft\": false,\n            \"draggable\": true,\n            \"selectedAttraction\": 0.1,\n            \"parallax\" : 0,\n            \"friction\": 0.6        }'\n        >\n        \n\t<div class=\"img has-hover x md-x lg-x y md-y lg-y\" id=\"image_1351139800\">\n\t\t\t\t\t\t\t\t<div class=\"img-inner dark\" >\n\t\t\t<img loading=\"lazy\" decoding=\"async\" width=\"1020\" height=\"533\" src=\"https:\/\/www.multisilla.com\/mobiliario-hosteleria\/wp-content\/uploads\/tienda-sillas-mesas-taburetes-4.jpg\" class=\"attachment-large size-large\" alt=\"tienda sillas mesas taburetes-4\" srcset=\"https:\/\/www.multisilla.com\/mobiliario-hosteleria\/wp-content\/uploads\/tienda-sillas-mesas-taburetes-4.jpg 1110w, https:\/\/www.multisilla.com\/mobiliario-hosteleria\/wp-content\/uploads\/tienda-sillas-mesas-taburetes-4-370x193.jpg 370w, https:\/\/www.multisilla.com\/mobiliario-hosteleria\/wp-content\/uploads\/tienda-sillas-mesas-taburetes-4-778x407.jpg 778w, https:\/\/www.multisilla.com\/mobiliario-hosteleria\/wp-content\/uploads\/tienda-sillas-mesas-taburetes-4-768x401.jpg 768w\" sizes=\"(max-width: 1020px) 100vw, 1020px\" \/>\t\t\t\t\t\t\n\t\t\t\t\t<\/div>\n\t\t\t\t\t\t\t\t\n<style>\n#image_1351139800 {\n  width: 100%;\n}\n<\/style>\n\t<\/div>\n\t\n\t<div class=\"img has-hover x md-x lg-x y md-y lg-y\" id=\"image_1622746132\">\n\t\t\t\t\t\t\t\t<div class=\"img-inner dark\" >\n\t\t\t<img loading=\"lazy\" decoding=\"async\" width=\"1020\" height=\"533\" src=\"https:\/\/www.multisilla.com\/mobiliario-hosteleria\/wp-content\/uploads\/tienda-sillas-mesas-taburetes-3.jpg\" class=\"attachment-large size-large\" alt=\"tienda sillas mesas taburetes-3\" srcset=\"https:\/\/www.multisilla.com\/mobiliario-hosteleria\/wp-content\/uploads\/tienda-sillas-mesas-taburetes-3.jpg 1110w, https:\/\/www.multisilla.com\/mobiliario-hosteleria\/wp-content\/uploads\/tienda-sillas-mesas-taburetes-3-370x193.jpg 370w, https:\/\/www.multisilla.com\/mobiliario-hosteleria\/wp-content\/uploads\/tienda-sillas-mesas-taburetes-3-778x407.jpg 778w, https:\/\/www.multisilla.com\/mobiliario-hosteleria\/wp-content\/uploads\/tienda-sillas-mesas-taburetes-3-768x401.jpg 768w\" sizes=\"(max-width: 1020px) 100vw, 1020px\" \/>\t\t\t\t\t\t\n\t\t\t\t\t<\/div>\n\t\t\t\t\t\t\t\t\n<style>\n#image_1622746132 {\n  width: 100%;\n}\n<\/style>\n\t<\/div>\n\t\n\t<div class=\"img has-hover x md-x lg-x y md-y lg-y\" id=\"image_1988098587\">\n\t\t\t\t\t\t\t\t<div class=\"img-inner dark\" >\n\t\t\t<img loading=\"lazy\" decoding=\"async\" width=\"1020\" height=\"533\" src=\"https:\/\/www.multisilla.com\/mobiliario-hosteleria\/wp-content\/uploads\/tienda-sillas-mesas-taburetes-5.jpg\" class=\"attachment-large size-large\" alt=\"tienda sillas mesas taburetes-5\" srcset=\"https:\/\/www.multisilla.com\/mobiliario-hosteleria\/wp-content\/uploads\/tienda-sillas-mesas-taburetes-5.jpg 1110w, https:\/\/www.multisilla.com\/mobiliario-hosteleria\/wp-content\/uploads\/tienda-sillas-mesas-taburetes-5-370x193.jpg 370w, https:\/\/www.multisilla.com\/mobiliario-hosteleria\/wp-content\/uploads\/tienda-sillas-mesas-taburetes-5-778x407.jpg 778w, https:\/\/www.multisilla.com\/mobiliario-hosteleria\/wp-content\/uploads\/tienda-sillas-mesas-taburetes-5-768x401.jpg 768w\" sizes=\"(max-width: 1020px) 100vw, 1020px\" \/>\t\t\t\t\t\t\n\t\t\t\t\t<\/div>\n\t\t\t\t\t\t\t\t\n<style>\n#image_1988098587 {\n  width: 100%;\n}\n<\/style>\n\t<\/div>\n\t\n\t<div class=\"img has-hover x md-x lg-x y md-y lg-y\" id=\"image_907966925\">\n\t\t\t\t\t\t\t\t<div class=\"img-inner dark\" >\n\t\t\t<img loading=\"lazy\" decoding=\"async\" width=\"1020\" height=\"533\" src=\"https:\/\/www.multisilla.com\/mobiliario-hosteleria\/wp-content\/uploads\/tienda-sillas-mesas-taburetes-1.jpg\" class=\"attachment-large size-large\" alt=\"tienda sillas mesas taburetes-1\" srcset=\"https:\/\/www.multisilla.com\/mobiliario-hosteleria\/wp-content\/uploads\/tienda-sillas-mesas-taburetes-1.jpg 1110w, https:\/\/www.multisilla.com\/mobiliario-hosteleria\/wp-content\/uploads\/tienda-sillas-mesas-taburetes-1-370x193.jpg 370w, https:\/\/www.multisilla.com\/mobiliario-hosteleria\/wp-content\/uploads\/tienda-sillas-mesas-taburetes-1-778x407.jpg 778w, https:\/\/www.multisilla.com\/mobiliario-hosteleria\/wp-content\/uploads\/tienda-sillas-mesas-taburetes-1-768x401.jpg 768w\" sizes=\"(max-width: 1020px) 100vw, 1020px\" \/>\t\t\t\t\t\t\n\t\t\t\t\t<\/div>\n\t\t\t\t\t\t\t\t\n<style>\n#image_907966925 {\n  width: 100%;\n}\n<\/style>\n\t<\/div>\n\t\n\t<div class=\"img has-hover x md-x lg-x y md-y lg-y\" id=\"image_106160538\">\n\t\t\t\t\t\t\t\t<div class=\"img-inner dark\" >\n\t\t\t<img loading=\"lazy\" decoding=\"async\" width=\"1020\" height=\"533\" src=\"https:\/\/www.multisilla.com\/mobiliario-hosteleria\/wp-content\/uploads\/tienda-sillas-mesas-taburetes-6.jpg\" class=\"attachment-large size-large\" alt=\"tienda sillas mesas taburetes-6\" srcset=\"https:\/\/www.multisilla.com\/mobiliario-hosteleria\/wp-content\/uploads\/tienda-sillas-mesas-taburetes-6.jpg 1110w, https:\/\/www.multisilla.com\/mobiliario-hosteleria\/wp-content\/uploads\/tienda-sillas-mesas-taburetes-6-370x193.jpg 370w, https:\/\/www.multisilla.com\/mobiliario-hosteleria\/wp-content\/uploads\/tienda-sillas-mesas-taburetes-6-778x407.jpg 778w, https:\/\/www.multisilla.com\/mobiliario-hosteleria\/wp-content\/uploads\/tienda-sillas-mesas-taburetes-6-768x401.jpg 768w\" sizes=\"(max-width: 1020px) 100vw, 1020px\" \/>\t\t\t\t\t\t\n\t\t\t\t\t<\/div>\n\t\t\t\t\t\t\t\t\n<style>\n#image_106160538 {\n  width: 100%;\n}\n<\/style>\n\t<\/div>\n\t\n\t<div class=\"img has-hover x md-x lg-x y md-y lg-y\" id=\"image_442006094\">\n\t\t\t\t\t\t\t\t<div class=\"img-inner dark\" >\n\t\t\t<img loading=\"lazy\" decoding=\"async\" width=\"1020\" height=\"533\" src=\"https:\/\/www.multisilla.com\/mobiliario-hosteleria\/wp-content\/uploads\/tienda-sillas-mesas-taburetes-2.jpg\" class=\"attachment-large size-large\" alt=\"tienda sillas mesas taburetes-2\" srcset=\"https:\/\/www.multisilla.com\/mobiliario-hosteleria\/wp-content\/uploads\/tienda-sillas-mesas-taburetes-2.jpg 1110w, https:\/\/www.multisilla.com\/mobiliario-hosteleria\/wp-content\/uploads\/tienda-sillas-mesas-taburetes-2-370x193.jpg 370w, https:\/\/www.multisilla.com\/mobiliario-hosteleria\/wp-content\/uploads\/tienda-sillas-mesas-taburetes-2-778x407.jpg 778w, https:\/\/www.multisilla.com\/mobiliario-hosteleria\/wp-content\/uploads\/tienda-sillas-mesas-taburetes-2-768x401.jpg 768w\" sizes=\"(max-width: 1020px) 100vw, 1020px\" \/>\t\t\t\t\t\t\n\t\t\t\t\t<\/div>\n\t\t\t\t\t\t\t\t\n<style>\n#image_442006094 {\n  width: 100%;\n}\n<\/style>\n\t<\/div>\n\t\n     <\/div>\n\n     <div class=\"loading-spin dark large centered\"><\/div>\n\n     \t<\/div>\n\n\n\t\t<\/div>\n\t\t\t\t\t<\/div>\n\n\t\n\n\t<div id=\"col-2091156465\" class=\"col hide-for-medium medium-1 small-12 large-1\"  >\n\t\t\t\t<div class=\"col-inner\"  >\n\t\t\t\n\t\t\t\n\t\t<\/div>\n\t\t\t\t\t<\/div>\n\n\t\n\n\t<div id=\"col-430187102\" class=\"col hide-for-medium medium-1 small-12 large-1\"  >\n\t\t\t\t<div class=\"col-inner\"  >\n\t\t\t\n\t\t\t\n\t\t<\/div>\n\t\t\t\t\t<\/div>\n\n\t\n\n\t<div id=\"col-1616150014\" class=\"col medium-12 small-12 large-10\"  >\n\t\t\t\t<div class=\"col-inner\"  >\n\t\t\t\n\t\t\t\n<p>Multisilla especialistas en sillas y mesas Madrid.<\/p>\n<p>La idea de Multisilla surge en 1993 como respuesta a una demanda del mercado, la especializaci\u00f3n.<\/p>\n<p>En esta l\u00ednea, con la mayor oferta del mercado en sillas y mesas, conseguimos un factor diferenciador respecto a nuestros competidores,nuestras exposiciones, donde se podr\u00e1n encontrar en torno a 500 modelos de sillas, mesas y taburetes, las \u00faltimas tendencias del muestrario tanto nacional como internacional, abarcando todos los estilos; moderno, dise\u00f1o, cl\u00e1sico, cocina, exterior, oficina, estudio\u2026., tanto para hogar como para hosteler\u00eda, cafeter\u00eda, bar, restaurante, instalaciones, colectividades, etc. Multisilla posee en la actualidad un establecimiento abierto al p\u00fablico en Europolis (Las Rozas) con profesionales que le asesoraran adecuadamente.<\/p>\n<p>Somos distribuidores de las mejores marcas tanto nacionales, como italianas, Andreu World, Capdell, Ondarreta, Mobliberica, Enea, Bontempi, Kartell, Etc\u2026<\/p>\n<p>Hemos realizado el amueblamiento de multitud de bares, restaurantes, terrazas, discotecas, hoteles y casas rurales.<\/p>\n<p>En esta Web ofrecemos un amplio muestrario de nuestro catalogo, no dudes en hacernos cualquier consulta y lo mejor\u2026vis\u00edtanos, te sorprender\u00e1s.<\/p>\n<p>Gracias por visitar nuestra WEB.<\/p>\n\t\t<\/div>\n\t\t\t\t\t<\/div>\n\n\t\n\n\t<div id=\"col-1004064440\" class=\"col hide-for-medium medium-1 small-12 large-1\"  >\n\t\t\t\t<div class=\"col-inner\"  >\n\t\t\t\n\t\t\t\n\t\t<\/div>\n\t\t\t\t\t<\/div>\n\n\t\n\n\t<div id=\"col-489937014\" class=\"col small-12 large-12\"  >\n\t\t\t\t<div class=\"col-inner\"  >\n\t\t\t\n\t\t\t\n<h2 style=\"text-align: center; padding-bottom: 7px;\">Nuestra presencia en los medios<\/h2>\n<div class=\"text-center\"><div class=\"is-divider divider clearfix\" style=\"margin-top:0.6em;margin-bottom:0.6em;max-width:400px;\"><\/div><\/div>\n\t\t<\/div>\n\t\t\t\t\n<style>\n#col-489937014 > .col-inner {\n  margin: 21px 0px -20px 0px;\n}\n<\/style>\n\t<\/div>\n\n\t\n\n\t<div id=\"col-1697221954\" class=\"col hide-for-medium medium-1 small-12 large-1\"  >\n\t\t\t\t<div class=\"col-inner\"  >\n\t\t\t\n\t\t\t\n\t\t<\/div>\n\t\t\t\t\t<\/div>\n\n\t\n\n\t<div id=\"col-310597151\" class=\"col medium-6 small-12 large-5\"  >\n\t\t\t\t<div class=\"col-inner\"  >\n\t\t\t\n\t\t\t\n\t<div class=\"box has-hover   has-hover box-shadow-2 box-shadow-3-hover box-text-bottom\" >\n\n\t\t<div class=\"box-image\" style=\"width:98.5%;\">\n\t\t\t<a href=\"https:\/\/www.multisilla.com\/mobiliario-hosteleria\/entrevista-en-radio-nacional-radio-exterior\/\"  >\t\t\t<div class=\"\" >\n\t\t\t\t<img loading=\"lazy\" decoding=\"async\" width=\"800\" height=\"451\" src=\"https:\/\/www.multisilla.com\/mobiliario-hosteleria\/wp-content\/uploads\/Radio_Exterior_RNE_Spain-empresa.png\" class=\"attachment-original size-original\" alt=\"\" srcset=\"https:\/\/www.multisilla.com\/mobiliario-hosteleria\/wp-content\/uploads\/Radio_Exterior_RNE_Spain-empresa.png 800w, https:\/\/www.multisilla.com\/mobiliario-hosteleria\/wp-content\/uploads\/Radio_Exterior_RNE_Spain-empresa-370x209.png 370w, https:\/\/www.multisilla.com\/mobiliario-hosteleria\/wp-content\/uploads\/Radio_Exterior_RNE_Spain-empresa-778x439.png 778w, https:\/\/www.multisilla.com\/mobiliario-hosteleria\/wp-content\/uploads\/Radio_Exterior_RNE_Spain-empresa-768x433.png 768w\" sizes=\"(max-width: 800px) 100vw, 800px\" \/>\t\t\t\t\t\t\t\t\t\t\t<\/div>\n\t\t\t<\/a>\t\t<\/div>\n\n\t\t<div class=\"box-text text-center\" style=\"padding:27px 0px 27px 0px;\">\n\t\t\t<div class=\"box-text-inner\">\n\t\t\t\t\n<h4>Entrevista en Radio Nacional &#8211; Radio exterior<\/h4>\n<div class=\"is-divider divider clearfix\" ><\/div>\n<a href=\"https:\/\/www.multisilla.com\/mobiliario-hosteleria\/entrevista-en-radio-nacional-radio-exterior\/\" target=\"_self\" class=\"button primary is-outline\"  >\n    <span>Leer mas<\/span>\n  <\/a>\n\n\t\t\t<\/div>\n\t\t<\/div>\n\t<\/div>\n\t\n\t\t<\/div>\n\t\t\t\t\n<style>\n#col-310597151 > .col-inner {\n  margin: 25px 0px 0px 0px;\n}\n<\/style>\n\t<\/div>\n\n\t\n\n\t<div id=\"col-2000859060\" class=\"col medium-6 small-12 large-5\"  >\n\t\t\t\t<div class=\"col-inner\"  >\n\t\t\t\n\t\t\t\n\t<div class=\"box has-hover   has-hover box-shadow-2 box-shadow-3-hover box-text-bottom\" >\n\n\t\t<div class=\"box-image\" >\n\t\t\t<a href=\"https:\/\/www.multisilla.com\/mobiliario-hosteleria\/exito-de-nuestra-campana-navidena-en-telemadrid-y-la-otra\/\"  >\t\t\t<div class=\"\" >\n\t\t\t\t<img loading=\"lazy\" decoding=\"async\" width=\"1100\" height=\"608\" src=\"https:\/\/www.multisilla.com\/mobiliario-hosteleria\/wp-content\/uploads\/anuncio-tv-23.jpg\" class=\"attachment-original size-original\" alt=\"anuncio tv 23\" srcset=\"https:\/\/www.multisilla.com\/mobiliario-hosteleria\/wp-content\/uploads\/anuncio-tv-23.jpg 1100w, https:\/\/www.multisilla.com\/mobiliario-hosteleria\/wp-content\/uploads\/anuncio-tv-23-778x430.jpg 778w, https:\/\/www.multisilla.com\/mobiliario-hosteleria\/wp-content\/uploads\/anuncio-tv-23-370x205.jpg 370w, https:\/\/www.multisilla.com\/mobiliario-hosteleria\/wp-content\/uploads\/anuncio-tv-23-768x424.jpg 768w\" sizes=\"(max-width: 1100px) 100vw, 1100px\" \/>\t\t\t\t\t\t\t\t\t\t\t<\/div>\n\t\t\t<\/a>\t\t<\/div>\n\n\t\t<div class=\"box-text text-center\" style=\"padding:27px 0px 27px 0px;\">\n\t\t\t<div class=\"box-text-inner\">\n\t\t\t\t\n<h4>Anuncio en TV<\/h4>\n<div class=\"is-divider divider clearfix\" ><\/div>\n<a href=\"https:\/\/www.multisilla.com\/mobiliario-hosteleria\/exito-de-nuestra-campana-navidena-en-telemadrid-y-la-otra\/\" target=\"_self\" class=\"button primary is-outline\"  >\n    <span>leer mas<\/span>\n  <\/a>\n\n\t\t\t<\/div>\n\t\t<\/div>\n\t<\/div>\n\t\n\t\t<\/div>\n\t\t\t\t\n<style>\n#col-2000859060 > .col-inner {\n  margin: 25px 0px 0px 0px;\n}\n<\/style>\n\t<\/div>\n\n\t\n\n\t<div id=\"col-1607005012\" class=\"col hide-for-medium medium-1 small-12 large-1\"  >\n\t\t\t\t<div class=\"col-inner\"  >\n\t\t\t\n\t\t\t\n\t\t<\/div>\n\t\t\t\t\t<\/div>\n\n\t\n\n\t<div id=\"col-1015138457\" class=\"col hide-for-medium medium-1 small-12 large-1\"  >\n\t\t\t\t<div class=\"col-inner\"  >\n\t\t\t\n\t\t\t\n\t\t<\/div>\n\t\t\t\t\t<\/div>\n\n\t\n\n\t<div id=\"col-226160317\" class=\"col medium-12 small-12 large-10\"  >\n\t\t\t\t<div class=\"col-inner\"  >\n\t\t\t\n\t\t\t\n<p><strong>POL. EUROPOLIS LAS ROZAS<\/strong><br \/><strong> C\/Tur\u00edn 26 b<\/strong><br \/><strong><a style=\"color: #494949;\" href=\"mailto:info@multisilla.com\">info@multisilla.com<\/a><\/strong><\/p>\n<p><strong>HORARIOS ATENCION<\/strong><br \/>Lunes a Viernes: De 10:00 &#8211; 14:00 y de 16:30 &#8211; 20:30.<br \/>S\u00e1bados: De 11:00 &#8211; 14:30 y de 16:30 &#8211; 20:30.<\/p>\n<p><strong><a style=\"color: #494949;\" href=\"tel:+34916372881\"><img loading=\"lazy\" decoding=\"async\" title=\"Movil Multisilla\" src=\"https:\/\/www.multisilla.com\/mobiliario-hosteleria\/wp-content\/uploads\/phone-negro.png\" alt=\"Movil Multisilla\" width=\"19\" height=\"19\" style=\" margin-right: 9px;padding: 5px 0;\"\/>91 637 28 81<\/a><\/strong><br \/><strong> <a style=\"color: #494949;\" title=\"91 637 28 81\" href=\"https:\/\/api.whatsapp.com\/send?phone=34673602973\"><img loading=\"lazy\" decoding=\"async\" title=\"673 60 29 73\" src=\"https:\/\/www.multisilla.com\/wp-content\/uploads\/icono-whatsapp-vgris.png\" alt=\"673 60 29 73\" width=\"30\" height=\"27\" \/>WhatsApp<\/a><\/strong><\/p>\n\t\t<\/div>\n\t\t\t\t\n<style>\n#col-226160317 > .col-inner {\n  padding: 27px 0px 0px 0px;\n}\n<\/style>\n\t<\/div>\n\n\t\n\n\t<div id=\"col-1093610968\" class=\"col hide-for-medium medium-1 small-12 large-1\"  >\n\t\t\t\t<div class=\"col-inner\"  >\n\t\t\t\n\t\t\t\n\t\t<\/div>\n\t\t\t\t\t<\/div>\n\n\t\n<\/div>\n","protected":false},"excerpt":{"rendered":"","protected":false},"author":1,"featured_media":0,"parent":0,"menu_order":0,"comment_status":"closed","ping_status":"closed","template":"","meta":{"footnotes":""},"class_list":["post-4179","page","type-page","status-publish","hentry"],"yoast_head":"<!-- This site is optimized with the Yoast SEO plugin v23.1 - https:\/\/yoast.com\/wordpress\/plugins\/seo\/ -->\n<title>Quienes Somos - Sillas de Oficina y Bar<\/title>\n<meta name=\"robots\" content=\"index, follow, max-snippet:-1, max-image-preview:large, max-video-preview:-1\" \/>\n<link rel=\"canonical\" href=\"https:\/\/www.multisilla.com\/mobiliario-hosteleria\/quienes-somos\/\" \/>\n<meta property=\"og:locale\" content=\"es_ES\" \/>\n<meta property=\"og:type\" content=\"article\" \/>\n<meta property=\"og:title\" content=\"Quienes Somos - Sillas de Oficina y Bar\" \/>\n<meta property=\"og:url\" content=\"https:\/\/www.multisilla.com\/mobiliario-hosteleria\/quienes-somos\/\" \/>\n<meta property=\"og:site_name\" content=\"Sillas de Oficina y Bar\" \/>\n<meta property=\"article:modified_time\" content=\"2024-11-05T09:53:55+00:00\" \/>\n<meta property=\"og:image\" content=\"https:\/\/www.multisilla.com\/mobiliario-hosteleria\/wp-content\/uploads\/phone-negro.png\" \/>\n<meta name=\"twitter:card\" content=\"summary_large_image\" \/>\n<meta name=\"twitter:label1\" content=\"Tiempo de lectura\" \/>\n\t<meta name=\"twitter:data1\" content=\"2 minutos\" \/>\n<script type=\"application\/ld+json\" class=\"yoast-schema-graph\">{\"@context\":\"https:\/\/schema.org\",\"@graph\":[{\"@type\":\"WebPage\",\"@id\":\"https:\/\/www.multisilla.com\/mobiliario-hosteleria\/quienes-somos\/\",\"url\":\"https:\/\/www.multisilla.com\/mobiliario-hosteleria\/quienes-somos\/\",\"name\":\"Quienes Somos - Sillas de Oficina y Bar\",\"isPartOf\":{\"@id\":\"https:\/\/www.multisilla.com\/mobiliario-hosteleria\/#website\"},\"primaryImageOfPage\":{\"@id\":\"https:\/\/www.multisilla.com\/mobiliario-hosteleria\/quienes-somos\/#primaryimage\"},\"image\":{\"@id\":\"https:\/\/www.multisilla.com\/mobiliario-hosteleria\/quienes-somos\/#primaryimage\"},\"thumbnailUrl\":\"https:\/\/www.multisilla.com\/mobiliario-hosteleria\/wp-content\/uploads\/phone-negro.png\",\"datePublished\":\"2017-07-05T11:55:32+00:00\",\"dateModified\":\"2024-11-05T09:53:55+00:00\",\"breadcrumb\":{\"@id\":\"https:\/\/www.multisilla.com\/mobiliario-hosteleria\/quienes-somos\/#breadcrumb\"},\"inLanguage\":\"es\",\"potentialAction\":[{\"@type\":\"ReadAction\",\"target\":[\"https:\/\/www.multisilla.com\/mobiliario-hosteleria\/quienes-somos\/\"]}]},{\"@type\":\"ImageObject\",\"inLanguage\":\"es\",\"@id\":\"https:\/\/www.multisilla.com\/mobiliario-hosteleria\/quienes-somos\/#primaryimage\",\"url\":\"https:\/\/www.multisilla.com\/mobiliario-hosteleria\/wp-content\/uploads\/phone-negro.png\",\"contentUrl\":\"https:\/\/www.multisilla.com\/mobiliario-hosteleria\/wp-content\/uploads\/phone-negro.png\",\"width\":32,\"height\":32},{\"@type\":\"BreadcrumbList\",\"@id\":\"https:\/\/www.multisilla.com\/mobiliario-hosteleria\/quienes-somos\/#breadcrumb\",\"itemListElement\":[{\"@type\":\"ListItem\",\"position\":1,\"name\":\"Portada\",\"item\":\"https:\/\/www.multisilla.com\/mobiliario-hosteleria\/\"},{\"@type\":\"ListItem\",\"position\":2,\"name\":\"Quienes Somos\"}]},{\"@type\":\"WebSite\",\"@id\":\"https:\/\/www.multisilla.com\/mobiliario-hosteleria\/#website\",\"url\":\"https:\/\/www.multisilla.com\/mobiliario-hosteleria\/\",\"name\":\"Sillas de Oficina y Bar\",\"description\":\"El Especialista en Sillas, Mesas y Taburetes\",\"publisher\":{\"@id\":\"https:\/\/www.multisilla.com\/mobiliario-hosteleria\/#organization\"},\"potentialAction\":[{\"@type\":\"SearchAction\",\"target\":{\"@type\":\"EntryPoint\",\"urlTemplate\":\"https:\/\/www.multisilla.com\/mobiliario-hosteleria\/?s={search_term_string}\"},\"query-input\":\"required name=search_term_string\"}],\"inLanguage\":\"es\"},{\"@type\":\"Organization\",\"@id\":\"https:\/\/www.multisilla.com\/mobiliario-hosteleria\/#organization\",\"name\":\"Multisilla\",\"url\":\"https:\/\/www.multisilla.com\/mobiliario-hosteleria\/\",\"logo\":{\"@type\":\"ImageObject\",\"inLanguage\":\"es\",\"@id\":\"https:\/\/www.multisilla.com\/mobiliario-hosteleria\/#\/schema\/logo\/image\/\",\"url\":\"https:\/\/www.multisilla.com\/mobiliario-hosteleria\/wp-content\/uploads\/logo-multisilla-nuevo-taburetes.png\",\"contentUrl\":\"https:\/\/www.multisilla.com\/mobiliario-hosteleria\/wp-content\/uploads\/logo-multisilla-nuevo-taburetes.png\",\"width\":240,\"height\":92,\"caption\":\"Multisilla\"},\"image\":{\"@id\":\"https:\/\/www.multisilla.com\/mobiliario-hosteleria\/#\/schema\/logo\/image\/\"}}]}<\/script>\n<!-- \/ Yoast SEO plugin. -->","yoast_head_json":{"title":"Quienes Somos - Sillas de Oficina y Bar","robots":{"index":"index","follow":"follow","max-snippet":"max-snippet:-1","max-image-preview":"max-image-preview:large","max-video-preview":"max-video-preview:-1"},"canonical":"https:\/\/www.multisilla.com\/mobiliario-hosteleria\/quienes-somos\/","og_locale":"es_ES","og_type":"article","og_title":"Quienes Somos - Sillas de Oficina y Bar","og_url":"https:\/\/www.multisilla.com\/mobiliario-hosteleria\/quienes-somos\/","og_site_name":"Sillas de Oficina y Bar","article_modified_time":"2024-11-05T09:53:55+00:00","og_image":[{"url":"https:\/\/www.multisilla.com\/mobiliario-hosteleria\/wp-content\/uploads\/phone-negro.png"}],"twitter_card":"summary_large_image","twitter_misc":{"Tiempo de lectura":"2 minutos"},"schema":{"@context":"https:\/\/schema.org","@graph":[{"@type":"WebPage","@id":"https:\/\/www.multisilla.com\/mobiliario-hosteleria\/quienes-somos\/","url":"https:\/\/www.multisilla.com\/mobiliario-hosteleria\/quienes-somos\/","name":"Quienes Somos - Sillas de Oficina y Bar","isPartOf":{"@id":"https:\/\/www.multisilla.com\/mobiliario-hosteleria\/#website"},"primaryImageOfPage":{"@id":"https:\/\/www.multisilla.com\/mobiliario-hosteleria\/quienes-somos\/#primaryimage"},"image":{"@id":"https:\/\/www.multisilla.com\/mobiliario-hosteleria\/quienes-somos\/#primaryimage"},"thumbnailUrl":"https:\/\/www.multisilla.com\/mobiliario-hosteleria\/wp-content\/uploads\/phone-negro.png","datePublished":"2017-07-05T11:55:32+00:00","dateModified":"2024-11-05T09:53:55+00:00","breadcrumb":{"@id":"https:\/\/www.multisilla.com\/mobiliario-hosteleria\/quienes-somos\/#breadcrumb"},"inLanguage":"es","potentialAction":[{"@type":"ReadAction","target":["https:\/\/www.multisilla.com\/mobiliario-hosteleria\/quienes-somos\/"]}]},{"@type":"ImageObject","inLanguage":"es","@id":"https:\/\/www.multisilla.com\/mobiliario-hosteleria\/quienes-somos\/#primaryimage","url":"https:\/\/www.multisilla.com\/mobiliario-hosteleria\/wp-content\/uploads\/phone-negro.png","contentUrl":"https:\/\/www.multisilla.com\/mobiliario-hosteleria\/wp-content\/uploads\/phone-negro.png","width":32,"height":32},{"@type":"BreadcrumbList","@id":"https:\/\/www.multisilla.com\/mobiliario-hosteleria\/quienes-somos\/#breadcrumb","itemListElement":[{"@type":"ListItem","position":1,"name":"Portada","item":"https:\/\/www.multisilla.com\/mobiliario-hosteleria\/"},{"@type":"ListItem","position":2,"name":"Quienes Somos"}]},{"@type":"WebSite","@id":"https:\/\/www.multisilla.com\/mobiliario-hosteleria\/#website","url":"https:\/\/www.multisilla.com\/mobiliario-hosteleria\/","name":"Sillas de Oficina y Bar","description":"El Especialista en Sillas, Mesas y Taburetes","publisher":{"@id":"https:\/\/www.multisilla.com\/mobiliario-hosteleria\/#organization"},"potentialAction":[{"@type":"SearchAction","target":{"@type":"EntryPoint","urlTemplate":"https:\/\/www.multisilla.com\/mobiliario-hosteleria\/?s={search_term_string}"},"query-input":"required name=search_term_string"}],"inLanguage":"es"},{"@type":"Organization","@id":"https:\/\/www.multisilla.com\/mobiliario-hosteleria\/#organization","name":"Multisilla","url":"https:\/\/www.multisilla.com\/mobiliario-hosteleria\/","logo":{"@type":"ImageObject","inLanguage":"es","@id":"https:\/\/www.multisilla.com\/mobiliario-hosteleria\/#\/schema\/logo\/image\/","url":"https:\/\/www.multisilla.com\/mobiliario-hosteleria\/wp-content\/uploads\/logo-multisilla-nuevo-taburetes.png","contentUrl":"https:\/\/www.multisilla.com\/mobiliario-hosteleria\/wp-content\/uploads\/logo-multisilla-nuevo-taburetes.png","width":240,"height":92,"caption":"Multisilla"},"image":{"@id":"https:\/\/www.multisilla.com\/mobiliario-hosteleria\/#\/schema\/logo\/image\/"}}]}},"_links":{"self":[{"href":"https:\/\/www.multisilla.com\/mobiliario-hosteleria\/wp-json\/wp\/v2\/pages\/4179"}],"collection":[{"href":"https:\/\/www.multisilla.com\/mobiliario-hosteleria\/wp-json\/wp\/v2\/pages"}],"about":[{"href":"https:\/\/www.multisilla.com\/mobiliario-hosteleria\/wp-json\/wp\/v2\/types\/page"}],"author":[{"embeddable":true,"href":"https:\/\/www.multisilla.com\/mobiliario-hosteleria\/wp-json\/wp\/v2\/users\/1"}],"replies":[{"embeddable":true,"href":"https:\/\/www.multisilla.com\/mobiliario-hosteleria\/wp-json\/wp\/v2\/comments?post=4179"}],"version-history":[{"count":0,"href":"https:\/\/www.multisilla.com\/mobiliario-hosteleria\/wp-json\/wp\/v2\/pages\/4179\/revisions"}],"wp:attachment":[{"href":"https:\/\/www.multisilla.com\/mobiliario-hosteleria\/wp-json\/wp\/v2\/media?parent=4179"}],"curies":[{"name":"wp","href":"https:\/\/api.w.org\/{rel}","templated":true}]}}