{"id":4208,"date":"2017-07-06T15:00:32","date_gmt":"2017-07-06T13:00:32","guid":{"rendered":"https:\/\/multisilla.com\/multisilla-profesional\/?page_id=4208"},"modified":"2020-10-08T09:44:08","modified_gmt":"2020-10-08T07:44:08","slug":"politica-de-privacidad","status":"publish","type":"page","link":"https:\/\/www.multisilla.com\/mobiliario-hosteleria\/politica-de-privacidad\/","title":{"rendered":"Politica de Privacidad"},"content":{"rendered":"<div class=\"row\"  id=\"row-1196523482\">\n\n\t<div id=\"col-1860928690\" class=\"col medium-9 small-12 large-9\"  >\n\t\t\t\t<div class=\"col-inner\"  >\n\t\t\t\n\t\t\t\n<h1><b>POL\u00cdTICA<\/b><strong>\u00a0DE PRIVACIDAD<\/strong><\/h1>\n\t\t<\/div>\n\t\t\t\t\t<\/div>\n\n\t\n\n\t<div id=\"col-1933293650\" class=\"col medium-3 small-12 large-3\"  >\n\t\t\t\t<div class=\"col-inner\"  >\n\t\t\t\n\t\t\t\n<p style=\"text-align: right;\"><a href=\"https:\/\/www.multisilla.com\/mobiliario-hosteleria\/wp-content\/uploads\/POLITICA-PRIVACIDAD.pdf\" target=\"_blank\" rel=\"noopener noreferrer\">Descargar Pol\u00edtica<\/a><\/p>\n\t\t<\/div>\n\t\t\t\t\t<\/div>\n\n\t\n\n<style>\n#row-1196523482 > .col > .col-inner {\n  padding: 30px 0px 0px 0px;\n}\n<\/style>\n<\/div>\n<p><u>1. DATOS IDENTIFICATIVOS<\/u><\/p>\n<p>MULTISILLA S.L., en adelante RESPONSABLE, es el Responsable del tratamiento de los datos\u00a0personales del Usuario y le informa que estos datos ser\u00e1n tratados de conformidad con lo dispuesto en\u00a0el Reglamento (UE) 2016\/679 de 27 de abril (GDPR) y la Ley Org\u00e1nica 3\/2018 de 5 de diciembre\u00a0(LOPDGDD), por lo que se le facilita la siguiente informaci\u00f3n del tratamiento:<\/p>\n<p><strong>Fin del tratamiento<\/strong>: mantener una relaci\u00f3n comercial con el Usuario. Las operaciones previstas para\u00a0realizar el tratamiento son:<\/p>\n<ul>\n<li>Remisi\u00f3n de comunicaciones comerciales publicitarias por email, fax, SMS, MMS,\u00a0comunidades sociales o cualquier otro medio electr\u00f3nico o f\u00edsico, presente o futuro, que posibilite realizar comunicaciones comerciales. Estas comunicaciones ser\u00e1n realizadas por el\u00a0RESPONSABLE y relacionadas sobre sus productos y servicios, o de sus colaboradores o\u00a0proveedores con los que \u00e9ste haya alcanzado alg\u00fan acuerdo de promoci\u00f3n. En este caso, los\u00a0terceros nunca tendr\u00e1n acceso a los datos personales.<\/li>\n<li>Realizar estudios estad\u00edsticos.<\/li>\n<li>Tramitar encargos, solicitudes o cualquier tipo de petici\u00f3n que sea realizada por el usuario a\u00a0trav\u00e9s de cualquiera de las formas de contacto que se ponen a su disposici\u00f3n.<\/li>\n<li>Remitir el bolet\u00edn de noticias de la p\u00e1gina web.<\/li>\n<\/ul>\n<p><strong>Datos del usuario que tratar\u00e1 Multisilla:<\/strong><\/p>\n<ul>\n<li>Datos identificativos: nombre, apellidos, documento nacional de identidad o n\u00famero de identidad de extranjero e imagen.<\/li>\n<li>Datos de contacto: domicilio, tel\u00e9fono fijo, tel\u00e9fono m\u00f3vil, direcci\u00f3n de correo electr\u00f3nico.<\/li>\n<li>Datos de caracter\u00edsticas personales: fecha de nacimiento, edad, sexo, nacionalidad.<\/li>\n<li>Datos bancarios: n\u00famero de cuenta, titular, mandato SEPA, as\u00ed como datos de la tarjeta con que se efect\u00faa el pago del pedido realizado.<\/li>\n<li>Datos econ\u00f3micos, financieros y de seguros: ingresos y rentas.<\/li>\n<li>Datos de navegaci\u00f3n: Datos relativos a la navegaci\u00f3n del usuario por el sitio Web de Multisilla.<\/li>\n<li>Otros datos: datos facilitados por los propios interesados en los campos abiertos de los formularios dispuestos en el Sitio Web.<\/li>\n<\/ul>\n<p>En caso de que el usuario facilite datos de terceros, manifiesta contar con el consentimiento de los mismos y se compromete a trasladar al interesado, titular de dichos datos, la informaci\u00f3n contenida en la Pol\u00edtica de Privacidad, eximiendo a MULTISILLA de cualquier responsabilidad en este sentido. No obstante, MULTISILLA podr\u00e1 llevar a cabo las verificaciones necesarias para constatar este hecho, adoptando las medidas de diligencia debida que correspondan, conforme a la normativa de protecci\u00f3n de datos.<\/p>\n<p><strong>Criterios de conservaci\u00f3n de los datos<\/strong>: Los datos personales proporcionados se conservar\u00e1n mientras se mantenga la relaci\u00f3n comercial o no solicites su supresi\u00f3n y durante el plazo por el cual pudieran derivarse responsabilidades legales por los servicios prestados.<\/p>\n<p><strong>Comunicaci\u00f3n de los datos<\/strong>: no se comunicar\u00e1n los datos a terceros, salvo obligaci\u00f3n legal.<\/p>\n<p><strong>Derechos que asisten al Usuario<\/strong>:<\/p>\n<ul>\n<li>Derecho a retirar el consentimiento en cualquier momento.<\/li>\n<li>Derecho de acceso, rectificaci\u00f3n, portabilidad y supresi\u00f3n de sus datos y a la limitaci\u00f3n u\u00a0oposici\u00f3n al su tratamiento.<\/li>\n<li>Derecho a presentar una reclamaci\u00f3n ante la autoridad de control (www.aepd.es) si considera\u00a0que el tratamiento no se ajusta a la normativa vigente.<\/li>\n<\/ul>\n<p><strong>Datos de contacto para ejercer sus derechos<\/strong>:<br \/>\nMULTISILLA S.L.. C\/ Tur\u00edn, 26 &#8211; B &#8211; 28232 LAS ROZAS (Madrid). Email: info@multisilla.com<\/p>\n<p><u>2. CAR\u00c1CTER OBLIGATORIO O FACULTATIVO DE LA INFORMACI\u00d3N FACILITADA POR EL\u00a0USUARIO<\/u><\/p>\n<p>Los Usuarios, mediante la marcaci\u00f3n de las casillas correspondientes y entrada de datos en los\u00a0campos, marcados con un asterisco (*) en el formulario de contacto o presentados en formularios de\u00a0descarga, aceptan expresamente y de forma libre e inequ\u00edvoca, que sus datos son necesarios para\u00a0atender su petici\u00f3n, por parte del prestador, siendo voluntaria la inclusi\u00f3n de datos en los campos\u00a0restantes. El Usuario garantiza que los datos personales facilitados al RESPONSABLE son veraces y\u00a0se hace responsable de comunicar cualquier modificaci\u00f3n de los mismos.<\/p>\n<p>El RESPONSABLE informa y garantiza expresamente a los usuarios que sus datos personales no\u00a0ser\u00e1n cedidos en ning\u00fan caso a terceros, y que siempre que realizara alg\u00fan tipo de cesi\u00f3n de datos\u00a0personales, se pedir\u00e1 previamente el consentimiento expreso, informado e inequ\u00edvoco por parte los\u00a0Usuarios. Todos los datos solicitados a trav\u00e9s del sitio web son obligatorios, ya que son necesarios\u00a0para la prestaci\u00f3n de un servicio \u00f3ptimo al Usuario. En caso de que no sean facilitados todos los datos,\u00a0no se garantiza que la informaci\u00f3n y servicios facilitados sean completamente ajustados a sus\u00a0necesidades.<\/p>\n<p><u>3. MEDIDAS DE SEGURIDAD<\/u><\/p>\n<p>Que de conformidad con lo dispuesto en las normativas vigentes en protecci\u00f3n de datos personales, el\u00a0RESPONSABLE est\u00e1 cumpliendo con todas las disposiciones de las normativas GDPR para el\u00a0tratamiento de los datos personales de su responsabilidad, y manifiestamente con los principios\u00a0descritos en el art\u00edculo 5 del GDPR, por los cuales son tratados de manera l\u00edcita, leal y transparente en\u00a0relaci\u00f3n con el interesado y adecuados, pertinentes y limitados a lo necesario en relaci\u00f3n con los fines\u00a0para los que son tratados.<\/p>\n<p>El RESPONSABLE garantiza que ha implementado pol\u00edticas t\u00e9cnicas y organizativas apropiadas para\u00a0aplicar las medidas de seguridad que establecen el GDPR con el fin de proteger los derechos y\u00a0libertades de los Usuarios y les ha comunicado la informaci\u00f3n adecuada para que puedan ejercerlos.<\/p>\n","protected":false},"excerpt":{"rendered":"","protected":false},"author":1,"featured_media":0,"parent":0,"menu_order":0,"comment_status":"closed","ping_status":"closed","template":"","meta":{"footnotes":""},"class_list":["post-4208","page","type-page","status-publish","hentry"],"yoast_head":"<!-- This site is optimized with the Yoast SEO plugin v23.1 - https:\/\/yoast.com\/wordpress\/plugins\/seo\/ -->\n<title>Politica de Privacidad - Sillas de Oficina y Bar<\/title>\n<meta name=\"robots\" content=\"noindex, follow\" \/>\n<meta property=\"og:locale\" content=\"es_ES\" \/>\n<meta property=\"og:type\" content=\"article\" \/>\n<meta property=\"og:title\" content=\"Politica de Privacidad - Sillas de Oficina y Bar\" \/>\n<meta property=\"og:url\" content=\"https:\/\/www.multisilla.com\/mobiliario-hosteleria\/politica-de-privacidad\/\" \/>\n<meta property=\"og:site_name\" content=\"Sillas de Oficina y Bar\" \/>\n<meta property=\"article:modified_time\" content=\"2020-10-08T07:44:08+00:00\" \/>\n<meta name=\"twitter:card\" content=\"summary_large_image\" \/>\n<meta name=\"twitter:label1\" content=\"Tiempo de lectura\" \/>\n\t<meta name=\"twitter:data1\" content=\"5 minutos\" \/>\n<script type=\"application\/ld+json\" class=\"yoast-schema-graph\">{\"@context\":\"https:\/\/schema.org\",\"@graph\":[{\"@type\":\"WebPage\",\"@id\":\"https:\/\/www.multisilla.com\/mobiliario-hosteleria\/politica-de-privacidad\/\",\"url\":\"https:\/\/www.multisilla.com\/mobiliario-hosteleria\/politica-de-privacidad\/\",\"name\":\"Politica de Privacidad - Sillas de Oficina y Bar\",\"isPartOf\":{\"@id\":\"https:\/\/www.multisilla.com\/mobiliario-hosteleria\/#website\"},\"datePublished\":\"2017-07-06T13:00:32+00:00\",\"dateModified\":\"2020-10-08T07:44:08+00:00\",\"breadcrumb\":{\"@id\":\"https:\/\/www.multisilla.com\/mobiliario-hosteleria\/politica-de-privacidad\/#breadcrumb\"},\"inLanguage\":\"es\",\"potentialAction\":[{\"@type\":\"ReadAction\",\"target\":[\"https:\/\/www.multisilla.com\/mobiliario-hosteleria\/politica-de-privacidad\/\"]}]},{\"@type\":\"BreadcrumbList\",\"@id\":\"https:\/\/www.multisilla.com\/mobiliario-hosteleria\/politica-de-privacidad\/#breadcrumb\",\"itemListElement\":[{\"@type\":\"ListItem\",\"position\":1,\"name\":\"Portada\",\"item\":\"https:\/\/www.multisilla.com\/mobiliario-hosteleria\/\"},{\"@type\":\"ListItem\",\"position\":2,\"name\":\"Politica de Privacidad\"}]},{\"@type\":\"WebSite\",\"@id\":\"https:\/\/www.multisilla.com\/mobiliario-hosteleria\/#website\",\"url\":\"https:\/\/www.multisilla.com\/mobiliario-hosteleria\/\",\"name\":\"Sillas de Oficina y Bar\",\"description\":\"El Especialista en Sillas, Mesas y Taburetes\",\"publisher\":{\"@id\":\"https:\/\/www.multisilla.com\/mobiliario-hosteleria\/#organization\"},\"potentialAction\":[{\"@type\":\"SearchAction\",\"target\":{\"@type\":\"EntryPoint\",\"urlTemplate\":\"https:\/\/www.multisilla.com\/mobiliario-hosteleria\/?s={search_term_string}\"},\"query-input\":\"required name=search_term_string\"}],\"inLanguage\":\"es\"},{\"@type\":\"Organization\",\"@id\":\"https:\/\/www.multisilla.com\/mobiliario-hosteleria\/#organization\",\"name\":\"Multisilla\",\"url\":\"https:\/\/www.multisilla.com\/mobiliario-hosteleria\/\",\"logo\":{\"@type\":\"ImageObject\",\"inLanguage\":\"es\",\"@id\":\"https:\/\/www.multisilla.com\/mobiliario-hosteleria\/#\/schema\/logo\/image\/\",\"url\":\"https:\/\/www.multisilla.com\/mobiliario-hosteleria\/wp-content\/uploads\/logo-multisilla-nuevo-taburetes.png\",\"contentUrl\":\"https:\/\/www.multisilla.com\/mobiliario-hosteleria\/wp-content\/uploads\/logo-multisilla-nuevo-taburetes.png\",\"width\":240,\"height\":92,\"caption\":\"Multisilla\"},\"image\":{\"@id\":\"https:\/\/www.multisilla.com\/mobiliario-hosteleria\/#\/schema\/logo\/image\/\"}}]}<\/script>\n<!-- \/ Yoast SEO plugin. -->","yoast_head_json":{"title":"Politica de Privacidad - Sillas de Oficina y Bar","robots":{"index":"noindex","follow":"follow"},"og_locale":"es_ES","og_type":"article","og_title":"Politica de Privacidad - Sillas de Oficina y Bar","og_url":"https:\/\/www.multisilla.com\/mobiliario-hosteleria\/politica-de-privacidad\/","og_site_name":"Sillas de Oficina y Bar","article_modified_time":"2020-10-08T07:44:08+00:00","twitter_card":"summary_large_image","twitter_misc":{"Tiempo de lectura":"5 minutos"},"schema":{"@context":"https:\/\/schema.org","@graph":[{"@type":"WebPage","@id":"https:\/\/www.multisilla.com\/mobiliario-hosteleria\/politica-de-privacidad\/","url":"https:\/\/www.multisilla.com\/mobiliario-hosteleria\/politica-de-privacidad\/","name":"Politica de Privacidad - Sillas de Oficina y Bar","isPartOf":{"@id":"https:\/\/www.multisilla.com\/mobiliario-hosteleria\/#website"},"datePublished":"2017-07-06T13:00:32+00:00","dateModified":"2020-10-08T07:44:08+00:00","breadcrumb":{"@id":"https:\/\/www.multisilla.com\/mobiliario-hosteleria\/politica-de-privacidad\/#breadcrumb"},"inLanguage":"es","potentialAction":[{"@type":"ReadAction","target":["https:\/\/www.multisilla.com\/mobiliario-hosteleria\/politica-de-privacidad\/"]}]},{"@type":"BreadcrumbList","@id":"https:\/\/www.multisilla.com\/mobiliario-hosteleria\/politica-de-privacidad\/#breadcrumb","itemListElement":[{"@type":"ListItem","position":1,"name":"Portada","item":"https:\/\/www.multisilla.com\/mobiliario-hosteleria\/"},{"@type":"ListItem","position":2,"name":"Politica de Privacidad"}]},{"@type":"WebSite","@id":"https:\/\/www.multisilla.com\/mobiliario-hosteleria\/#website","url":"https:\/\/www.multisilla.com\/mobiliario-hosteleria\/","name":"Sillas de Oficina y Bar","description":"El Especialista en Sillas, Mesas y Taburetes","publisher":{"@id":"https:\/\/www.multisilla.com\/mobiliario-hosteleria\/#organization"},"potentialAction":[{"@type":"SearchAction","target":{"@type":"EntryPoint","urlTemplate":"https:\/\/www.multisilla.com\/mobiliario-hosteleria\/?s={search_term_string}"},"query-input":"required name=search_term_string"}],"inLanguage":"es"},{"@type":"Organization","@id":"https:\/\/www.multisilla.com\/mobiliario-hosteleria\/#organization","name":"Multisilla","url":"https:\/\/www.multisilla.com\/mobiliario-hosteleria\/","logo":{"@type":"ImageObject","inLanguage":"es","@id":"https:\/\/www.multisilla.com\/mobiliario-hosteleria\/#\/schema\/logo\/image\/","url":"https:\/\/www.multisilla.com\/mobiliario-hosteleria\/wp-content\/uploads\/logo-multisilla-nuevo-taburetes.png","contentUrl":"https:\/\/www.multisilla.com\/mobiliario-hosteleria\/wp-content\/uploads\/logo-multisilla-nuevo-taburetes.png","width":240,"height":92,"caption":"Multisilla"},"image":{"@id":"https:\/\/www.multisilla.com\/mobiliario-hosteleria\/#\/schema\/logo\/image\/"}}]}},"_links":{"self":[{"href":"https:\/\/www.multisilla.com\/mobiliario-hosteleria\/wp-json\/wp\/v2\/pages\/4208"}],"collection":[{"href":"https:\/\/www.multisilla.com\/mobiliario-hosteleria\/wp-json\/wp\/v2\/pages"}],"about":[{"href":"https:\/\/www.multisilla.com\/mobiliario-hosteleria\/wp-json\/wp\/v2\/types\/page"}],"author":[{"embeddable":true,"href":"https:\/\/www.multisilla.com\/mobiliario-hosteleria\/wp-json\/wp\/v2\/users\/1"}],"replies":[{"embeddable":true,"href":"https:\/\/www.multisilla.com\/mobiliario-hosteleria\/wp-json\/wp\/v2\/comments?post=4208"}],"version-history":[{"count":0,"href":"https:\/\/www.multisilla.com\/mobiliario-hosteleria\/wp-json\/wp\/v2\/pages\/4208\/revisions"}],"wp:attachment":[{"href":"https:\/\/www.multisilla.com\/mobiliario-hosteleria\/wp-json\/wp\/v2\/media?parent=4208"}],"curies":[{"name":"wp","href":"https:\/\/api.w.org\/{rel}","templated":true}]}}