{"id":10274,"date":"2018-02-26T13:29:42","date_gmt":"2018-02-26T11:29:42","guid":{"rendered":"https:\/\/multisilla.com\/multisilla-profesional\/?post_type=product&#038;p=10274"},"modified":"2025-04-04T12:42:02","modified_gmt":"2025-04-04T11:42:02","slug":"mesa-hosteleria-25-4870-cuadrada","status":"publish","type":"product","link":"https:\/\/www.multisilla.com\/mobiliario-hosteleria\/catalogo\/mobiliario-interior\/mesas\/mesa-hosteleria-25-4870-cuadrada\/","title":{"rendered":"Mesa Hosteler\u00eda 25-4870 cuadrada"},"content":{"rendered":"<p>Mesa de hosteler\u00eda 25-4870. Pie central con estructura de acero pintado en negro, columna redonda acabado en cuatro apoyos, tapa cuadrada de melamina regruesado, compact, solo, melamina gama studio. Tambi\u00e9n puedes encontrar la versi\u00f3n con tapa redonda.<\/p>\n<p>Medidas:<\/p>\n<p>Cuadrada: \/ 60&#215;60 \/ 70&#215;70 \/ \/80&#215;80 \/90&#215;90<\/p>\n<p>Redonda: \u00d870 \/ \u00d880 \/ \u00d890<\/p>\n<p>Art\u00edculo en entrega express de 3-12 d\u00edas<\/p>\n<p>Precio indicado para un pedido m\u00ednimo o superior a 10 unidades, modelo indicado con tapa de 60&#215;60 en acabado melamina regruesado.<\/p>\n<p><span class=\"grispeque\">*Los precios indicados en la pagina pueden sufrir un incremento por el coste del transporte, que se calcular\u00e1 en cada caso dependiendo del c\u00f3digo postal y de la cantidad de art\u00edculos solicitados. <\/span> <span class=\"grispeque\">* Precio sujeto a que el producto est\u00e9 en stock, debido al constante aumento del coste de materias primas y transporte. En tal caso se informar\u00e1 de dichos cambios a la hora de dar el presupuesto definitivo y siempre antes de la formalizaci\u00f3n.<\/span><\/p>\n","protected":false},"excerpt":{"rendered":"<h4><span style=\"color: #e2462f;\"><strong>OFERTA!<\/strong><\/span><\/h4>\n<p><img loading=\"lazy\" decoding=\"async\" class=\"pigimgstock\" src=\"https:\/\/www.multisilla.com\/mobiliario-hosteleria\/wp-content\/uploads\/stock-hosteleria.webp\" alt=\"en stock multisilla hosteleria\" width=\"85\" height=\"23\" \/><\/p>\n<p style=\"font-size: 0px\">mesa milano cuadrada acero negro reyma<\/p>\n","protected":false},"featured_media":13366,"template":"","meta":[],"product_cat":[700,11,659,660],"product_tag":[291,725],"class_list":["post-10274","product","type-product","status-publish","has-post-thumbnail","hentry","product_cat-cat-no-ventaonline","product_cat-mesas","product_cat-ofertas","product_cat-novedades","product_tag-no-ventaonline","product_tag-stock","pa_altura-mesas-normal-75-cm","pa_estructura-mesas-metalica","pa_forma-redonda","pa_forma-cuadrada","pa_marca-reyma","pa_plazo-entrega-express","pa_tapa-mesas-melamina","pa_tapa-mesas-compacto","pa_tapa-mesas-werzalit","pa_tipo-mesas-pie-central"],"yoast_head":"<!-- This site is optimized with the Yoast SEO plugin v23.1 - https:\/\/yoast.com\/wordpress\/plugins\/seo\/ -->\n<title>Mesa Hosteler\u00eda 25-4870 cuadrada - Sillas de Oficina y Bar<\/title>\n<meta name=\"robots\" content=\"index, follow, max-snippet:-1, max-image-preview:large, max-video-preview:-1\" \/>\n<link rel=\"canonical\" href=\"https:\/\/www.multisilla.com\/mobiliario-hosteleria\/catalogo\/mobiliario-interior\/mesas\/mesa-hosteleria-25-4870-cuadrada\/\" \/>\n<meta property=\"og:locale\" content=\"es_ES\" \/>\n<meta property=\"og:type\" content=\"article\" \/>\n<meta property=\"og:title\" content=\"Mesa Hosteler\u00eda 25-4870 cuadrada - Sillas de Oficina y Bar\" \/>\n<meta property=\"og:description\" content=\"OFERTA!  mesa milano cuadrada acero negro reyma\" \/>\n<meta property=\"og:url\" content=\"https:\/\/www.multisilla.com\/mobiliario-hosteleria\/catalogo\/mobiliario-interior\/mesas\/mesa-hosteleria-25-4870-cuadrada\/\" \/>\n<meta property=\"og:site_name\" content=\"Sillas de Oficina y Bar\" \/>\n<meta property=\"article:modified_time\" content=\"2025-04-04T11:42:02+00:00\" \/>\n<meta property=\"og:image\" content=\"https:\/\/www.multisilla.com\/mobiliario-hosteleria\/wp-content\/uploads\/Mesa-Milano-Cuadrada-previa..jpg\" \/>\n\t<meta property=\"og:image:width\" content=\"719\" \/>\n\t<meta property=\"og:image:height\" content=\"719\" \/>\n\t<meta property=\"og:image:type\" content=\"image\/jpeg\" \/>\n<meta name=\"twitter:card\" content=\"summary_large_image\" \/>\n<meta name=\"twitter:label1\" content=\"Tiempo de lectura\" \/>\n\t<meta name=\"twitter:data1\" content=\"1 minuto\" \/>\n<script type=\"application\/ld+json\" class=\"yoast-schema-graph\">{\"@context\":\"https:\/\/schema.org\",\"@graph\":[{\"@type\":\"WebPage\",\"@id\":\"https:\/\/www.multisilla.com\/mobiliario-hosteleria\/catalogo\/mobiliario-interior\/mesas\/mesa-hosteleria-25-4870-cuadrada\/\",\"url\":\"https:\/\/www.multisilla.com\/mobiliario-hosteleria\/catalogo\/mobiliario-interior\/mesas\/mesa-hosteleria-25-4870-cuadrada\/\",\"name\":\"Mesa Hosteler\u00eda 25-4870 cuadrada - Sillas de Oficina y Bar\",\"isPartOf\":{\"@id\":\"https:\/\/www.multisilla.com\/mobiliario-hosteleria\/#website\"},\"primaryImageOfPage\":{\"@id\":\"https:\/\/www.multisilla.com\/mobiliario-hosteleria\/catalogo\/mobiliario-interior\/mesas\/mesa-hosteleria-25-4870-cuadrada\/#primaryimage\"},\"image\":{\"@id\":\"https:\/\/www.multisilla.com\/mobiliario-hosteleria\/catalogo\/mobiliario-interior\/mesas\/mesa-hosteleria-25-4870-cuadrada\/#primaryimage\"},\"thumbnailUrl\":\"https:\/\/www.multisilla.com\/mobiliario-hosteleria\/wp-content\/uploads\/Mesa-Milano-Cuadrada-previa..jpg\",\"datePublished\":\"2018-02-26T11:29:42+00:00\",\"dateModified\":\"2025-04-04T11:42:02+00:00\",\"breadcrumb\":{\"@id\":\"https:\/\/www.multisilla.com\/mobiliario-hosteleria\/catalogo\/mobiliario-interior\/mesas\/mesa-hosteleria-25-4870-cuadrada\/#breadcrumb\"},\"inLanguage\":\"es\",\"potentialAction\":[{\"@type\":\"ReadAction\",\"target\":[\"https:\/\/www.multisilla.com\/mobiliario-hosteleria\/catalogo\/mobiliario-interior\/mesas\/mesa-hosteleria-25-4870-cuadrada\/\"]}]},{\"@type\":\"ImageObject\",\"inLanguage\":\"es\",\"@id\":\"https:\/\/www.multisilla.com\/mobiliario-hosteleria\/catalogo\/mobiliario-interior\/mesas\/mesa-hosteleria-25-4870-cuadrada\/#primaryimage\",\"url\":\"https:\/\/www.multisilla.com\/mobiliario-hosteleria\/wp-content\/uploads\/Mesa-Milano-Cuadrada-previa..jpg\",\"contentUrl\":\"https:\/\/www.multisilla.com\/mobiliario-hosteleria\/wp-content\/uploads\/Mesa-Milano-Cuadrada-previa..jpg\",\"width\":719,\"height\":719},{\"@type\":\"BreadcrumbList\",\"@id\":\"https:\/\/www.multisilla.com\/mobiliario-hosteleria\/catalogo\/mobiliario-interior\/mesas\/mesa-hosteleria-25-4870-cuadrada\/#breadcrumb\",\"itemListElement\":[{\"@type\":\"ListItem\",\"position\":1,\"name\":\"Portada\",\"item\":\"https:\/\/www.multisilla.com\/mobiliario-hosteleria\/\"},{\"@type\":\"ListItem\",\"position\":2,\"name\":\"Entrada tienda\",\"item\":\"https:\/\/www.multisilla.com\/mobiliario-hosteleria\/entrada-tienda\/\"},{\"@type\":\"ListItem\",\"position\":3,\"name\":\"Mesa Hosteler\u00eda 25-4870 cuadrada\"}]},{\"@type\":\"WebSite\",\"@id\":\"https:\/\/www.multisilla.com\/mobiliario-hosteleria\/#website\",\"url\":\"https:\/\/www.multisilla.com\/mobiliario-hosteleria\/\",\"name\":\"Sillas de Oficina y Bar\",\"description\":\"El Especialista en Sillas, Mesas y Taburetes\",\"publisher\":{\"@id\":\"https:\/\/www.multisilla.com\/mobiliario-hosteleria\/#organization\"},\"potentialAction\":[{\"@type\":\"SearchAction\",\"target\":{\"@type\":\"EntryPoint\",\"urlTemplate\":\"https:\/\/www.multisilla.com\/mobiliario-hosteleria\/?s={search_term_string}\"},\"query-input\":\"required name=search_term_string\"}],\"inLanguage\":\"es\"},{\"@type\":\"Organization\",\"@id\":\"https:\/\/www.multisilla.com\/mobiliario-hosteleria\/#organization\",\"name\":\"Multisilla\",\"url\":\"https:\/\/www.multisilla.com\/mobiliario-hosteleria\/\",\"logo\":{\"@type\":\"ImageObject\",\"inLanguage\":\"es\",\"@id\":\"https:\/\/www.multisilla.com\/mobiliario-hosteleria\/#\/schema\/logo\/image\/\",\"url\":\"https:\/\/www.multisilla.com\/mobiliario-hosteleria\/wp-content\/uploads\/logo-multisilla-nuevo-taburetes.png\",\"contentUrl\":\"https:\/\/www.multisilla.com\/mobiliario-hosteleria\/wp-content\/uploads\/logo-multisilla-nuevo-taburetes.png\",\"width\":240,\"height\":92,\"caption\":\"Multisilla\"},\"image\":{\"@id\":\"https:\/\/www.multisilla.com\/mobiliario-hosteleria\/#\/schema\/logo\/image\/\"}}]}<\/script>\n<!-- \/ Yoast SEO plugin. -->","yoast_head_json":{"title":"Mesa Hosteler\u00eda 25-4870 cuadrada - Sillas de Oficina y Bar","robots":{"index":"index","follow":"follow","max-snippet":"max-snippet:-1","max-image-preview":"max-image-preview:large","max-video-preview":"max-video-preview:-1"},"canonical":"https:\/\/www.multisilla.com\/mobiliario-hosteleria\/catalogo\/mobiliario-interior\/mesas\/mesa-hosteleria-25-4870-cuadrada\/","og_locale":"es_ES","og_type":"article","og_title":"Mesa Hosteler\u00eda 25-4870 cuadrada - Sillas de Oficina y Bar","og_description":"OFERTA!  mesa milano cuadrada acero negro reyma","og_url":"https:\/\/www.multisilla.com\/mobiliario-hosteleria\/catalogo\/mobiliario-interior\/mesas\/mesa-hosteleria-25-4870-cuadrada\/","og_site_name":"Sillas de Oficina y Bar","article_modified_time":"2025-04-04T11:42:02+00:00","og_image":[{"width":719,"height":719,"url":"https:\/\/www.multisilla.com\/mobiliario-hosteleria\/wp-content\/uploads\/Mesa-Milano-Cuadrada-previa..jpg","type":"image\/jpeg"}],"twitter_card":"summary_large_image","twitter_misc":{"Tiempo de lectura":"1 minuto"},"schema":{"@context":"https:\/\/schema.org","@graph":[{"@type":"WebPage","@id":"https:\/\/www.multisilla.com\/mobiliario-hosteleria\/catalogo\/mobiliario-interior\/mesas\/mesa-hosteleria-25-4870-cuadrada\/","url":"https:\/\/www.multisilla.com\/mobiliario-hosteleria\/catalogo\/mobiliario-interior\/mesas\/mesa-hosteleria-25-4870-cuadrada\/","name":"Mesa Hosteler\u00eda 25-4870 cuadrada - Sillas de Oficina y Bar","isPartOf":{"@id":"https:\/\/www.multisilla.com\/mobiliario-hosteleria\/#website"},"primaryImageOfPage":{"@id":"https:\/\/www.multisilla.com\/mobiliario-hosteleria\/catalogo\/mobiliario-interior\/mesas\/mesa-hosteleria-25-4870-cuadrada\/#primaryimage"},"image":{"@id":"https:\/\/www.multisilla.com\/mobiliario-hosteleria\/catalogo\/mobiliario-interior\/mesas\/mesa-hosteleria-25-4870-cuadrada\/#primaryimage"},"thumbnailUrl":"https:\/\/www.multisilla.com\/mobiliario-hosteleria\/wp-content\/uploads\/Mesa-Milano-Cuadrada-previa..jpg","datePublished":"2018-02-26T11:29:42+00:00","dateModified":"2025-04-04T11:42:02+00:00","breadcrumb":{"@id":"https:\/\/www.multisilla.com\/mobiliario-hosteleria\/catalogo\/mobiliario-interior\/mesas\/mesa-hosteleria-25-4870-cuadrada\/#breadcrumb"},"inLanguage":"es","potentialAction":[{"@type":"ReadAction","target":["https:\/\/www.multisilla.com\/mobiliario-hosteleria\/catalogo\/mobiliario-interior\/mesas\/mesa-hosteleria-25-4870-cuadrada\/"]}]},{"@type":"ImageObject","inLanguage":"es","@id":"https:\/\/www.multisilla.com\/mobiliario-hosteleria\/catalogo\/mobiliario-interior\/mesas\/mesa-hosteleria-25-4870-cuadrada\/#primaryimage","url":"https:\/\/www.multisilla.com\/mobiliario-hosteleria\/wp-content\/uploads\/Mesa-Milano-Cuadrada-previa..jpg","contentUrl":"https:\/\/www.multisilla.com\/mobiliario-hosteleria\/wp-content\/uploads\/Mesa-Milano-Cuadrada-previa..jpg","width":719,"height":719},{"@type":"BreadcrumbList","@id":"https:\/\/www.multisilla.com\/mobiliario-hosteleria\/catalogo\/mobiliario-interior\/mesas\/mesa-hosteleria-25-4870-cuadrada\/#breadcrumb","itemListElement":[{"@type":"ListItem","position":1,"name":"Portada","item":"https:\/\/www.multisilla.com\/mobiliario-hosteleria\/"},{"@type":"ListItem","position":2,"name":"Entrada tienda","item":"https:\/\/www.multisilla.com\/mobiliario-hosteleria\/entrada-tienda\/"},{"@type":"ListItem","position":3,"name":"Mesa Hosteler\u00eda 25-4870 cuadrada"}]},{"@type":"WebSite","@id":"https:\/\/www.multisilla.com\/mobiliario-hosteleria\/#website","url":"https:\/\/www.multisilla.com\/mobiliario-hosteleria\/","name":"Sillas de Oficina y Bar","description":"El Especialista en Sillas, Mesas y Taburetes","publisher":{"@id":"https:\/\/www.multisilla.com\/mobiliario-hosteleria\/#organization"},"potentialAction":[{"@type":"SearchAction","target":{"@type":"EntryPoint","urlTemplate":"https:\/\/www.multisilla.com\/mobiliario-hosteleria\/?s={search_term_string}"},"query-input":"required name=search_term_string"}],"inLanguage":"es"},{"@type":"Organization","@id":"https:\/\/www.multisilla.com\/mobiliario-hosteleria\/#organization","name":"Multisilla","url":"https:\/\/www.multisilla.com\/mobiliario-hosteleria\/","logo":{"@type":"ImageObject","inLanguage":"es","@id":"https:\/\/www.multisilla.com\/mobiliario-hosteleria\/#\/schema\/logo\/image\/","url":"https:\/\/www.multisilla.com\/mobiliario-hosteleria\/wp-content\/uploads\/logo-multisilla-nuevo-taburetes.png","contentUrl":"https:\/\/www.multisilla.com\/mobiliario-hosteleria\/wp-content\/uploads\/logo-multisilla-nuevo-taburetes.png","width":240,"height":92,"caption":"Multisilla"},"image":{"@id":"https:\/\/www.multisilla.com\/mobiliario-hosteleria\/#\/schema\/logo\/image\/"}}]}},"_links":{"self":[{"href":"https:\/\/www.multisilla.com\/mobiliario-hosteleria\/wp-json\/wp\/v2\/product\/10274"}],"collection":[{"href":"https:\/\/www.multisilla.com\/mobiliario-hosteleria\/wp-json\/wp\/v2\/product"}],"about":[{"href":"https:\/\/www.multisilla.com\/mobiliario-hosteleria\/wp-json\/wp\/v2\/types\/product"}],"wp:featuredmedia":[{"embeddable":true,"href":"https:\/\/www.multisilla.com\/mobiliario-hosteleria\/wp-json\/wp\/v2\/media\/13366"}],"wp:attachment":[{"href":"https:\/\/www.multisilla.com\/mobiliario-hosteleria\/wp-json\/wp\/v2\/media?parent=10274"}],"wp:term":[{"taxonomy":"product_cat","embeddable":true,"href":"https:\/\/www.multisilla.com\/mobiliario-hosteleria\/wp-json\/wp\/v2\/product_cat?post=10274"},{"taxonomy":"product_tag","embeddable":true,"href":"https:\/\/www.multisilla.com\/mobiliario-hosteleria\/wp-json\/wp\/v2\/product_tag?post=10274"}],"curies":[{"name":"wp","href":"https:\/\/api.w.org\/{rel}","templated":true}]}}