{"id":12769,"date":"2018-06-13T10:27:07","date_gmt":"2018-06-13T08:27:07","guid":{"rendered":"https:\/\/multisilla.com\/multisilla-profesional\/?post_type=product&#038;p=12769"},"modified":"2023-01-10T12:32:41","modified_gmt":"2023-01-10T11:32:41","slug":"sofas-15-lagarto-isimar","status":"publish","type":"product","link":"https:\/\/www.multisilla.com\/mobiliario-hosteleria\/catalogo\/mobiliario-exterior\/sofas-bancos-bancadas-exterior\/sofas-15-lagarto-isimar\/","title":{"rendered":"Sof\u00e1s 15-Lagarto iSiMAR"},"content":{"rendered":"<p>Sof\u00e1s Lagarto de iSiMAR. Conjunto de sof\u00e1 modular, sof\u00e1 recto, butaca, puff, taburete en dos alturas (50 y 78 cm) y mesas disponibles en tres medidas. Realizados con varilla de acero galvanizado y lacado con polvo de poli\u00e9ster.\u00a0 Disponibles en una amplia carta de acabados entre los que podr\u00e1s elegir el que mejor le vaya a la personalidad de tu negocio. V\u00e1lidos para exterior. Actual y pr\u00e1ctica colecci\u00f3n ideal para cualquier espacio sea cual sea tu estilo con infinitas posibilidades. Elige la que m\u00e1s se adapte a tus necesidades.<\/p>\n<p>Medidas disponibles:<\/p>\n<p>Sof\u00e1 Recto: \/ 68x80x72x36 \/ Sof\u00e1 Modular: \/ 68x130x72x36 \/ Butaca: \/ 76x70x63x39 \/ Puff: \/ 34x71x54 \/<\/p>\n<p>Taburete: \/ 78&#215;42 \/ Taburete Mini: \/ 50&#215;37 \/\u00a0Mesas: \/ \u00d880&#215;74 \/ \u00d890&#215;74 \/ \u00d8110&#215;74 \/<\/p>\n<p>&nbsp;<\/p>\n<p><span class=\"grispeque\">*Los precios indicados en la pagina pueden sufrir un incremento por el coste del transporte, que se calcular\u00e1 en cada caso dependiendo del c\u00f3digo postal y de la cantidad de art\u00edculos solicitados. <\/span><\/p>\n","protected":false},"excerpt":{"rendered":"","protected":false},"featured_media":12776,"template":"","meta":[],"product_cat":[699,21,25],"product_tag":[684],"class_list":["post-12769","product","type-product","status-publish","has-post-thumbnail","hentry","product_cat-cat-etiquetaoculta","product_cat-mobiliario-exterior","product_cat-sofas-bancos-bancadas-exterior","product_tag-etiquetaoculta","pa_altura-respaldo-sillas-hasta-85-cm","pa_marca-isi","pa_material-metal","pa_otros-personalizable"],"yoast_head":"<!-- This site is optimized with the Yoast SEO plugin v23.1 - https:\/\/yoast.com\/wordpress\/plugins\/seo\/ -->\n<title>Sof\u00e1s 15-Lagarto iSiMAR - Sillas de Oficina y Bar<\/title>\n<meta name=\"robots\" content=\"index, follow, max-snippet:-1, max-image-preview:large, max-video-preview:-1\" \/>\n<link rel=\"canonical\" href=\"https:\/\/www.multisilla.com\/mobiliario-hosteleria\/catalogo\/mobiliario-exterior\/sofas-bancos-bancadas-exterior\/sofas-15-lagarto-isimar\/\" \/>\n<meta property=\"og:locale\" content=\"es_ES\" \/>\n<meta property=\"og:type\" content=\"article\" \/>\n<meta property=\"og:title\" content=\"Sof\u00e1s 15-Lagarto iSiMAR - Sillas de Oficina y Bar\" \/>\n<meta property=\"og:url\" content=\"https:\/\/www.multisilla.com\/mobiliario-hosteleria\/catalogo\/mobiliario-exterior\/sofas-bancos-bancadas-exterior\/sofas-15-lagarto-isimar\/\" \/>\n<meta property=\"og:site_name\" content=\"Sillas de Oficina y Bar\" \/>\n<meta property=\"article:modified_time\" content=\"2023-01-10T11:32:41+00:00\" \/>\n<meta property=\"og:image\" content=\"https:\/\/www.multisilla.com\/mobiliario-hosteleria\/wp-content\/uploads\/Lagarto-Isi-previa.jpg\" \/>\n\t<meta property=\"og:image:width\" content=\"719\" \/>\n\t<meta property=\"og:image:height\" content=\"719\" \/>\n\t<meta property=\"og:image:type\" content=\"image\/jpeg\" \/>\n<meta name=\"twitter:card\" content=\"summary_large_image\" \/>\n<meta name=\"twitter:label1\" content=\"Tiempo de lectura\" \/>\n\t<meta name=\"twitter:data1\" content=\"1 minuto\" \/>\n<script type=\"application\/ld+json\" class=\"yoast-schema-graph\">{\"@context\":\"https:\/\/schema.org\",\"@graph\":[{\"@type\":\"WebPage\",\"@id\":\"https:\/\/www.multisilla.com\/mobiliario-hosteleria\/catalogo\/mobiliario-exterior\/sofas-bancos-bancadas-exterior\/sofas-15-lagarto-isimar\/\",\"url\":\"https:\/\/www.multisilla.com\/mobiliario-hosteleria\/catalogo\/mobiliario-exterior\/sofas-bancos-bancadas-exterior\/sofas-15-lagarto-isimar\/\",\"name\":\"Sof\u00e1s 15-Lagarto iSiMAR - Sillas de Oficina y Bar\",\"isPartOf\":{\"@id\":\"https:\/\/www.multisilla.com\/mobiliario-hosteleria\/#website\"},\"primaryImageOfPage\":{\"@id\":\"https:\/\/www.multisilla.com\/mobiliario-hosteleria\/catalogo\/mobiliario-exterior\/sofas-bancos-bancadas-exterior\/sofas-15-lagarto-isimar\/#primaryimage\"},\"image\":{\"@id\":\"https:\/\/www.multisilla.com\/mobiliario-hosteleria\/catalogo\/mobiliario-exterior\/sofas-bancos-bancadas-exterior\/sofas-15-lagarto-isimar\/#primaryimage\"},\"thumbnailUrl\":\"https:\/\/www.multisilla.com\/mobiliario-hosteleria\/wp-content\/uploads\/Lagarto-Isi-previa.jpg\",\"datePublished\":\"2018-06-13T08:27:07+00:00\",\"dateModified\":\"2023-01-10T11:32:41+00:00\",\"breadcrumb\":{\"@id\":\"https:\/\/www.multisilla.com\/mobiliario-hosteleria\/catalogo\/mobiliario-exterior\/sofas-bancos-bancadas-exterior\/sofas-15-lagarto-isimar\/#breadcrumb\"},\"inLanguage\":\"es\",\"potentialAction\":[{\"@type\":\"ReadAction\",\"target\":[\"https:\/\/www.multisilla.com\/mobiliario-hosteleria\/catalogo\/mobiliario-exterior\/sofas-bancos-bancadas-exterior\/sofas-15-lagarto-isimar\/\"]}]},{\"@type\":\"ImageObject\",\"inLanguage\":\"es\",\"@id\":\"https:\/\/www.multisilla.com\/mobiliario-hosteleria\/catalogo\/mobiliario-exterior\/sofas-bancos-bancadas-exterior\/sofas-15-lagarto-isimar\/#primaryimage\",\"url\":\"https:\/\/www.multisilla.com\/mobiliario-hosteleria\/wp-content\/uploads\/Lagarto-Isi-previa.jpg\",\"contentUrl\":\"https:\/\/www.multisilla.com\/mobiliario-hosteleria\/wp-content\/uploads\/Lagarto-Isi-previa.jpg\",\"width\":719,\"height\":719},{\"@type\":\"BreadcrumbList\",\"@id\":\"https:\/\/www.multisilla.com\/mobiliario-hosteleria\/catalogo\/mobiliario-exterior\/sofas-bancos-bancadas-exterior\/sofas-15-lagarto-isimar\/#breadcrumb\",\"itemListElement\":[{\"@type\":\"ListItem\",\"position\":1,\"name\":\"Portada\",\"item\":\"https:\/\/www.multisilla.com\/mobiliario-hosteleria\/\"},{\"@type\":\"ListItem\",\"position\":2,\"name\":\"Entrada tienda\",\"item\":\"https:\/\/www.multisilla.com\/mobiliario-hosteleria\/entrada-tienda\/\"},{\"@type\":\"ListItem\",\"position\":3,\"name\":\"Sof\u00e1s 15-Lagarto iSiMAR\"}]},{\"@type\":\"WebSite\",\"@id\":\"https:\/\/www.multisilla.com\/mobiliario-hosteleria\/#website\",\"url\":\"https:\/\/www.multisilla.com\/mobiliario-hosteleria\/\",\"name\":\"Sillas de Oficina y Bar\",\"description\":\"El Especialista en Sillas, Mesas y Taburetes\",\"publisher\":{\"@id\":\"https:\/\/www.multisilla.com\/mobiliario-hosteleria\/#organization\"},\"potentialAction\":[{\"@type\":\"SearchAction\",\"target\":{\"@type\":\"EntryPoint\",\"urlTemplate\":\"https:\/\/www.multisilla.com\/mobiliario-hosteleria\/?s={search_term_string}\"},\"query-input\":\"required name=search_term_string\"}],\"inLanguage\":\"es\"},{\"@type\":\"Organization\",\"@id\":\"https:\/\/www.multisilla.com\/mobiliario-hosteleria\/#organization\",\"name\":\"Multisilla\",\"url\":\"https:\/\/www.multisilla.com\/mobiliario-hosteleria\/\",\"logo\":{\"@type\":\"ImageObject\",\"inLanguage\":\"es\",\"@id\":\"https:\/\/www.multisilla.com\/mobiliario-hosteleria\/#\/schema\/logo\/image\/\",\"url\":\"https:\/\/www.multisilla.com\/mobiliario-hosteleria\/wp-content\/uploads\/logo-multisilla-nuevo-taburetes.png\",\"contentUrl\":\"https:\/\/www.multisilla.com\/mobiliario-hosteleria\/wp-content\/uploads\/logo-multisilla-nuevo-taburetes.png\",\"width\":240,\"height\":92,\"caption\":\"Multisilla\"},\"image\":{\"@id\":\"https:\/\/www.multisilla.com\/mobiliario-hosteleria\/#\/schema\/logo\/image\/\"}}]}<\/script>\n<!-- \/ Yoast SEO plugin. -->","yoast_head_json":{"title":"Sof\u00e1s 15-Lagarto iSiMAR - Sillas de Oficina y Bar","robots":{"index":"index","follow":"follow","max-snippet":"max-snippet:-1","max-image-preview":"max-image-preview:large","max-video-preview":"max-video-preview:-1"},"canonical":"https:\/\/www.multisilla.com\/mobiliario-hosteleria\/catalogo\/mobiliario-exterior\/sofas-bancos-bancadas-exterior\/sofas-15-lagarto-isimar\/","og_locale":"es_ES","og_type":"article","og_title":"Sof\u00e1s 15-Lagarto iSiMAR - Sillas de Oficina y Bar","og_url":"https:\/\/www.multisilla.com\/mobiliario-hosteleria\/catalogo\/mobiliario-exterior\/sofas-bancos-bancadas-exterior\/sofas-15-lagarto-isimar\/","og_site_name":"Sillas de Oficina y Bar","article_modified_time":"2023-01-10T11:32:41+00:00","og_image":[{"width":719,"height":719,"url":"https:\/\/www.multisilla.com\/mobiliario-hosteleria\/wp-content\/uploads\/Lagarto-Isi-previa.jpg","type":"image\/jpeg"}],"twitter_card":"summary_large_image","twitter_misc":{"Tiempo de lectura":"1 minuto"},"schema":{"@context":"https:\/\/schema.org","@graph":[{"@type":"WebPage","@id":"https:\/\/www.multisilla.com\/mobiliario-hosteleria\/catalogo\/mobiliario-exterior\/sofas-bancos-bancadas-exterior\/sofas-15-lagarto-isimar\/","url":"https:\/\/www.multisilla.com\/mobiliario-hosteleria\/catalogo\/mobiliario-exterior\/sofas-bancos-bancadas-exterior\/sofas-15-lagarto-isimar\/","name":"Sof\u00e1s 15-Lagarto iSiMAR - Sillas de Oficina y Bar","isPartOf":{"@id":"https:\/\/www.multisilla.com\/mobiliario-hosteleria\/#website"},"primaryImageOfPage":{"@id":"https:\/\/www.multisilla.com\/mobiliario-hosteleria\/catalogo\/mobiliario-exterior\/sofas-bancos-bancadas-exterior\/sofas-15-lagarto-isimar\/#primaryimage"},"image":{"@id":"https:\/\/www.multisilla.com\/mobiliario-hosteleria\/catalogo\/mobiliario-exterior\/sofas-bancos-bancadas-exterior\/sofas-15-lagarto-isimar\/#primaryimage"},"thumbnailUrl":"https:\/\/www.multisilla.com\/mobiliario-hosteleria\/wp-content\/uploads\/Lagarto-Isi-previa.jpg","datePublished":"2018-06-13T08:27:07+00:00","dateModified":"2023-01-10T11:32:41+00:00","breadcrumb":{"@id":"https:\/\/www.multisilla.com\/mobiliario-hosteleria\/catalogo\/mobiliario-exterior\/sofas-bancos-bancadas-exterior\/sofas-15-lagarto-isimar\/#breadcrumb"},"inLanguage":"es","potentialAction":[{"@type":"ReadAction","target":["https:\/\/www.multisilla.com\/mobiliario-hosteleria\/catalogo\/mobiliario-exterior\/sofas-bancos-bancadas-exterior\/sofas-15-lagarto-isimar\/"]}]},{"@type":"ImageObject","inLanguage":"es","@id":"https:\/\/www.multisilla.com\/mobiliario-hosteleria\/catalogo\/mobiliario-exterior\/sofas-bancos-bancadas-exterior\/sofas-15-lagarto-isimar\/#primaryimage","url":"https:\/\/www.multisilla.com\/mobiliario-hosteleria\/wp-content\/uploads\/Lagarto-Isi-previa.jpg","contentUrl":"https:\/\/www.multisilla.com\/mobiliario-hosteleria\/wp-content\/uploads\/Lagarto-Isi-previa.jpg","width":719,"height":719},{"@type":"BreadcrumbList","@id":"https:\/\/www.multisilla.com\/mobiliario-hosteleria\/catalogo\/mobiliario-exterior\/sofas-bancos-bancadas-exterior\/sofas-15-lagarto-isimar\/#breadcrumb","itemListElement":[{"@type":"ListItem","position":1,"name":"Portada","item":"https:\/\/www.multisilla.com\/mobiliario-hosteleria\/"},{"@type":"ListItem","position":2,"name":"Entrada tienda","item":"https:\/\/www.multisilla.com\/mobiliario-hosteleria\/entrada-tienda\/"},{"@type":"ListItem","position":3,"name":"Sof\u00e1s 15-Lagarto iSiMAR"}]},{"@type":"WebSite","@id":"https:\/\/www.multisilla.com\/mobiliario-hosteleria\/#website","url":"https:\/\/www.multisilla.com\/mobiliario-hosteleria\/","name":"Sillas de Oficina y Bar","description":"El Especialista en Sillas, Mesas y Taburetes","publisher":{"@id":"https:\/\/www.multisilla.com\/mobiliario-hosteleria\/#organization"},"potentialAction":[{"@type":"SearchAction","target":{"@type":"EntryPoint","urlTemplate":"https:\/\/www.multisilla.com\/mobiliario-hosteleria\/?s={search_term_string}"},"query-input":"required name=search_term_string"}],"inLanguage":"es"},{"@type":"Organization","@id":"https:\/\/www.multisilla.com\/mobiliario-hosteleria\/#organization","name":"Multisilla","url":"https:\/\/www.multisilla.com\/mobiliario-hosteleria\/","logo":{"@type":"ImageObject","inLanguage":"es","@id":"https:\/\/www.multisilla.com\/mobiliario-hosteleria\/#\/schema\/logo\/image\/","url":"https:\/\/www.multisilla.com\/mobiliario-hosteleria\/wp-content\/uploads\/logo-multisilla-nuevo-taburetes.png","contentUrl":"https:\/\/www.multisilla.com\/mobiliario-hosteleria\/wp-content\/uploads\/logo-multisilla-nuevo-taburetes.png","width":240,"height":92,"caption":"Multisilla"},"image":{"@id":"https:\/\/www.multisilla.com\/mobiliario-hosteleria\/#\/schema\/logo\/image\/"}}]}},"_links":{"self":[{"href":"https:\/\/www.multisilla.com\/mobiliario-hosteleria\/wp-json\/wp\/v2\/product\/12769"}],"collection":[{"href":"https:\/\/www.multisilla.com\/mobiliario-hosteleria\/wp-json\/wp\/v2\/product"}],"about":[{"href":"https:\/\/www.multisilla.com\/mobiliario-hosteleria\/wp-json\/wp\/v2\/types\/product"}],"wp:featuredmedia":[{"embeddable":true,"href":"https:\/\/www.multisilla.com\/mobiliario-hosteleria\/wp-json\/wp\/v2\/media\/12776"}],"wp:attachment":[{"href":"https:\/\/www.multisilla.com\/mobiliario-hosteleria\/wp-json\/wp\/v2\/media?parent=12769"}],"wp:term":[{"taxonomy":"product_cat","embeddable":true,"href":"https:\/\/www.multisilla.com\/mobiliario-hosteleria\/wp-json\/wp\/v2\/product_cat?post=12769"},{"taxonomy":"product_tag","embeddable":true,"href":"https:\/\/www.multisilla.com\/mobiliario-hosteleria\/wp-json\/wp\/v2\/product_tag?post=12769"}],"curies":[{"name":"wp","href":"https:\/\/api.w.org\/{rel}","templated":true}]}}