{"id":15093,"date":"2018-08-02T13:50:01","date_gmt":"2018-08-02T11:50:01","guid":{"rendered":"https:\/\/multisilla.com\/multisilla-profesional\/?post_type=product&#038;p=15093"},"modified":"2023-01-05T13:36:10","modified_gmt":"2023-01-05T12:36:10","slug":"banco-15-toscana-isimar","status":"publish","type":"product","link":"https:\/\/www.multisilla.com\/mobiliario-hosteleria\/catalogo\/mobiliario-exterior\/sofas-bancos-bancadas-exterior\/banco-15-toscana-isimar\/","title":{"rendered":"Banco 15-Toscana iSiMAR"},"content":{"rendered":"<p>Colecci\u00f3n Toscana de iSiMAR. Conjunto de silla, puff, banco y mesa, realizados en aluminio lacado con polvo de poli\u00e9ster. Disponibles en una amplia carta de acabados entre los que podr\u00e1s elegir el que mejor le vaya a la personalidad de tu negocio. V\u00e1lidos para exterior. Apilable (versi\u00f3n silla).\u00a0<span style=\"font-size: 14.4px\">Actual y pr\u00e1ctica colecci\u00f3n ideal para cualquier espacio sea cual sea tu estilo.<\/span><\/p>\n<p>Medidas disponibles:<\/p>\n<p>Silla: \/ 85x55x62x48 \/ Puff: \/ 48&#215;44,5&#215;45 \/ Banco: \/ 48&#215;44,5&#215;76 \/ Mesa: \/ 50x60x90 \/<\/p>\n<p><span class=\"grispeque\">*Los precios indicados en la pagina pueden sufrir un incremento por el coste del transporte, que se calcular\u00e1 en cada caso dependiendo del c\u00f3digo postal y de la cantidad de art\u00edculos solicitados. <\/span><\/p>\n","protected":false},"excerpt":{"rendered":"","protected":false},"featured_media":12899,"template":"","meta":[],"product_cat":[699,21,25],"product_tag":[684],"class_list":["post-15093","product","type-product","status-publish","has-post-thumbnail","hentry","product_cat-cat-etiquetaoculta","product_cat-mobiliario-exterior","product_cat-sofas-bancos-bancadas-exterior","product_tag-etiquetaoculta","pa_marca-isi","pa_material-metal"],"yoast_head":"<!-- This site is optimized with the Yoast SEO plugin v23.1 - https:\/\/yoast.com\/wordpress\/plugins\/seo\/ -->\n<title>Banco 15-Toscana iSiMAR - Sillas de Oficina y Bar<\/title>\n<meta name=\"robots\" content=\"index, follow, max-snippet:-1, max-image-preview:large, max-video-preview:-1\" \/>\n<link rel=\"canonical\" href=\"https:\/\/www.multisilla.com\/mobiliario-hosteleria\/catalogo\/mobiliario-exterior\/sofas-bancos-bancadas-exterior\/banco-15-toscana-isimar\/\" \/>\n<meta property=\"og:locale\" content=\"es_ES\" \/>\n<meta property=\"og:type\" content=\"article\" \/>\n<meta property=\"og:title\" content=\"Banco 15-Toscana iSiMAR - Sillas de Oficina y Bar\" \/>\n<meta property=\"og:url\" content=\"https:\/\/www.multisilla.com\/mobiliario-hosteleria\/catalogo\/mobiliario-exterior\/sofas-bancos-bancadas-exterior\/banco-15-toscana-isimar\/\" \/>\n<meta property=\"og:site_name\" content=\"Sillas de Oficina y Bar\" \/>\n<meta property=\"article:modified_time\" content=\"2023-01-05T12:36:10+00:00\" \/>\n<meta property=\"og:image\" content=\"https:\/\/www.multisilla.com\/mobiliario-hosteleria\/wp-content\/uploads\/Toscana-Isi-previa.jpg\" \/>\n\t<meta property=\"og:image:width\" content=\"719\" \/>\n\t<meta property=\"og:image:height\" content=\"719\" \/>\n\t<meta property=\"og:image:type\" content=\"image\/jpeg\" \/>\n<meta name=\"twitter:card\" content=\"summary_large_image\" \/>\n<meta name=\"twitter:label1\" content=\"Tiempo de lectura\" \/>\n\t<meta name=\"twitter:data1\" content=\"1 minuto\" \/>\n<script type=\"application\/ld+json\" class=\"yoast-schema-graph\">{\"@context\":\"https:\/\/schema.org\",\"@graph\":[{\"@type\":\"WebPage\",\"@id\":\"https:\/\/www.multisilla.com\/mobiliario-hosteleria\/catalogo\/mobiliario-exterior\/sofas-bancos-bancadas-exterior\/banco-15-toscana-isimar\/\",\"url\":\"https:\/\/www.multisilla.com\/mobiliario-hosteleria\/catalogo\/mobiliario-exterior\/sofas-bancos-bancadas-exterior\/banco-15-toscana-isimar\/\",\"name\":\"Banco 15-Toscana iSiMAR - Sillas de Oficina y Bar\",\"isPartOf\":{\"@id\":\"https:\/\/www.multisilla.com\/mobiliario-hosteleria\/#website\"},\"primaryImageOfPage\":{\"@id\":\"https:\/\/www.multisilla.com\/mobiliario-hosteleria\/catalogo\/mobiliario-exterior\/sofas-bancos-bancadas-exterior\/banco-15-toscana-isimar\/#primaryimage\"},\"image\":{\"@id\":\"https:\/\/www.multisilla.com\/mobiliario-hosteleria\/catalogo\/mobiliario-exterior\/sofas-bancos-bancadas-exterior\/banco-15-toscana-isimar\/#primaryimage\"},\"thumbnailUrl\":\"https:\/\/www.multisilla.com\/mobiliario-hosteleria\/wp-content\/uploads\/Toscana-Isi-previa.jpg\",\"datePublished\":\"2018-08-02T11:50:01+00:00\",\"dateModified\":\"2023-01-05T12:36:10+00:00\",\"breadcrumb\":{\"@id\":\"https:\/\/www.multisilla.com\/mobiliario-hosteleria\/catalogo\/mobiliario-exterior\/sofas-bancos-bancadas-exterior\/banco-15-toscana-isimar\/#breadcrumb\"},\"inLanguage\":\"es\",\"potentialAction\":[{\"@type\":\"ReadAction\",\"target\":[\"https:\/\/www.multisilla.com\/mobiliario-hosteleria\/catalogo\/mobiliario-exterior\/sofas-bancos-bancadas-exterior\/banco-15-toscana-isimar\/\"]}]},{\"@type\":\"ImageObject\",\"inLanguage\":\"es\",\"@id\":\"https:\/\/www.multisilla.com\/mobiliario-hosteleria\/catalogo\/mobiliario-exterior\/sofas-bancos-bancadas-exterior\/banco-15-toscana-isimar\/#primaryimage\",\"url\":\"https:\/\/www.multisilla.com\/mobiliario-hosteleria\/wp-content\/uploads\/Toscana-Isi-previa.jpg\",\"contentUrl\":\"https:\/\/www.multisilla.com\/mobiliario-hosteleria\/wp-content\/uploads\/Toscana-Isi-previa.jpg\",\"width\":719,\"height\":719},{\"@type\":\"BreadcrumbList\",\"@id\":\"https:\/\/www.multisilla.com\/mobiliario-hosteleria\/catalogo\/mobiliario-exterior\/sofas-bancos-bancadas-exterior\/banco-15-toscana-isimar\/#breadcrumb\",\"itemListElement\":[{\"@type\":\"ListItem\",\"position\":1,\"name\":\"Portada\",\"item\":\"https:\/\/www.multisilla.com\/mobiliario-hosteleria\/\"},{\"@type\":\"ListItem\",\"position\":2,\"name\":\"Entrada tienda\",\"item\":\"https:\/\/www.multisilla.com\/mobiliario-hosteleria\/entrada-tienda\/\"},{\"@type\":\"ListItem\",\"position\":3,\"name\":\"Banco 15-Toscana iSiMAR\"}]},{\"@type\":\"WebSite\",\"@id\":\"https:\/\/www.multisilla.com\/mobiliario-hosteleria\/#website\",\"url\":\"https:\/\/www.multisilla.com\/mobiliario-hosteleria\/\",\"name\":\"Sillas de Oficina y Bar\",\"description\":\"El Especialista en Sillas, Mesas y Taburetes\",\"publisher\":{\"@id\":\"https:\/\/www.multisilla.com\/mobiliario-hosteleria\/#organization\"},\"potentialAction\":[{\"@type\":\"SearchAction\",\"target\":{\"@type\":\"EntryPoint\",\"urlTemplate\":\"https:\/\/www.multisilla.com\/mobiliario-hosteleria\/?s={search_term_string}\"},\"query-input\":\"required name=search_term_string\"}],\"inLanguage\":\"es\"},{\"@type\":\"Organization\",\"@id\":\"https:\/\/www.multisilla.com\/mobiliario-hosteleria\/#organization\",\"name\":\"Multisilla\",\"url\":\"https:\/\/www.multisilla.com\/mobiliario-hosteleria\/\",\"logo\":{\"@type\":\"ImageObject\",\"inLanguage\":\"es\",\"@id\":\"https:\/\/www.multisilla.com\/mobiliario-hosteleria\/#\/schema\/logo\/image\/\",\"url\":\"https:\/\/www.multisilla.com\/mobiliario-hosteleria\/wp-content\/uploads\/logo-multisilla-nuevo-taburetes.png\",\"contentUrl\":\"https:\/\/www.multisilla.com\/mobiliario-hosteleria\/wp-content\/uploads\/logo-multisilla-nuevo-taburetes.png\",\"width\":240,\"height\":92,\"caption\":\"Multisilla\"},\"image\":{\"@id\":\"https:\/\/www.multisilla.com\/mobiliario-hosteleria\/#\/schema\/logo\/image\/\"}}]}<\/script>\n<!-- \/ Yoast SEO plugin. -->","yoast_head_json":{"title":"Banco 15-Toscana iSiMAR - Sillas de Oficina y Bar","robots":{"index":"index","follow":"follow","max-snippet":"max-snippet:-1","max-image-preview":"max-image-preview:large","max-video-preview":"max-video-preview:-1"},"canonical":"https:\/\/www.multisilla.com\/mobiliario-hosteleria\/catalogo\/mobiliario-exterior\/sofas-bancos-bancadas-exterior\/banco-15-toscana-isimar\/","og_locale":"es_ES","og_type":"article","og_title":"Banco 15-Toscana iSiMAR - Sillas de Oficina y Bar","og_url":"https:\/\/www.multisilla.com\/mobiliario-hosteleria\/catalogo\/mobiliario-exterior\/sofas-bancos-bancadas-exterior\/banco-15-toscana-isimar\/","og_site_name":"Sillas de Oficina y Bar","article_modified_time":"2023-01-05T12:36:10+00:00","og_image":[{"width":719,"height":719,"url":"https:\/\/www.multisilla.com\/mobiliario-hosteleria\/wp-content\/uploads\/Toscana-Isi-previa.jpg","type":"image\/jpeg"}],"twitter_card":"summary_large_image","twitter_misc":{"Tiempo de lectura":"1 minuto"},"schema":{"@context":"https:\/\/schema.org","@graph":[{"@type":"WebPage","@id":"https:\/\/www.multisilla.com\/mobiliario-hosteleria\/catalogo\/mobiliario-exterior\/sofas-bancos-bancadas-exterior\/banco-15-toscana-isimar\/","url":"https:\/\/www.multisilla.com\/mobiliario-hosteleria\/catalogo\/mobiliario-exterior\/sofas-bancos-bancadas-exterior\/banco-15-toscana-isimar\/","name":"Banco 15-Toscana iSiMAR - Sillas de Oficina y Bar","isPartOf":{"@id":"https:\/\/www.multisilla.com\/mobiliario-hosteleria\/#website"},"primaryImageOfPage":{"@id":"https:\/\/www.multisilla.com\/mobiliario-hosteleria\/catalogo\/mobiliario-exterior\/sofas-bancos-bancadas-exterior\/banco-15-toscana-isimar\/#primaryimage"},"image":{"@id":"https:\/\/www.multisilla.com\/mobiliario-hosteleria\/catalogo\/mobiliario-exterior\/sofas-bancos-bancadas-exterior\/banco-15-toscana-isimar\/#primaryimage"},"thumbnailUrl":"https:\/\/www.multisilla.com\/mobiliario-hosteleria\/wp-content\/uploads\/Toscana-Isi-previa.jpg","datePublished":"2018-08-02T11:50:01+00:00","dateModified":"2023-01-05T12:36:10+00:00","breadcrumb":{"@id":"https:\/\/www.multisilla.com\/mobiliario-hosteleria\/catalogo\/mobiliario-exterior\/sofas-bancos-bancadas-exterior\/banco-15-toscana-isimar\/#breadcrumb"},"inLanguage":"es","potentialAction":[{"@type":"ReadAction","target":["https:\/\/www.multisilla.com\/mobiliario-hosteleria\/catalogo\/mobiliario-exterior\/sofas-bancos-bancadas-exterior\/banco-15-toscana-isimar\/"]}]},{"@type":"ImageObject","inLanguage":"es","@id":"https:\/\/www.multisilla.com\/mobiliario-hosteleria\/catalogo\/mobiliario-exterior\/sofas-bancos-bancadas-exterior\/banco-15-toscana-isimar\/#primaryimage","url":"https:\/\/www.multisilla.com\/mobiliario-hosteleria\/wp-content\/uploads\/Toscana-Isi-previa.jpg","contentUrl":"https:\/\/www.multisilla.com\/mobiliario-hosteleria\/wp-content\/uploads\/Toscana-Isi-previa.jpg","width":719,"height":719},{"@type":"BreadcrumbList","@id":"https:\/\/www.multisilla.com\/mobiliario-hosteleria\/catalogo\/mobiliario-exterior\/sofas-bancos-bancadas-exterior\/banco-15-toscana-isimar\/#breadcrumb","itemListElement":[{"@type":"ListItem","position":1,"name":"Portada","item":"https:\/\/www.multisilla.com\/mobiliario-hosteleria\/"},{"@type":"ListItem","position":2,"name":"Entrada tienda","item":"https:\/\/www.multisilla.com\/mobiliario-hosteleria\/entrada-tienda\/"},{"@type":"ListItem","position":3,"name":"Banco 15-Toscana iSiMAR"}]},{"@type":"WebSite","@id":"https:\/\/www.multisilla.com\/mobiliario-hosteleria\/#website","url":"https:\/\/www.multisilla.com\/mobiliario-hosteleria\/","name":"Sillas de Oficina y Bar","description":"El Especialista en Sillas, Mesas y Taburetes","publisher":{"@id":"https:\/\/www.multisilla.com\/mobiliario-hosteleria\/#organization"},"potentialAction":[{"@type":"SearchAction","target":{"@type":"EntryPoint","urlTemplate":"https:\/\/www.multisilla.com\/mobiliario-hosteleria\/?s={search_term_string}"},"query-input":"required name=search_term_string"}],"inLanguage":"es"},{"@type":"Organization","@id":"https:\/\/www.multisilla.com\/mobiliario-hosteleria\/#organization","name":"Multisilla","url":"https:\/\/www.multisilla.com\/mobiliario-hosteleria\/","logo":{"@type":"ImageObject","inLanguage":"es","@id":"https:\/\/www.multisilla.com\/mobiliario-hosteleria\/#\/schema\/logo\/image\/","url":"https:\/\/www.multisilla.com\/mobiliario-hosteleria\/wp-content\/uploads\/logo-multisilla-nuevo-taburetes.png","contentUrl":"https:\/\/www.multisilla.com\/mobiliario-hosteleria\/wp-content\/uploads\/logo-multisilla-nuevo-taburetes.png","width":240,"height":92,"caption":"Multisilla"},"image":{"@id":"https:\/\/www.multisilla.com\/mobiliario-hosteleria\/#\/schema\/logo\/image\/"}}]}},"_links":{"self":[{"href":"https:\/\/www.multisilla.com\/mobiliario-hosteleria\/wp-json\/wp\/v2\/product\/15093"}],"collection":[{"href":"https:\/\/www.multisilla.com\/mobiliario-hosteleria\/wp-json\/wp\/v2\/product"}],"about":[{"href":"https:\/\/www.multisilla.com\/mobiliario-hosteleria\/wp-json\/wp\/v2\/types\/product"}],"wp:featuredmedia":[{"embeddable":true,"href":"https:\/\/www.multisilla.com\/mobiliario-hosteleria\/wp-json\/wp\/v2\/media\/12899"}],"wp:attachment":[{"href":"https:\/\/www.multisilla.com\/mobiliario-hosteleria\/wp-json\/wp\/v2\/media?parent=15093"}],"wp:term":[{"taxonomy":"product_cat","embeddable":true,"href":"https:\/\/www.multisilla.com\/mobiliario-hosteleria\/wp-json\/wp\/v2\/product_cat?post=15093"},{"taxonomy":"product_tag","embeddable":true,"href":"https:\/\/www.multisilla.com\/mobiliario-hosteleria\/wp-json\/wp\/v2\/product_tag?post=15093"}],"curies":[{"name":"wp","href":"https:\/\/api.w.org\/{rel}","templated":true}]}}