{"id":18661,"date":"2019-09-04T10:31:11","date_gmt":"2019-09-04T08:31:11","guid":{"rendered":"https:\/\/multisilla.com\/multisilla-profesional\/?post_type=product&#038;p=18661"},"modified":"2021-10-28T12:36:01","modified_gmt":"2021-10-28T10:36:01","slug":"sillon-oficina-dot-pro-forma-5","status":"publish","type":"product","link":"https:\/\/www.multisilla.com\/mobiliario-hosteleria\/catalogo\/mobiliario-interior\/mobiliario-oficina-sillas-y-mesas\/sillon-oficina-dot-pro-forma-5\/","title":{"rendered":"Sill\u00f3n oficina Dot Pro Forma 5"},"content":{"rendered":"<p>La silla Dot.Pro ha sido dise\u00f1ada buscando un punto de inflexi\u00f3n innovador aplicado a la siller\u00eda de oficina. Dot.Pro consigue, a trav\u00e9s de la suma de componentes altamente funcionales y resistentes, un conjunto \u00f3ptimo para el trabajo continuo en oficina. Un silla que adem\u00e1s destaca por su alto car\u00e1cter est\u00e9tico, muy valorado actualmente en oficinas de tendencia.<\/p>\n<p><span class=\"s1\">Si lo desea puede verla y probarla en nuestra exposici\u00f3n de Eur\u00f3polis.<\/span><\/p>\n","protected":false},"excerpt":{"rendered":"","protected":false},"featured_media":18668,"template":"","meta":[],"product_cat":[699,9,694,687,660],"product_tag":[684,706],"class_list":["post-18661","product","type-product","status-publish","has-post-thumbnail","hentry","product_cat-cat-etiquetaoculta","product_cat-mobiliario-interior","product_cat-sillas-de-oficina","product_cat-mobiliario-oficina-sillas-y-mesas","product_cat-novedades","product_tag-etiquetaoculta","product_tag-expo","pa_marca-forma-5","pa_material-tapizado","pa_otros-giratorio"],"yoast_head":"<!-- This site is optimized with the Yoast SEO plugin v23.1 - https:\/\/yoast.com\/wordpress\/plugins\/seo\/ -->\n<title>Sill\u00f3n oficina Dot Pro Forma 5 - Sillas de Oficina y Bar<\/title>\n<meta name=\"description\" content=\"La silla Dot Pro ha sido dise\u00f1ada buscando un punto de inflexi\u00f3n innovador aplicado a la siller\u00eda de oficina.\" \/>\n<meta name=\"robots\" content=\"index, follow, max-snippet:-1, max-image-preview:large, max-video-preview:-1\" \/>\n<link rel=\"canonical\" href=\"https:\/\/www.multisilla.com\/mobiliario-hosteleria\/catalogo\/mobiliario-interior\/mobiliario-oficina-sillas-y-mesas\/sillon-oficina-dot-pro-forma-5\/\" \/>\n<meta property=\"og:locale\" content=\"es_ES\" \/>\n<meta property=\"og:type\" content=\"article\" \/>\n<meta property=\"og:title\" content=\"Sill\u00f3n oficina Dot Pro Forma 5 - Sillas de Oficina y Bar\" \/>\n<meta property=\"og:description\" content=\"La silla Dot Pro ha sido dise\u00f1ada buscando un punto de inflexi\u00f3n innovador aplicado a la siller\u00eda de oficina.\" \/>\n<meta property=\"og:url\" content=\"https:\/\/www.multisilla.com\/mobiliario-hosteleria\/catalogo\/mobiliario-interior\/mobiliario-oficina-sillas-y-mesas\/sillon-oficina-dot-pro-forma-5\/\" \/>\n<meta property=\"og:site_name\" content=\"Sillas de Oficina y Bar\" \/>\n<meta property=\"article:modified_time\" content=\"2021-10-28T10:36:01+00:00\" \/>\n<meta property=\"og:image\" content=\"https:\/\/www.multisilla.com\/mobiliario-hosteleria\/wp-content\/uploads\/Silla-Dot-Pro-Previa.jpg\" \/>\n\t<meta property=\"og:image:width\" content=\"719\" \/>\n\t<meta property=\"og:image:height\" content=\"719\" \/>\n\t<meta property=\"og:image:type\" content=\"image\/jpeg\" \/>\n<meta name=\"twitter:card\" content=\"summary_large_image\" \/>\n<script type=\"application\/ld+json\" class=\"yoast-schema-graph\">{\"@context\":\"https:\/\/schema.org\",\"@graph\":[{\"@type\":\"WebPage\",\"@id\":\"https:\/\/www.multisilla.com\/mobiliario-hosteleria\/catalogo\/mobiliario-interior\/mobiliario-oficina-sillas-y-mesas\/sillon-oficina-dot-pro-forma-5\/\",\"url\":\"https:\/\/www.multisilla.com\/mobiliario-hosteleria\/catalogo\/mobiliario-interior\/mobiliario-oficina-sillas-y-mesas\/sillon-oficina-dot-pro-forma-5\/\",\"name\":\"Sill\u00f3n oficina Dot Pro Forma 5 - Sillas de Oficina y Bar\",\"isPartOf\":{\"@id\":\"https:\/\/www.multisilla.com\/mobiliario-hosteleria\/#website\"},\"primaryImageOfPage\":{\"@id\":\"https:\/\/www.multisilla.com\/mobiliario-hosteleria\/catalogo\/mobiliario-interior\/mobiliario-oficina-sillas-y-mesas\/sillon-oficina-dot-pro-forma-5\/#primaryimage\"},\"image\":{\"@id\":\"https:\/\/www.multisilla.com\/mobiliario-hosteleria\/catalogo\/mobiliario-interior\/mobiliario-oficina-sillas-y-mesas\/sillon-oficina-dot-pro-forma-5\/#primaryimage\"},\"thumbnailUrl\":\"https:\/\/www.multisilla.com\/mobiliario-hosteleria\/wp-content\/uploads\/Silla-Dot-Pro-Previa.jpg\",\"datePublished\":\"2019-09-04T08:31:11+00:00\",\"dateModified\":\"2021-10-28T10:36:01+00:00\",\"description\":\"La silla Dot Pro ha sido dise\u00f1ada buscando un punto de inflexi\u00f3n innovador aplicado a la siller\u00eda de oficina.\",\"breadcrumb\":{\"@id\":\"https:\/\/www.multisilla.com\/mobiliario-hosteleria\/catalogo\/mobiliario-interior\/mobiliario-oficina-sillas-y-mesas\/sillon-oficina-dot-pro-forma-5\/#breadcrumb\"},\"inLanguage\":\"es\",\"potentialAction\":[{\"@type\":\"ReadAction\",\"target\":[\"https:\/\/www.multisilla.com\/mobiliario-hosteleria\/catalogo\/mobiliario-interior\/mobiliario-oficina-sillas-y-mesas\/sillon-oficina-dot-pro-forma-5\/\"]}]},{\"@type\":\"ImageObject\",\"inLanguage\":\"es\",\"@id\":\"https:\/\/www.multisilla.com\/mobiliario-hosteleria\/catalogo\/mobiliario-interior\/mobiliario-oficina-sillas-y-mesas\/sillon-oficina-dot-pro-forma-5\/#primaryimage\",\"url\":\"https:\/\/www.multisilla.com\/mobiliario-hosteleria\/wp-content\/uploads\/Silla-Dot-Pro-Previa.jpg\",\"contentUrl\":\"https:\/\/www.multisilla.com\/mobiliario-hosteleria\/wp-content\/uploads\/Silla-Dot-Pro-Previa.jpg\",\"width\":719,\"height\":719},{\"@type\":\"BreadcrumbList\",\"@id\":\"https:\/\/www.multisilla.com\/mobiliario-hosteleria\/catalogo\/mobiliario-interior\/mobiliario-oficina-sillas-y-mesas\/sillon-oficina-dot-pro-forma-5\/#breadcrumb\",\"itemListElement\":[{\"@type\":\"ListItem\",\"position\":1,\"name\":\"Portada\",\"item\":\"https:\/\/www.multisilla.com\/mobiliario-hosteleria\/\"},{\"@type\":\"ListItem\",\"position\":2,\"name\":\"Entrada tienda\",\"item\":\"https:\/\/www.multisilla.com\/mobiliario-hosteleria\/entrada-tienda\/\"},{\"@type\":\"ListItem\",\"position\":3,\"name\":\"Sill\u00f3n oficina Dot Pro Forma 5\"}]},{\"@type\":\"WebSite\",\"@id\":\"https:\/\/www.multisilla.com\/mobiliario-hosteleria\/#website\",\"url\":\"https:\/\/www.multisilla.com\/mobiliario-hosteleria\/\",\"name\":\"Sillas de Oficina y Bar\",\"description\":\"El Especialista en Sillas, Mesas y Taburetes\",\"publisher\":{\"@id\":\"https:\/\/www.multisilla.com\/mobiliario-hosteleria\/#organization\"},\"potentialAction\":[{\"@type\":\"SearchAction\",\"target\":{\"@type\":\"EntryPoint\",\"urlTemplate\":\"https:\/\/www.multisilla.com\/mobiliario-hosteleria\/?s={search_term_string}\"},\"query-input\":\"required name=search_term_string\"}],\"inLanguage\":\"es\"},{\"@type\":\"Organization\",\"@id\":\"https:\/\/www.multisilla.com\/mobiliario-hosteleria\/#organization\",\"name\":\"Multisilla\",\"url\":\"https:\/\/www.multisilla.com\/mobiliario-hosteleria\/\",\"logo\":{\"@type\":\"ImageObject\",\"inLanguage\":\"es\",\"@id\":\"https:\/\/www.multisilla.com\/mobiliario-hosteleria\/#\/schema\/logo\/image\/\",\"url\":\"https:\/\/www.multisilla.com\/mobiliario-hosteleria\/wp-content\/uploads\/logo-multisilla-nuevo-taburetes.png\",\"contentUrl\":\"https:\/\/www.multisilla.com\/mobiliario-hosteleria\/wp-content\/uploads\/logo-multisilla-nuevo-taburetes.png\",\"width\":240,\"height\":92,\"caption\":\"Multisilla\"},\"image\":{\"@id\":\"https:\/\/www.multisilla.com\/mobiliario-hosteleria\/#\/schema\/logo\/image\/\"}}]}<\/script>\n<!-- \/ Yoast SEO plugin. -->","yoast_head_json":{"title":"Sill\u00f3n oficina Dot Pro Forma 5 - Sillas de Oficina y Bar","description":"La silla Dot Pro ha sido dise\u00f1ada buscando un punto de inflexi\u00f3n innovador aplicado a la siller\u00eda de oficina.","robots":{"index":"index","follow":"follow","max-snippet":"max-snippet:-1","max-image-preview":"max-image-preview:large","max-video-preview":"max-video-preview:-1"},"canonical":"https:\/\/www.multisilla.com\/mobiliario-hosteleria\/catalogo\/mobiliario-interior\/mobiliario-oficina-sillas-y-mesas\/sillon-oficina-dot-pro-forma-5\/","og_locale":"es_ES","og_type":"article","og_title":"Sill\u00f3n oficina Dot Pro Forma 5 - Sillas de Oficina y Bar","og_description":"La silla Dot Pro ha sido dise\u00f1ada buscando un punto de inflexi\u00f3n innovador aplicado a la siller\u00eda de oficina.","og_url":"https:\/\/www.multisilla.com\/mobiliario-hosteleria\/catalogo\/mobiliario-interior\/mobiliario-oficina-sillas-y-mesas\/sillon-oficina-dot-pro-forma-5\/","og_site_name":"Sillas de Oficina y Bar","article_modified_time":"2021-10-28T10:36:01+00:00","og_image":[{"width":719,"height":719,"url":"https:\/\/www.multisilla.com\/mobiliario-hosteleria\/wp-content\/uploads\/Silla-Dot-Pro-Previa.jpg","type":"image\/jpeg"}],"twitter_card":"summary_large_image","schema":{"@context":"https:\/\/schema.org","@graph":[{"@type":"WebPage","@id":"https:\/\/www.multisilla.com\/mobiliario-hosteleria\/catalogo\/mobiliario-interior\/mobiliario-oficina-sillas-y-mesas\/sillon-oficina-dot-pro-forma-5\/","url":"https:\/\/www.multisilla.com\/mobiliario-hosteleria\/catalogo\/mobiliario-interior\/mobiliario-oficina-sillas-y-mesas\/sillon-oficina-dot-pro-forma-5\/","name":"Sill\u00f3n oficina Dot Pro Forma 5 - Sillas de Oficina y Bar","isPartOf":{"@id":"https:\/\/www.multisilla.com\/mobiliario-hosteleria\/#website"},"primaryImageOfPage":{"@id":"https:\/\/www.multisilla.com\/mobiliario-hosteleria\/catalogo\/mobiliario-interior\/mobiliario-oficina-sillas-y-mesas\/sillon-oficina-dot-pro-forma-5\/#primaryimage"},"image":{"@id":"https:\/\/www.multisilla.com\/mobiliario-hosteleria\/catalogo\/mobiliario-interior\/mobiliario-oficina-sillas-y-mesas\/sillon-oficina-dot-pro-forma-5\/#primaryimage"},"thumbnailUrl":"https:\/\/www.multisilla.com\/mobiliario-hosteleria\/wp-content\/uploads\/Silla-Dot-Pro-Previa.jpg","datePublished":"2019-09-04T08:31:11+00:00","dateModified":"2021-10-28T10:36:01+00:00","description":"La silla Dot Pro ha sido dise\u00f1ada buscando un punto de inflexi\u00f3n innovador aplicado a la siller\u00eda de oficina.","breadcrumb":{"@id":"https:\/\/www.multisilla.com\/mobiliario-hosteleria\/catalogo\/mobiliario-interior\/mobiliario-oficina-sillas-y-mesas\/sillon-oficina-dot-pro-forma-5\/#breadcrumb"},"inLanguage":"es","potentialAction":[{"@type":"ReadAction","target":["https:\/\/www.multisilla.com\/mobiliario-hosteleria\/catalogo\/mobiliario-interior\/mobiliario-oficina-sillas-y-mesas\/sillon-oficina-dot-pro-forma-5\/"]}]},{"@type":"ImageObject","inLanguage":"es","@id":"https:\/\/www.multisilla.com\/mobiliario-hosteleria\/catalogo\/mobiliario-interior\/mobiliario-oficina-sillas-y-mesas\/sillon-oficina-dot-pro-forma-5\/#primaryimage","url":"https:\/\/www.multisilla.com\/mobiliario-hosteleria\/wp-content\/uploads\/Silla-Dot-Pro-Previa.jpg","contentUrl":"https:\/\/www.multisilla.com\/mobiliario-hosteleria\/wp-content\/uploads\/Silla-Dot-Pro-Previa.jpg","width":719,"height":719},{"@type":"BreadcrumbList","@id":"https:\/\/www.multisilla.com\/mobiliario-hosteleria\/catalogo\/mobiliario-interior\/mobiliario-oficina-sillas-y-mesas\/sillon-oficina-dot-pro-forma-5\/#breadcrumb","itemListElement":[{"@type":"ListItem","position":1,"name":"Portada","item":"https:\/\/www.multisilla.com\/mobiliario-hosteleria\/"},{"@type":"ListItem","position":2,"name":"Entrada tienda","item":"https:\/\/www.multisilla.com\/mobiliario-hosteleria\/entrada-tienda\/"},{"@type":"ListItem","position":3,"name":"Sill\u00f3n oficina Dot Pro Forma 5"}]},{"@type":"WebSite","@id":"https:\/\/www.multisilla.com\/mobiliario-hosteleria\/#website","url":"https:\/\/www.multisilla.com\/mobiliario-hosteleria\/","name":"Sillas de Oficina y Bar","description":"El Especialista en Sillas, Mesas y Taburetes","publisher":{"@id":"https:\/\/www.multisilla.com\/mobiliario-hosteleria\/#organization"},"potentialAction":[{"@type":"SearchAction","target":{"@type":"EntryPoint","urlTemplate":"https:\/\/www.multisilla.com\/mobiliario-hosteleria\/?s={search_term_string}"},"query-input":"required name=search_term_string"}],"inLanguage":"es"},{"@type":"Organization","@id":"https:\/\/www.multisilla.com\/mobiliario-hosteleria\/#organization","name":"Multisilla","url":"https:\/\/www.multisilla.com\/mobiliario-hosteleria\/","logo":{"@type":"ImageObject","inLanguage":"es","@id":"https:\/\/www.multisilla.com\/mobiliario-hosteleria\/#\/schema\/logo\/image\/","url":"https:\/\/www.multisilla.com\/mobiliario-hosteleria\/wp-content\/uploads\/logo-multisilla-nuevo-taburetes.png","contentUrl":"https:\/\/www.multisilla.com\/mobiliario-hosteleria\/wp-content\/uploads\/logo-multisilla-nuevo-taburetes.png","width":240,"height":92,"caption":"Multisilla"},"image":{"@id":"https:\/\/www.multisilla.com\/mobiliario-hosteleria\/#\/schema\/logo\/image\/"}}]}},"_links":{"self":[{"href":"https:\/\/www.multisilla.com\/mobiliario-hosteleria\/wp-json\/wp\/v2\/product\/18661"}],"collection":[{"href":"https:\/\/www.multisilla.com\/mobiliario-hosteleria\/wp-json\/wp\/v2\/product"}],"about":[{"href":"https:\/\/www.multisilla.com\/mobiliario-hosteleria\/wp-json\/wp\/v2\/types\/product"}],"wp:featuredmedia":[{"embeddable":true,"href":"https:\/\/www.multisilla.com\/mobiliario-hosteleria\/wp-json\/wp\/v2\/media\/18668"}],"wp:attachment":[{"href":"https:\/\/www.multisilla.com\/mobiliario-hosteleria\/wp-json\/wp\/v2\/media?parent=18661"}],"wp:term":[{"taxonomy":"product_cat","embeddable":true,"href":"https:\/\/www.multisilla.com\/mobiliario-hosteleria\/wp-json\/wp\/v2\/product_cat?post=18661"},{"taxonomy":"product_tag","embeddable":true,"href":"https:\/\/www.multisilla.com\/mobiliario-hosteleria\/wp-json\/wp\/v2\/product_tag?post=18661"}],"curies":[{"name":"wp","href":"https:\/\/api.w.org\/{rel}","templated":true}]}}