{"id":21109,"date":"2020-07-27T19:22:46","date_gmt":"2020-07-27T17:22:46","guid":{"rendered":"https:\/\/multisilla.com\/multisilla-profesional\/?post_type=product&#038;p=21109"},"modified":"2021-12-16T16:40:54","modified_gmt":"2021-12-16T14:40:54","slug":"sillon-hosteleria-54-smart-varaschin","status":"publish","type":"product","link":"https:\/\/www.multisilla.com\/mobiliario-hosteleria\/catalogo\/mobiliario-exterior\/sillas-exterior\/sillon-hosteleria-54-smart-varaschin\/","title":{"rendered":"Sill\u00f3n hosteler\u00eda 54-Smart de Varaschin"},"content":{"rendered":"<p>El sill\u00f3n Smart proviene del equilibrio perfecto entre la curva envolvente del respaldo y la verticalidad din\u00e1mica del tejido en el cord\u00f3n sint\u00e9tico VAR TEX. Ligero y f\u00e1cil de manejar, perfecto para exterior y se adaptan a cualquier espacio. La familia Smart tiene varias posibilidades, para que puedas crear t\u00fa mejor composici\u00f3n, sillones bajos o butaca, sof\u00e1 o taburete, decide y combina, no te arrepentir\u00e1s.<\/p>\n<p>Es apilable y muy c\u00f3modo,\u00a0 ideal para largas veladas en tu terraza o jard\u00edn.<\/p>\n<p>Lo puedes ver y probar en nuestra exposici\u00f3n de Eur\u00f3polis, las Rozas.<\/p>\n<p>Una silla pr\u00e1cticamente universal con sus l\u00edneas limpias y simples.<\/p>\n<p>&nbsp;<\/p>\n<p>Precio indicado para un pedido igual o superior a 24 unidades.<\/p>\n<p><strong><span class=\"grispeque\">Precio indicado v\u00e1lido para la comunidad de Madrid, en el resto de comunidades sufrir\u00e1 un incremento por el coste del transporte, que se calcular\u00e1 en cada caso dependiendo del c\u00f3digo postal y de la cantidad de art\u00edculos solicitados.<\/span><\/strong><\/p>\n<p>&nbsp;<\/p>\n<p>&nbsp;<\/p>\n","protected":false},"excerpt":{"rendered":"<p style=\"font-size: 0px\">silla 54 Smart Varaschin<\/p>\n","protected":false},"featured_media":21160,"template":"","meta":[],"product_cat":[699,22,660],"product_tag":[684],"class_list":["post-21109","product","type-product","status-publish","has-post-thumbnail","hentry","product_cat-cat-etiquetaoculta","product_cat-sillas-exterior","product_cat-novedades","product_tag-etiquetaoculta","pa_material-metal","pa_material-tapizado","pa_otros-apilable"],"yoast_head":"<!-- This site is optimized with the Yoast SEO plugin v23.1 - https:\/\/yoast.com\/wordpress\/plugins\/seo\/ -->\n<title>Sill\u00f3n hosteler\u00eda 54-Smart de Varaschin - Sillas de Oficina y Bar<\/title>\n<meta name=\"robots\" content=\"index, follow, max-snippet:-1, max-image-preview:large, max-video-preview:-1\" \/>\n<link rel=\"canonical\" href=\"https:\/\/www.multisilla.com\/mobiliario-hosteleria\/catalogo\/mobiliario-exterior\/sillas-exterior\/sillon-hosteleria-54-smart-varaschin\/\" \/>\n<meta property=\"og:locale\" content=\"es_ES\" \/>\n<meta property=\"og:type\" content=\"article\" \/>\n<meta property=\"og:title\" content=\"Sill\u00f3n hosteler\u00eda 54-Smart de Varaschin - Sillas de Oficina y Bar\" \/>\n<meta property=\"og:description\" content=\"silla 54 Smart Varaschin\" \/>\n<meta property=\"og:url\" content=\"https:\/\/www.multisilla.com\/mobiliario-hosteleria\/catalogo\/mobiliario-exterior\/sillas-exterior\/sillon-hosteleria-54-smart-varaschin\/\" \/>\n<meta property=\"og:site_name\" content=\"Sillas de Oficina y Bar\" \/>\n<meta property=\"article:modified_time\" content=\"2021-12-16T14:40:54+00:00\" \/>\n<meta property=\"og:image\" content=\"https:\/\/www.multisilla.com\/mobiliario-hosteleria\/wp-content\/uploads\/Previa-Silla-Smart-1.jpg\" \/>\n\t<meta property=\"og:image:width\" content=\"719\" \/>\n\t<meta property=\"og:image:height\" content=\"719\" \/>\n\t<meta property=\"og:image:type\" content=\"image\/jpeg\" \/>\n<meta name=\"twitter:card\" content=\"summary_large_image\" \/>\n<meta name=\"twitter:label1\" content=\"Tiempo de lectura\" \/>\n\t<meta name=\"twitter:data1\" content=\"1 minuto\" \/>\n<script type=\"application\/ld+json\" class=\"yoast-schema-graph\">{\"@context\":\"https:\/\/schema.org\",\"@graph\":[{\"@type\":\"WebPage\",\"@id\":\"https:\/\/www.multisilla.com\/mobiliario-hosteleria\/catalogo\/mobiliario-exterior\/sillas-exterior\/sillon-hosteleria-54-smart-varaschin\/\",\"url\":\"https:\/\/www.multisilla.com\/mobiliario-hosteleria\/catalogo\/mobiliario-exterior\/sillas-exterior\/sillon-hosteleria-54-smart-varaschin\/\",\"name\":\"Sill\u00f3n hosteler\u00eda 54-Smart de Varaschin - Sillas de Oficina y Bar\",\"isPartOf\":{\"@id\":\"https:\/\/www.multisilla.com\/mobiliario-hosteleria\/#website\"},\"primaryImageOfPage\":{\"@id\":\"https:\/\/www.multisilla.com\/mobiliario-hosteleria\/catalogo\/mobiliario-exterior\/sillas-exterior\/sillon-hosteleria-54-smart-varaschin\/#primaryimage\"},\"image\":{\"@id\":\"https:\/\/www.multisilla.com\/mobiliario-hosteleria\/catalogo\/mobiliario-exterior\/sillas-exterior\/sillon-hosteleria-54-smart-varaschin\/#primaryimage\"},\"thumbnailUrl\":\"https:\/\/www.multisilla.com\/mobiliario-hosteleria\/wp-content\/uploads\/Previa-Silla-Smart-1.jpg\",\"datePublished\":\"2020-07-27T17:22:46+00:00\",\"dateModified\":\"2021-12-16T14:40:54+00:00\",\"breadcrumb\":{\"@id\":\"https:\/\/www.multisilla.com\/mobiliario-hosteleria\/catalogo\/mobiliario-exterior\/sillas-exterior\/sillon-hosteleria-54-smart-varaschin\/#breadcrumb\"},\"inLanguage\":\"es\",\"potentialAction\":[{\"@type\":\"ReadAction\",\"target\":[\"https:\/\/www.multisilla.com\/mobiliario-hosteleria\/catalogo\/mobiliario-exterior\/sillas-exterior\/sillon-hosteleria-54-smart-varaschin\/\"]}]},{\"@type\":\"ImageObject\",\"inLanguage\":\"es\",\"@id\":\"https:\/\/www.multisilla.com\/mobiliario-hosteleria\/catalogo\/mobiliario-exterior\/sillas-exterior\/sillon-hosteleria-54-smart-varaschin\/#primaryimage\",\"url\":\"https:\/\/www.multisilla.com\/mobiliario-hosteleria\/wp-content\/uploads\/Previa-Silla-Smart-1.jpg\",\"contentUrl\":\"https:\/\/www.multisilla.com\/mobiliario-hosteleria\/wp-content\/uploads\/Previa-Silla-Smart-1.jpg\",\"width\":719,\"height\":719},{\"@type\":\"BreadcrumbList\",\"@id\":\"https:\/\/www.multisilla.com\/mobiliario-hosteleria\/catalogo\/mobiliario-exterior\/sillas-exterior\/sillon-hosteleria-54-smart-varaschin\/#breadcrumb\",\"itemListElement\":[{\"@type\":\"ListItem\",\"position\":1,\"name\":\"Portada\",\"item\":\"https:\/\/www.multisilla.com\/mobiliario-hosteleria\/\"},{\"@type\":\"ListItem\",\"position\":2,\"name\":\"Entrada tienda\",\"item\":\"https:\/\/www.multisilla.com\/mobiliario-hosteleria\/entrada-tienda\/\"},{\"@type\":\"ListItem\",\"position\":3,\"name\":\"Sill\u00f3n hosteler\u00eda 54-Smart de Varaschin\"}]},{\"@type\":\"WebSite\",\"@id\":\"https:\/\/www.multisilla.com\/mobiliario-hosteleria\/#website\",\"url\":\"https:\/\/www.multisilla.com\/mobiliario-hosteleria\/\",\"name\":\"Sillas de Oficina y Bar\",\"description\":\"El Especialista en Sillas, Mesas y Taburetes\",\"publisher\":{\"@id\":\"https:\/\/www.multisilla.com\/mobiliario-hosteleria\/#organization\"},\"potentialAction\":[{\"@type\":\"SearchAction\",\"target\":{\"@type\":\"EntryPoint\",\"urlTemplate\":\"https:\/\/www.multisilla.com\/mobiliario-hosteleria\/?s={search_term_string}\"},\"query-input\":\"required name=search_term_string\"}],\"inLanguage\":\"es\"},{\"@type\":\"Organization\",\"@id\":\"https:\/\/www.multisilla.com\/mobiliario-hosteleria\/#organization\",\"name\":\"Multisilla\",\"url\":\"https:\/\/www.multisilla.com\/mobiliario-hosteleria\/\",\"logo\":{\"@type\":\"ImageObject\",\"inLanguage\":\"es\",\"@id\":\"https:\/\/www.multisilla.com\/mobiliario-hosteleria\/#\/schema\/logo\/image\/\",\"url\":\"https:\/\/www.multisilla.com\/mobiliario-hosteleria\/wp-content\/uploads\/logo-multisilla-nuevo-taburetes.png\",\"contentUrl\":\"https:\/\/www.multisilla.com\/mobiliario-hosteleria\/wp-content\/uploads\/logo-multisilla-nuevo-taburetes.png\",\"width\":240,\"height\":92,\"caption\":\"Multisilla\"},\"image\":{\"@id\":\"https:\/\/www.multisilla.com\/mobiliario-hosteleria\/#\/schema\/logo\/image\/\"}}]}<\/script>\n<!-- \/ Yoast SEO plugin. -->","yoast_head_json":{"title":"Sill\u00f3n hosteler\u00eda 54-Smart de Varaschin - Sillas de Oficina y Bar","robots":{"index":"index","follow":"follow","max-snippet":"max-snippet:-1","max-image-preview":"max-image-preview:large","max-video-preview":"max-video-preview:-1"},"canonical":"https:\/\/www.multisilla.com\/mobiliario-hosteleria\/catalogo\/mobiliario-exterior\/sillas-exterior\/sillon-hosteleria-54-smart-varaschin\/","og_locale":"es_ES","og_type":"article","og_title":"Sill\u00f3n hosteler\u00eda 54-Smart de Varaschin - Sillas de Oficina y Bar","og_description":"silla 54 Smart Varaschin","og_url":"https:\/\/www.multisilla.com\/mobiliario-hosteleria\/catalogo\/mobiliario-exterior\/sillas-exterior\/sillon-hosteleria-54-smart-varaschin\/","og_site_name":"Sillas de Oficina y Bar","article_modified_time":"2021-12-16T14:40:54+00:00","og_image":[{"width":719,"height":719,"url":"https:\/\/www.multisilla.com\/mobiliario-hosteleria\/wp-content\/uploads\/Previa-Silla-Smart-1.jpg","type":"image\/jpeg"}],"twitter_card":"summary_large_image","twitter_misc":{"Tiempo de lectura":"1 minuto"},"schema":{"@context":"https:\/\/schema.org","@graph":[{"@type":"WebPage","@id":"https:\/\/www.multisilla.com\/mobiliario-hosteleria\/catalogo\/mobiliario-exterior\/sillas-exterior\/sillon-hosteleria-54-smart-varaschin\/","url":"https:\/\/www.multisilla.com\/mobiliario-hosteleria\/catalogo\/mobiliario-exterior\/sillas-exterior\/sillon-hosteleria-54-smart-varaschin\/","name":"Sill\u00f3n hosteler\u00eda 54-Smart de Varaschin - Sillas de Oficina y Bar","isPartOf":{"@id":"https:\/\/www.multisilla.com\/mobiliario-hosteleria\/#website"},"primaryImageOfPage":{"@id":"https:\/\/www.multisilla.com\/mobiliario-hosteleria\/catalogo\/mobiliario-exterior\/sillas-exterior\/sillon-hosteleria-54-smart-varaschin\/#primaryimage"},"image":{"@id":"https:\/\/www.multisilla.com\/mobiliario-hosteleria\/catalogo\/mobiliario-exterior\/sillas-exterior\/sillon-hosteleria-54-smart-varaschin\/#primaryimage"},"thumbnailUrl":"https:\/\/www.multisilla.com\/mobiliario-hosteleria\/wp-content\/uploads\/Previa-Silla-Smart-1.jpg","datePublished":"2020-07-27T17:22:46+00:00","dateModified":"2021-12-16T14:40:54+00:00","breadcrumb":{"@id":"https:\/\/www.multisilla.com\/mobiliario-hosteleria\/catalogo\/mobiliario-exterior\/sillas-exterior\/sillon-hosteleria-54-smart-varaschin\/#breadcrumb"},"inLanguage":"es","potentialAction":[{"@type":"ReadAction","target":["https:\/\/www.multisilla.com\/mobiliario-hosteleria\/catalogo\/mobiliario-exterior\/sillas-exterior\/sillon-hosteleria-54-smart-varaschin\/"]}]},{"@type":"ImageObject","inLanguage":"es","@id":"https:\/\/www.multisilla.com\/mobiliario-hosteleria\/catalogo\/mobiliario-exterior\/sillas-exterior\/sillon-hosteleria-54-smart-varaschin\/#primaryimage","url":"https:\/\/www.multisilla.com\/mobiliario-hosteleria\/wp-content\/uploads\/Previa-Silla-Smart-1.jpg","contentUrl":"https:\/\/www.multisilla.com\/mobiliario-hosteleria\/wp-content\/uploads\/Previa-Silla-Smart-1.jpg","width":719,"height":719},{"@type":"BreadcrumbList","@id":"https:\/\/www.multisilla.com\/mobiliario-hosteleria\/catalogo\/mobiliario-exterior\/sillas-exterior\/sillon-hosteleria-54-smart-varaschin\/#breadcrumb","itemListElement":[{"@type":"ListItem","position":1,"name":"Portada","item":"https:\/\/www.multisilla.com\/mobiliario-hosteleria\/"},{"@type":"ListItem","position":2,"name":"Entrada tienda","item":"https:\/\/www.multisilla.com\/mobiliario-hosteleria\/entrada-tienda\/"},{"@type":"ListItem","position":3,"name":"Sill\u00f3n hosteler\u00eda 54-Smart de Varaschin"}]},{"@type":"WebSite","@id":"https:\/\/www.multisilla.com\/mobiliario-hosteleria\/#website","url":"https:\/\/www.multisilla.com\/mobiliario-hosteleria\/","name":"Sillas de Oficina y Bar","description":"El Especialista en Sillas, Mesas y Taburetes","publisher":{"@id":"https:\/\/www.multisilla.com\/mobiliario-hosteleria\/#organization"},"potentialAction":[{"@type":"SearchAction","target":{"@type":"EntryPoint","urlTemplate":"https:\/\/www.multisilla.com\/mobiliario-hosteleria\/?s={search_term_string}"},"query-input":"required name=search_term_string"}],"inLanguage":"es"},{"@type":"Organization","@id":"https:\/\/www.multisilla.com\/mobiliario-hosteleria\/#organization","name":"Multisilla","url":"https:\/\/www.multisilla.com\/mobiliario-hosteleria\/","logo":{"@type":"ImageObject","inLanguage":"es","@id":"https:\/\/www.multisilla.com\/mobiliario-hosteleria\/#\/schema\/logo\/image\/","url":"https:\/\/www.multisilla.com\/mobiliario-hosteleria\/wp-content\/uploads\/logo-multisilla-nuevo-taburetes.png","contentUrl":"https:\/\/www.multisilla.com\/mobiliario-hosteleria\/wp-content\/uploads\/logo-multisilla-nuevo-taburetes.png","width":240,"height":92,"caption":"Multisilla"},"image":{"@id":"https:\/\/www.multisilla.com\/mobiliario-hosteleria\/#\/schema\/logo\/image\/"}}]}},"_links":{"self":[{"href":"https:\/\/www.multisilla.com\/mobiliario-hosteleria\/wp-json\/wp\/v2\/product\/21109"}],"collection":[{"href":"https:\/\/www.multisilla.com\/mobiliario-hosteleria\/wp-json\/wp\/v2\/product"}],"about":[{"href":"https:\/\/www.multisilla.com\/mobiliario-hosteleria\/wp-json\/wp\/v2\/types\/product"}],"wp:featuredmedia":[{"embeddable":true,"href":"https:\/\/www.multisilla.com\/mobiliario-hosteleria\/wp-json\/wp\/v2\/media\/21160"}],"wp:attachment":[{"href":"https:\/\/www.multisilla.com\/mobiliario-hosteleria\/wp-json\/wp\/v2\/media?parent=21109"}],"wp:term":[{"taxonomy":"product_cat","embeddable":true,"href":"https:\/\/www.multisilla.com\/mobiliario-hosteleria\/wp-json\/wp\/v2\/product_cat?post=21109"},{"taxonomy":"product_tag","embeddable":true,"href":"https:\/\/www.multisilla.com\/mobiliario-hosteleria\/wp-json\/wp\/v2\/product_tag?post=21109"}],"curies":[{"name":"wp","href":"https:\/\/api.w.org\/{rel}","templated":true}]}}