{"id":25120,"date":"2023-12-01T11:37:05","date_gmt":"2023-12-01T10:37:05","guid":{"rendered":"https:\/\/www.multisilla.com\/mobiliario-hosteleria\/?post_type=product&#038;p=25120"},"modified":"2023-12-01T13:21:28","modified_gmt":"2023-12-01T12:21:28","slug":"sillon-oficina-flow-forma-5","status":"publish","type":"product","link":"https:\/\/www.multisilla.com\/mobiliario-hosteleria\/catalogo\/mobiliario-interior\/mobiliario-oficina-sillas-y-mesas\/sillon-oficina-flow-forma-5\/","title":{"rendered":"Sill\u00f3n oficina Flow Forma 5"},"content":{"rendered":"<p>Flow es sin\u00f3nimo del dinamismo actual de los espacios de trabajo, una herramienta m\u00e1s que nos ofrece confort mientras desarrollamos nuestra jornada. De est\u00e9tica esencialmente ligera, la geometr\u00eda sencilla de Flow est\u00e1 especialmente pensada para zonas de trabajo rotativo, de trabajo en equipo, coworking e incluso en el hogar.<\/p>\n<p>Sus caracter\u00edsticas t\u00e9cnicas la hacen una silla muy completa para que trabajar no sea un problema de ergonom\u00eda.<\/p>\n<p>El respaldo puede ser tapizado o polipropileno.<\/p>\n<p>Marco negro o gris niebla, con brazos fijos.<\/p>\n<p>Trasla (regulaci\u00f3n de la profundidad del asiento) opcional.<\/p>\n<p>Sincro Atom (autopesante)<\/p>\n<p>Asiento de espuma de inyecci\u00f3n de poliuretano tapizada.<\/p>\n<p>Base star de poliamida D64\/69 cm o base star de aluminio pulido D69 cm<\/p>\n<p>Rueda de doble rodadura dura o blanda de 50\/65mm<\/p>\n<p>&nbsp;<\/p>\n","protected":false},"excerpt":{"rendered":"","protected":false},"featured_media":25121,"template":"","meta":[],"product_cat":[699,9,694,687,660],"product_tag":[684],"class_list":["post-25120","product","type-product","status-publish","has-post-thumbnail","hentry","product_cat-cat-etiquetaoculta","product_cat-mobiliario-interior","product_cat-sillas-de-oficina","product_cat-mobiliario-oficina-sillas-y-mesas","product_cat-novedades","product_tag-etiquetaoculta","pa_disenador-ito-design","pa_marca-forma-5"],"yoast_head":"<!-- This site is optimized with the Yoast SEO plugin v23.1 - https:\/\/yoast.com\/wordpress\/plugins\/seo\/ -->\n<title>Sill\u00f3n oficina Flow Forma 5 - Sillas de Oficina y Bar<\/title>\n<meta name=\"description\" content=\"La silla que acompa\u00f1a al movimiento natural del cuerpo, Incrementando el movimiento articular y la actividad muscular.\" \/>\n<meta name=\"robots\" content=\"index, follow, max-snippet:-1, max-image-preview:large, max-video-preview:-1\" \/>\n<link rel=\"canonical\" href=\"https:\/\/www.multisilla.com\/mobiliario-hosteleria\/catalogo\/mobiliario-interior\/mobiliario-oficina-sillas-y-mesas\/sillon-oficina-flow-forma-5\/\" \/>\n<meta property=\"og:locale\" content=\"es_ES\" \/>\n<meta property=\"og:type\" content=\"article\" \/>\n<meta property=\"og:title\" content=\"Sill\u00f3n oficina Flow Forma 5 - Sillas de Oficina y Bar\" \/>\n<meta property=\"og:description\" content=\"La silla que acompa\u00f1a al movimiento natural del cuerpo, Incrementando el movimiento articular y la actividad muscular.\" \/>\n<meta property=\"og:url\" content=\"https:\/\/www.multisilla.com\/mobiliario-hosteleria\/catalogo\/mobiliario-interior\/mobiliario-oficina-sillas-y-mesas\/sillon-oficina-flow-forma-5\/\" \/>\n<meta property=\"og:site_name\" content=\"Sillas de Oficina y Bar\" \/>\n<meta property=\"article:modified_time\" content=\"2023-12-01T12:21:28+00:00\" \/>\n<meta property=\"og:image\" content=\"https:\/\/www.multisilla.com\/mobiliario-hosteleria\/wp-content\/uploads\/Previa-silla-Flow-Forma-5.jpg\" \/>\n\t<meta property=\"og:image:width\" content=\"370\" \/>\n\t<meta property=\"og:image:height\" content=\"370\" \/>\n\t<meta property=\"og:image:type\" content=\"image\/jpeg\" \/>\n<meta name=\"twitter:card\" content=\"summary_large_image\" \/>\n<meta name=\"twitter:label1\" content=\"Tiempo de lectura\" \/>\n\t<meta name=\"twitter:data1\" content=\"1 minuto\" \/>\n<script type=\"application\/ld+json\" class=\"yoast-schema-graph\">{\"@context\":\"https:\/\/schema.org\",\"@graph\":[{\"@type\":\"WebPage\",\"@id\":\"https:\/\/www.multisilla.com\/mobiliario-hosteleria\/catalogo\/mobiliario-interior\/mobiliario-oficina-sillas-y-mesas\/sillon-oficina-flow-forma-5\/\",\"url\":\"https:\/\/www.multisilla.com\/mobiliario-hosteleria\/catalogo\/mobiliario-interior\/mobiliario-oficina-sillas-y-mesas\/sillon-oficina-flow-forma-5\/\",\"name\":\"Sill\u00f3n oficina Flow Forma 5 - Sillas de Oficina y Bar\",\"isPartOf\":{\"@id\":\"https:\/\/www.multisilla.com\/mobiliario-hosteleria\/#website\"},\"primaryImageOfPage\":{\"@id\":\"https:\/\/www.multisilla.com\/mobiliario-hosteleria\/catalogo\/mobiliario-interior\/mobiliario-oficina-sillas-y-mesas\/sillon-oficina-flow-forma-5\/#primaryimage\"},\"image\":{\"@id\":\"https:\/\/www.multisilla.com\/mobiliario-hosteleria\/catalogo\/mobiliario-interior\/mobiliario-oficina-sillas-y-mesas\/sillon-oficina-flow-forma-5\/#primaryimage\"},\"thumbnailUrl\":\"https:\/\/www.multisilla.com\/mobiliario-hosteleria\/wp-content\/uploads\/Previa-silla-Flow-Forma-5.jpg\",\"datePublished\":\"2023-12-01T10:37:05+00:00\",\"dateModified\":\"2023-12-01T12:21:28+00:00\",\"description\":\"La silla que acompa\u00f1a al movimiento natural del cuerpo, Incrementando el movimiento articular y la actividad muscular.\",\"breadcrumb\":{\"@id\":\"https:\/\/www.multisilla.com\/mobiliario-hosteleria\/catalogo\/mobiliario-interior\/mobiliario-oficina-sillas-y-mesas\/sillon-oficina-flow-forma-5\/#breadcrumb\"},\"inLanguage\":\"es\",\"potentialAction\":[{\"@type\":\"ReadAction\",\"target\":[\"https:\/\/www.multisilla.com\/mobiliario-hosteleria\/catalogo\/mobiliario-interior\/mobiliario-oficina-sillas-y-mesas\/sillon-oficina-flow-forma-5\/\"]}]},{\"@type\":\"ImageObject\",\"inLanguage\":\"es\",\"@id\":\"https:\/\/www.multisilla.com\/mobiliario-hosteleria\/catalogo\/mobiliario-interior\/mobiliario-oficina-sillas-y-mesas\/sillon-oficina-flow-forma-5\/#primaryimage\",\"url\":\"https:\/\/www.multisilla.com\/mobiliario-hosteleria\/wp-content\/uploads\/Previa-silla-Flow-Forma-5.jpg\",\"contentUrl\":\"https:\/\/www.multisilla.com\/mobiliario-hosteleria\/wp-content\/uploads\/Previa-silla-Flow-Forma-5.jpg\",\"width\":370,\"height\":370},{\"@type\":\"BreadcrumbList\",\"@id\":\"https:\/\/www.multisilla.com\/mobiliario-hosteleria\/catalogo\/mobiliario-interior\/mobiliario-oficina-sillas-y-mesas\/sillon-oficina-flow-forma-5\/#breadcrumb\",\"itemListElement\":[{\"@type\":\"ListItem\",\"position\":1,\"name\":\"Portada\",\"item\":\"https:\/\/www.multisilla.com\/mobiliario-hosteleria\/\"},{\"@type\":\"ListItem\",\"position\":2,\"name\":\"Entrada tienda\",\"item\":\"https:\/\/www.multisilla.com\/mobiliario-hosteleria\/entrada-tienda\/\"},{\"@type\":\"ListItem\",\"position\":3,\"name\":\"Sill\u00f3n oficina Flow Forma 5\"}]},{\"@type\":\"WebSite\",\"@id\":\"https:\/\/www.multisilla.com\/mobiliario-hosteleria\/#website\",\"url\":\"https:\/\/www.multisilla.com\/mobiliario-hosteleria\/\",\"name\":\"Sillas de Oficina y Bar\",\"description\":\"El Especialista en Sillas, Mesas y Taburetes\",\"publisher\":{\"@id\":\"https:\/\/www.multisilla.com\/mobiliario-hosteleria\/#organization\"},\"potentialAction\":[{\"@type\":\"SearchAction\",\"target\":{\"@type\":\"EntryPoint\",\"urlTemplate\":\"https:\/\/www.multisilla.com\/mobiliario-hosteleria\/?s={search_term_string}\"},\"query-input\":\"required name=search_term_string\"}],\"inLanguage\":\"es\"},{\"@type\":\"Organization\",\"@id\":\"https:\/\/www.multisilla.com\/mobiliario-hosteleria\/#organization\",\"name\":\"Multisilla\",\"url\":\"https:\/\/www.multisilla.com\/mobiliario-hosteleria\/\",\"logo\":{\"@type\":\"ImageObject\",\"inLanguage\":\"es\",\"@id\":\"https:\/\/www.multisilla.com\/mobiliario-hosteleria\/#\/schema\/logo\/image\/\",\"url\":\"https:\/\/www.multisilla.com\/mobiliario-hosteleria\/wp-content\/uploads\/logo-multisilla-nuevo-taburetes.png\",\"contentUrl\":\"https:\/\/www.multisilla.com\/mobiliario-hosteleria\/wp-content\/uploads\/logo-multisilla-nuevo-taburetes.png\",\"width\":240,\"height\":92,\"caption\":\"Multisilla\"},\"image\":{\"@id\":\"https:\/\/www.multisilla.com\/mobiliario-hosteleria\/#\/schema\/logo\/image\/\"}}]}<\/script>\n<!-- \/ Yoast SEO plugin. -->","yoast_head_json":{"title":"Sill\u00f3n oficina Flow Forma 5 - Sillas de Oficina y Bar","description":"La silla que acompa\u00f1a al movimiento natural del cuerpo, Incrementando el movimiento articular y la actividad muscular.","robots":{"index":"index","follow":"follow","max-snippet":"max-snippet:-1","max-image-preview":"max-image-preview:large","max-video-preview":"max-video-preview:-1"},"canonical":"https:\/\/www.multisilla.com\/mobiliario-hosteleria\/catalogo\/mobiliario-interior\/mobiliario-oficina-sillas-y-mesas\/sillon-oficina-flow-forma-5\/","og_locale":"es_ES","og_type":"article","og_title":"Sill\u00f3n oficina Flow Forma 5 - Sillas de Oficina y Bar","og_description":"La silla que acompa\u00f1a al movimiento natural del cuerpo, Incrementando el movimiento articular y la actividad muscular.","og_url":"https:\/\/www.multisilla.com\/mobiliario-hosteleria\/catalogo\/mobiliario-interior\/mobiliario-oficina-sillas-y-mesas\/sillon-oficina-flow-forma-5\/","og_site_name":"Sillas de Oficina y Bar","article_modified_time":"2023-12-01T12:21:28+00:00","og_image":[{"width":370,"height":370,"url":"https:\/\/www.multisilla.com\/mobiliario-hosteleria\/wp-content\/uploads\/Previa-silla-Flow-Forma-5.jpg","type":"image\/jpeg"}],"twitter_card":"summary_large_image","twitter_misc":{"Tiempo de lectura":"1 minuto"},"schema":{"@context":"https:\/\/schema.org","@graph":[{"@type":"WebPage","@id":"https:\/\/www.multisilla.com\/mobiliario-hosteleria\/catalogo\/mobiliario-interior\/mobiliario-oficina-sillas-y-mesas\/sillon-oficina-flow-forma-5\/","url":"https:\/\/www.multisilla.com\/mobiliario-hosteleria\/catalogo\/mobiliario-interior\/mobiliario-oficina-sillas-y-mesas\/sillon-oficina-flow-forma-5\/","name":"Sill\u00f3n oficina Flow Forma 5 - Sillas de Oficina y Bar","isPartOf":{"@id":"https:\/\/www.multisilla.com\/mobiliario-hosteleria\/#website"},"primaryImageOfPage":{"@id":"https:\/\/www.multisilla.com\/mobiliario-hosteleria\/catalogo\/mobiliario-interior\/mobiliario-oficina-sillas-y-mesas\/sillon-oficina-flow-forma-5\/#primaryimage"},"image":{"@id":"https:\/\/www.multisilla.com\/mobiliario-hosteleria\/catalogo\/mobiliario-interior\/mobiliario-oficina-sillas-y-mesas\/sillon-oficina-flow-forma-5\/#primaryimage"},"thumbnailUrl":"https:\/\/www.multisilla.com\/mobiliario-hosteleria\/wp-content\/uploads\/Previa-silla-Flow-Forma-5.jpg","datePublished":"2023-12-01T10:37:05+00:00","dateModified":"2023-12-01T12:21:28+00:00","description":"La silla que acompa\u00f1a al movimiento natural del cuerpo, Incrementando el movimiento articular y la actividad muscular.","breadcrumb":{"@id":"https:\/\/www.multisilla.com\/mobiliario-hosteleria\/catalogo\/mobiliario-interior\/mobiliario-oficina-sillas-y-mesas\/sillon-oficina-flow-forma-5\/#breadcrumb"},"inLanguage":"es","potentialAction":[{"@type":"ReadAction","target":["https:\/\/www.multisilla.com\/mobiliario-hosteleria\/catalogo\/mobiliario-interior\/mobiliario-oficina-sillas-y-mesas\/sillon-oficina-flow-forma-5\/"]}]},{"@type":"ImageObject","inLanguage":"es","@id":"https:\/\/www.multisilla.com\/mobiliario-hosteleria\/catalogo\/mobiliario-interior\/mobiliario-oficina-sillas-y-mesas\/sillon-oficina-flow-forma-5\/#primaryimage","url":"https:\/\/www.multisilla.com\/mobiliario-hosteleria\/wp-content\/uploads\/Previa-silla-Flow-Forma-5.jpg","contentUrl":"https:\/\/www.multisilla.com\/mobiliario-hosteleria\/wp-content\/uploads\/Previa-silla-Flow-Forma-5.jpg","width":370,"height":370},{"@type":"BreadcrumbList","@id":"https:\/\/www.multisilla.com\/mobiliario-hosteleria\/catalogo\/mobiliario-interior\/mobiliario-oficina-sillas-y-mesas\/sillon-oficina-flow-forma-5\/#breadcrumb","itemListElement":[{"@type":"ListItem","position":1,"name":"Portada","item":"https:\/\/www.multisilla.com\/mobiliario-hosteleria\/"},{"@type":"ListItem","position":2,"name":"Entrada tienda","item":"https:\/\/www.multisilla.com\/mobiliario-hosteleria\/entrada-tienda\/"},{"@type":"ListItem","position":3,"name":"Sill\u00f3n oficina Flow Forma 5"}]},{"@type":"WebSite","@id":"https:\/\/www.multisilla.com\/mobiliario-hosteleria\/#website","url":"https:\/\/www.multisilla.com\/mobiliario-hosteleria\/","name":"Sillas de Oficina y Bar","description":"El Especialista en Sillas, Mesas y Taburetes","publisher":{"@id":"https:\/\/www.multisilla.com\/mobiliario-hosteleria\/#organization"},"potentialAction":[{"@type":"SearchAction","target":{"@type":"EntryPoint","urlTemplate":"https:\/\/www.multisilla.com\/mobiliario-hosteleria\/?s={search_term_string}"},"query-input":"required name=search_term_string"}],"inLanguage":"es"},{"@type":"Organization","@id":"https:\/\/www.multisilla.com\/mobiliario-hosteleria\/#organization","name":"Multisilla","url":"https:\/\/www.multisilla.com\/mobiliario-hosteleria\/","logo":{"@type":"ImageObject","inLanguage":"es","@id":"https:\/\/www.multisilla.com\/mobiliario-hosteleria\/#\/schema\/logo\/image\/","url":"https:\/\/www.multisilla.com\/mobiliario-hosteleria\/wp-content\/uploads\/logo-multisilla-nuevo-taburetes.png","contentUrl":"https:\/\/www.multisilla.com\/mobiliario-hosteleria\/wp-content\/uploads\/logo-multisilla-nuevo-taburetes.png","width":240,"height":92,"caption":"Multisilla"},"image":{"@id":"https:\/\/www.multisilla.com\/mobiliario-hosteleria\/#\/schema\/logo\/image\/"}}]}},"_links":{"self":[{"href":"https:\/\/www.multisilla.com\/mobiliario-hosteleria\/wp-json\/wp\/v2\/product\/25120"}],"collection":[{"href":"https:\/\/www.multisilla.com\/mobiliario-hosteleria\/wp-json\/wp\/v2\/product"}],"about":[{"href":"https:\/\/www.multisilla.com\/mobiliario-hosteleria\/wp-json\/wp\/v2\/types\/product"}],"wp:featuredmedia":[{"embeddable":true,"href":"https:\/\/www.multisilla.com\/mobiliario-hosteleria\/wp-json\/wp\/v2\/media\/25121"}],"wp:attachment":[{"href":"https:\/\/www.multisilla.com\/mobiliario-hosteleria\/wp-json\/wp\/v2\/media?parent=25120"}],"wp:term":[{"taxonomy":"product_cat","embeddable":true,"href":"https:\/\/www.multisilla.com\/mobiliario-hosteleria\/wp-json\/wp\/v2\/product_cat?post=25120"},{"taxonomy":"product_tag","embeddable":true,"href":"https:\/\/www.multisilla.com\/mobiliario-hosteleria\/wp-json\/wp\/v2\/product_tag?post=25120"}],"curies":[{"name":"wp","href":"https:\/\/api.w.org\/{rel}","templated":true}]}}