{"id":26464,"date":"2024-08-08T09:49:42","date_gmt":"2024-08-08T08:49:42","guid":{"rendered":"https:\/\/www.multisilla.com\/mobiliario-hosteleria\/?post_type=product&#038;p=26464"},"modified":"2024-09-02T17:00:48","modified_gmt":"2024-09-02T16:00:48","slug":"coleccion-45-f-25","status":"publish","type":"product","link":"https:\/\/www.multisilla.com\/mobiliario-hosteleria\/catalogo\/cat-etiquetaoculta\/coleccion-45-f-25\/","title":{"rendered":"Colecci\u00f3n 45- F 25"},"content":{"rendered":"<div class=\"woocommerce-product-details__short-description\">\n<p>S\u00f3lo una meticulosa dedicaci\u00f3n convierte a la idea en una forma visible y llena de vida al relacionarla con el ser humano e integrarla en el sitio, convirti\u00e9ndola en parte de una composici\u00f3n unificada.<\/p>\n<p>El resultado, un estallido de espacios abiertos y di\u00e1fanos, funcionalidad, predominio de l\u00edneas rectas y racionales en la que nada distrae de la tranquila atm\u00f3sfera que llega, incluso, a cautivar al observador.<\/p>\n<\/div>\n<div class=\"product_socials_wrapper show-share-text-on-mobiles\">\n<div class=\"row\">\n<div class=\"large-12 columns\">\n<div class=\"product_socials_wrapper_inner\">\n<p><i class=\"fa fa-facebook\"><\/i>Las tapas son bilaminadas: tablero de part\u00edculas con recubrimiento bilaminado de 19 mm o 25 mm de espesor. Canto termofusionado de 2 mm de espesor. Amplia elecci\u00f3n de acabados. La especificaci\u00f3n de calidad para el tablero est\u00e1 en concordancia con la norma UNE-EN 312, y se corresponde con el tipo de tablero P2. La densidad media para tableros de 25 mm de espesor es de 595 kg\/m3 . La densidad media para tableros de 19 mm de espesor es de 630 kg\/m3.<\/p>\n<p>Sus patas de tubo cuadrado de acero (50 x 50 x 2 mm). P\u00f3rtico con pintura epoxi con una capa de 100 micras. Esquinas acabadas en inglete. Apoyo al suelo con niveladores para mantener la superficie de la mesa recta en cualquier tipo de suelo. Este programa incorpora tres tipos de p\u00f3rticos: simple (para mesas individuales), doble (para benchs) y de continuidad (para benchs). Este \u00faltimo aporta la soluci\u00f3n al crecimiento longitudinal y, al ser m\u00e1s corto que el lado del bench donde se instala, facilita la redistribuci\u00f3n de los puestos de trabajo. P\u00f3rtico regulable en altura opcional para mesas individuales (650 &#8211; 850 mm). Pintura epoxi con una capa de 100 micras.<\/p>\n<\/div>\n<div><\/div>\n<div>Amplia variedad de dimensiones y de composiciones para que puedas encontrar o tener la mesa que buscas.<\/div>\n<div><\/div>\n<div>PASACABLES CUADRADO<br \/>\nTapeta de ABS de 94 x 94 mm y acabado pulido. Cuerpo de polipropileno de diametro pasante 80 mm. Altura 25 mm (2 mm sobre tapa).<br \/>\nTOP ACCESS DE ALUMINIO<br \/>\nPieza de aluminio de dimensiones totales 367 x 127 x 33 mm. Tapeta de aluminio de extrusi\u00f3n de 348 x 89 mm y espesor medio 4 mm. Cuerpo de aluminio de injecci\u00f3n de espesor medio 2,5 mm.<br \/>\nTOP ACCESS DE POLIAMIDA<br \/>\nPieza de poliamida de dimensiones exteriores de 245 mm x 125 mm x h:25. Interiormente queda un hueco libre para acceder a la electrificaci\u00f3n de 225mm x 90mm. Conjunto formado por dos piezas realizadas en poliamida con 10% de fibra de vidrio y 20% de micro esferas.<br \/>\nKIT TAPA DESLIZANTE<br \/>\nConjunto de cinco piezas plasticas de poliamida y POM que permiten deslizar la tapa sobre la estructura para acceder a la electrificaci\u00f3n situada bajo la tapa de la mesa. Para mesas individuales pedir 1 kit deslizante, para bench 2 kits, uno por tapa.ELECTRIFICACI\u00d3N ATOM EMPOTRABLE<br \/>\nElectrificaci\u00f3n ATOM empotrable en la tapa formada por: 1 Toma de corriente negra. 2 conectores USB de carga 5V\/2A con alimentaci\u00f3n de la toma el\u00e9ctrica. Embellecedor en policarbonato negro Instalacion en taladro de 60mm.<\/div>\n<\/div>\n<\/div>\n<\/div>\n<p>&nbsp;<\/p>\n","protected":false},"excerpt":{"rendered":"","protected":false},"featured_media":26480,"template":"","meta":[],"product_cat":[699,724],"product_tag":[684],"class_list":["post-26464","product","type-product","status-publish","has-post-thumbnail","hentry","product_cat-cat-etiquetaoculta","product_cat-muebles-de-oficina","product_tag-etiquetaoculta","pa_altura-mesas-normal-75-cm","pa_forma-rectangular","pa_marca-forma-5","pa_material-madera","pa_material-metal"],"yoast_head":"<!-- This site is optimized with the Yoast SEO plugin v23.1 - https:\/\/yoast.com\/wordpress\/plugins\/seo\/ -->\n<title>Colecci\u00f3n 45- F 25 - Sillas de Oficina y Bar<\/title>\n<meta name=\"robots\" content=\"index, follow, max-snippet:-1, max-image-preview:large, max-video-preview:-1\" \/>\n<link rel=\"canonical\" href=\"https:\/\/www.multisilla.com\/mobiliario-hosteleria\/catalogo\/cat-etiquetaoculta\/coleccion-45-f-25\/\" \/>\n<meta property=\"og:locale\" content=\"es_ES\" \/>\n<meta property=\"og:type\" content=\"article\" \/>\n<meta property=\"og:title\" content=\"Colecci\u00f3n 45- F 25 - Sillas de Oficina y Bar\" \/>\n<meta property=\"og:url\" content=\"https:\/\/www.multisilla.com\/mobiliario-hosteleria\/catalogo\/cat-etiquetaoculta\/coleccion-45-f-25\/\" \/>\n<meta property=\"og:site_name\" content=\"Sillas de Oficina y Bar\" \/>\n<meta property=\"article:modified_time\" content=\"2024-09-02T16:00:48+00:00\" \/>\n<meta property=\"og:image\" content=\"https:\/\/www.multisilla.com\/mobiliario-hosteleria\/wp-content\/uploads\/Mesa-F-25.jpg\" \/>\n\t<meta property=\"og:image:width\" content=\"1151\" \/>\n\t<meta property=\"og:image:height\" content=\"665\" \/>\n\t<meta property=\"og:image:type\" content=\"image\/jpeg\" \/>\n<meta name=\"twitter:card\" content=\"summary_large_image\" \/>\n<meta name=\"twitter:label1\" content=\"Tiempo de lectura\" \/>\n\t<meta name=\"twitter:data1\" content=\"3 minutos\" \/>\n<script type=\"application\/ld+json\" class=\"yoast-schema-graph\">{\"@context\":\"https:\/\/schema.org\",\"@graph\":[{\"@type\":\"WebPage\",\"@id\":\"https:\/\/www.multisilla.com\/mobiliario-hosteleria\/catalogo\/cat-etiquetaoculta\/coleccion-45-f-25\/\",\"url\":\"https:\/\/www.multisilla.com\/mobiliario-hosteleria\/catalogo\/cat-etiquetaoculta\/coleccion-45-f-25\/\",\"name\":\"Colecci\u00f3n 45- F 25 - Sillas de Oficina y Bar\",\"isPartOf\":{\"@id\":\"https:\/\/www.multisilla.com\/mobiliario-hosteleria\/#website\"},\"primaryImageOfPage\":{\"@id\":\"https:\/\/www.multisilla.com\/mobiliario-hosteleria\/catalogo\/cat-etiquetaoculta\/coleccion-45-f-25\/#primaryimage\"},\"image\":{\"@id\":\"https:\/\/www.multisilla.com\/mobiliario-hosteleria\/catalogo\/cat-etiquetaoculta\/coleccion-45-f-25\/#primaryimage\"},\"thumbnailUrl\":\"https:\/\/www.multisilla.com\/mobiliario-hosteleria\/wp-content\/uploads\/Mesa-F-25.jpg\",\"datePublished\":\"2024-08-08T08:49:42+00:00\",\"dateModified\":\"2024-09-02T16:00:48+00:00\",\"breadcrumb\":{\"@id\":\"https:\/\/www.multisilla.com\/mobiliario-hosteleria\/catalogo\/cat-etiquetaoculta\/coleccion-45-f-25\/#breadcrumb\"},\"inLanguage\":\"es\",\"potentialAction\":[{\"@type\":\"ReadAction\",\"target\":[\"https:\/\/www.multisilla.com\/mobiliario-hosteleria\/catalogo\/cat-etiquetaoculta\/coleccion-45-f-25\/\"]}]},{\"@type\":\"ImageObject\",\"inLanguage\":\"es\",\"@id\":\"https:\/\/www.multisilla.com\/mobiliario-hosteleria\/catalogo\/cat-etiquetaoculta\/coleccion-45-f-25\/#primaryimage\",\"url\":\"https:\/\/www.multisilla.com\/mobiliario-hosteleria\/wp-content\/uploads\/Mesa-F-25.jpg\",\"contentUrl\":\"https:\/\/www.multisilla.com\/mobiliario-hosteleria\/wp-content\/uploads\/Mesa-F-25.jpg\",\"width\":1151,\"height\":665},{\"@type\":\"BreadcrumbList\",\"@id\":\"https:\/\/www.multisilla.com\/mobiliario-hosteleria\/catalogo\/cat-etiquetaoculta\/coleccion-45-f-25\/#breadcrumb\",\"itemListElement\":[{\"@type\":\"ListItem\",\"position\":1,\"name\":\"Portada\",\"item\":\"https:\/\/www.multisilla.com\/mobiliario-hosteleria\/\"},{\"@type\":\"ListItem\",\"position\":2,\"name\":\"Entrada tienda\",\"item\":\"https:\/\/www.multisilla.com\/mobiliario-hosteleria\/entrada-tienda\/\"},{\"@type\":\"ListItem\",\"position\":3,\"name\":\"Colecci\u00f3n 45- F 25\"}]},{\"@type\":\"WebSite\",\"@id\":\"https:\/\/www.multisilla.com\/mobiliario-hosteleria\/#website\",\"url\":\"https:\/\/www.multisilla.com\/mobiliario-hosteleria\/\",\"name\":\"Sillas de Oficina y Bar\",\"description\":\"El Especialista en Sillas, Mesas y Taburetes\",\"publisher\":{\"@id\":\"https:\/\/www.multisilla.com\/mobiliario-hosteleria\/#organization\"},\"potentialAction\":[{\"@type\":\"SearchAction\",\"target\":{\"@type\":\"EntryPoint\",\"urlTemplate\":\"https:\/\/www.multisilla.com\/mobiliario-hosteleria\/?s={search_term_string}\"},\"query-input\":\"required name=search_term_string\"}],\"inLanguage\":\"es\"},{\"@type\":\"Organization\",\"@id\":\"https:\/\/www.multisilla.com\/mobiliario-hosteleria\/#organization\",\"name\":\"Multisilla\",\"url\":\"https:\/\/www.multisilla.com\/mobiliario-hosteleria\/\",\"logo\":{\"@type\":\"ImageObject\",\"inLanguage\":\"es\",\"@id\":\"https:\/\/www.multisilla.com\/mobiliario-hosteleria\/#\/schema\/logo\/image\/\",\"url\":\"https:\/\/www.multisilla.com\/mobiliario-hosteleria\/wp-content\/uploads\/logo-multisilla-nuevo-taburetes.png\",\"contentUrl\":\"https:\/\/www.multisilla.com\/mobiliario-hosteleria\/wp-content\/uploads\/logo-multisilla-nuevo-taburetes.png\",\"width\":240,\"height\":92,\"caption\":\"Multisilla\"},\"image\":{\"@id\":\"https:\/\/www.multisilla.com\/mobiliario-hosteleria\/#\/schema\/logo\/image\/\"}}]}<\/script>\n<!-- \/ Yoast SEO plugin. -->","yoast_head_json":{"title":"Colecci\u00f3n 45- F 25 - Sillas de Oficina y Bar","robots":{"index":"index","follow":"follow","max-snippet":"max-snippet:-1","max-image-preview":"max-image-preview:large","max-video-preview":"max-video-preview:-1"},"canonical":"https:\/\/www.multisilla.com\/mobiliario-hosteleria\/catalogo\/cat-etiquetaoculta\/coleccion-45-f-25\/","og_locale":"es_ES","og_type":"article","og_title":"Colecci\u00f3n 45- F 25 - Sillas de Oficina y Bar","og_url":"https:\/\/www.multisilla.com\/mobiliario-hosteleria\/catalogo\/cat-etiquetaoculta\/coleccion-45-f-25\/","og_site_name":"Sillas de Oficina y Bar","article_modified_time":"2024-09-02T16:00:48+00:00","og_image":[{"width":1151,"height":665,"url":"https:\/\/www.multisilla.com\/mobiliario-hosteleria\/wp-content\/uploads\/Mesa-F-25.jpg","type":"image\/jpeg"}],"twitter_card":"summary_large_image","twitter_misc":{"Tiempo de lectura":"3 minutos"},"schema":{"@context":"https:\/\/schema.org","@graph":[{"@type":"WebPage","@id":"https:\/\/www.multisilla.com\/mobiliario-hosteleria\/catalogo\/cat-etiquetaoculta\/coleccion-45-f-25\/","url":"https:\/\/www.multisilla.com\/mobiliario-hosteleria\/catalogo\/cat-etiquetaoculta\/coleccion-45-f-25\/","name":"Colecci\u00f3n 45- F 25 - Sillas de Oficina y Bar","isPartOf":{"@id":"https:\/\/www.multisilla.com\/mobiliario-hosteleria\/#website"},"primaryImageOfPage":{"@id":"https:\/\/www.multisilla.com\/mobiliario-hosteleria\/catalogo\/cat-etiquetaoculta\/coleccion-45-f-25\/#primaryimage"},"image":{"@id":"https:\/\/www.multisilla.com\/mobiliario-hosteleria\/catalogo\/cat-etiquetaoculta\/coleccion-45-f-25\/#primaryimage"},"thumbnailUrl":"https:\/\/www.multisilla.com\/mobiliario-hosteleria\/wp-content\/uploads\/Mesa-F-25.jpg","datePublished":"2024-08-08T08:49:42+00:00","dateModified":"2024-09-02T16:00:48+00:00","breadcrumb":{"@id":"https:\/\/www.multisilla.com\/mobiliario-hosteleria\/catalogo\/cat-etiquetaoculta\/coleccion-45-f-25\/#breadcrumb"},"inLanguage":"es","potentialAction":[{"@type":"ReadAction","target":["https:\/\/www.multisilla.com\/mobiliario-hosteleria\/catalogo\/cat-etiquetaoculta\/coleccion-45-f-25\/"]}]},{"@type":"ImageObject","inLanguage":"es","@id":"https:\/\/www.multisilla.com\/mobiliario-hosteleria\/catalogo\/cat-etiquetaoculta\/coleccion-45-f-25\/#primaryimage","url":"https:\/\/www.multisilla.com\/mobiliario-hosteleria\/wp-content\/uploads\/Mesa-F-25.jpg","contentUrl":"https:\/\/www.multisilla.com\/mobiliario-hosteleria\/wp-content\/uploads\/Mesa-F-25.jpg","width":1151,"height":665},{"@type":"BreadcrumbList","@id":"https:\/\/www.multisilla.com\/mobiliario-hosteleria\/catalogo\/cat-etiquetaoculta\/coleccion-45-f-25\/#breadcrumb","itemListElement":[{"@type":"ListItem","position":1,"name":"Portada","item":"https:\/\/www.multisilla.com\/mobiliario-hosteleria\/"},{"@type":"ListItem","position":2,"name":"Entrada tienda","item":"https:\/\/www.multisilla.com\/mobiliario-hosteleria\/entrada-tienda\/"},{"@type":"ListItem","position":3,"name":"Colecci\u00f3n 45- F 25"}]},{"@type":"WebSite","@id":"https:\/\/www.multisilla.com\/mobiliario-hosteleria\/#website","url":"https:\/\/www.multisilla.com\/mobiliario-hosteleria\/","name":"Sillas de Oficina y Bar","description":"El Especialista en Sillas, Mesas y Taburetes","publisher":{"@id":"https:\/\/www.multisilla.com\/mobiliario-hosteleria\/#organization"},"potentialAction":[{"@type":"SearchAction","target":{"@type":"EntryPoint","urlTemplate":"https:\/\/www.multisilla.com\/mobiliario-hosteleria\/?s={search_term_string}"},"query-input":"required name=search_term_string"}],"inLanguage":"es"},{"@type":"Organization","@id":"https:\/\/www.multisilla.com\/mobiliario-hosteleria\/#organization","name":"Multisilla","url":"https:\/\/www.multisilla.com\/mobiliario-hosteleria\/","logo":{"@type":"ImageObject","inLanguage":"es","@id":"https:\/\/www.multisilla.com\/mobiliario-hosteleria\/#\/schema\/logo\/image\/","url":"https:\/\/www.multisilla.com\/mobiliario-hosteleria\/wp-content\/uploads\/logo-multisilla-nuevo-taburetes.png","contentUrl":"https:\/\/www.multisilla.com\/mobiliario-hosteleria\/wp-content\/uploads\/logo-multisilla-nuevo-taburetes.png","width":240,"height":92,"caption":"Multisilla"},"image":{"@id":"https:\/\/www.multisilla.com\/mobiliario-hosteleria\/#\/schema\/logo\/image\/"}}]}},"_links":{"self":[{"href":"https:\/\/www.multisilla.com\/mobiliario-hosteleria\/wp-json\/wp\/v2\/product\/26464"}],"collection":[{"href":"https:\/\/www.multisilla.com\/mobiliario-hosteleria\/wp-json\/wp\/v2\/product"}],"about":[{"href":"https:\/\/www.multisilla.com\/mobiliario-hosteleria\/wp-json\/wp\/v2\/types\/product"}],"wp:featuredmedia":[{"embeddable":true,"href":"https:\/\/www.multisilla.com\/mobiliario-hosteleria\/wp-json\/wp\/v2\/media\/26480"}],"wp:attachment":[{"href":"https:\/\/www.multisilla.com\/mobiliario-hosteleria\/wp-json\/wp\/v2\/media?parent=26464"}],"wp:term":[{"taxonomy":"product_cat","embeddable":true,"href":"https:\/\/www.multisilla.com\/mobiliario-hosteleria\/wp-json\/wp\/v2\/product_cat?post=26464"},{"taxonomy":"product_tag","embeddable":true,"href":"https:\/\/www.multisilla.com\/mobiliario-hosteleria\/wp-json\/wp\/v2\/product_tag?post=26464"}],"curies":[{"name":"wp","href":"https:\/\/api.w.org\/{rel}","templated":true}]}}