{"id":3392,"date":"2017-06-23T08:29:24","date_gmt":"2017-06-23T08:29:24","guid":{"rendered":""},"modified":"2021-12-16T16:41:48","modified_gmt":"2021-12-16T14:41:48","slug":"mesa-jut-vondom-contract","status":"publish","type":"product","link":"https:\/\/www.multisilla.com\/mobiliario-hosteleria\/catalogo\/mobiliario-exterior\/mesas-exterior\/mesa-jut-vondom-contract\/","title":{"rendered":"Mesa Jut Vondom Contract"},"content":{"rendered":"<p>Mesa Jut Vondom Contract, dise\u00f1o Studio Vondom. Fabricada con resina de polietileno mediante moldeo rotacional con doble pared 100% Reciclable. Apto para exterior e interior. Disponible en varios acabados.La colecci\u00f3n JUT se compone de diferentes piezas tanto para proyectos de exterior como para interiores modernos y vanguardistas: tumbona, sof\u00e1, sill\u00f3n, silla, butaca, dos mesas de distintas medidas, mesa extensible, taburetes y mesa alta. Con la colecci\u00f3n JUT, se impone una nueva est\u00e9tica en cuanto a mobiliario de resina de polietileno fabricado mediante moldeo rotacional. Sus formas angulosas, muy dif\u00edciles de conseguir con este proceso de fabricaci\u00f3n, son una propuesta \u00fanica hasta ahora. VONDOM ofrece estas piezas en diversos colores, tonos muy vivos que aportan un toque aun m\u00e1s original a los muebles. La ergonom\u00eda, la funcionalidad y la ecolog\u00eda de los muebles JUT son otras de las caracter\u00edsticas primordiales en los dise\u00f1os VONDOM. Los orificios de evacuaci\u00f3n para el agua, y los contrafuertes aseguran la m\u00e1xima comodidad al estirarse o sentarse. El material innovador y reciclable es el de mayor exigencia del mercado para garantizar un uso prolongado, soportando las m\u00e1s extremas condiciones meteorol\u00f3gicas y conservando los colores durante su vida \u00fatil. Todos estos conceptos los convierten en la mejor soluci\u00f3n de muebles tanto en interiores como en exteriores. La colecci\u00f3n JUT, \u00fanica en su g\u00e9nero, se elabora con moldes especiales dise\u00f1ados por VONDOM y fabricados mediante un proceso tecnol\u00f3gico con el que se consiguen piezas exclusivas.<\/p>\n<p>&nbsp;<\/p>\n<p>Esta colecci\u00f3n incluye:<\/p>\n<p>\/ 90x90x75 \/ 180x90x75 \/ 280x90x75 \/<\/p>\n<p>Articulo en entrega express 3-12 d\u00edas.<\/p>\n<p> <span class=\"grispeque\">*Los precios indicados en la pagina pueden sufrir un incremento por el coste del transporte, que se calcular\u00e1 en cada caso dependiendo del c\u00f3digo postal y de la cantidad de art\u00edculos solicitados. <\/span><\/p>\n","protected":false},"excerpt":{"rendered":"<h4><span style=\"color: #e2462f\"><i><strong><\/strong><\/i><\/span><\/h4>\n","protected":false},"featured_media":12059,"template":"","meta":[],"product_cat":[699,23,660],"product_tag":[684],"class_list":["post-3392","product","type-product","status-publish","has-post-thumbnail","hentry","product_cat-cat-etiquetaoculta","product_cat-mesas-exterior","product_cat-novedades","product_tag-etiquetaoculta","pa_altura-mesas-normal-75-cm","pa_estructura-mesas-materiales-plasticos","pa_forma-cuadrada","pa_forma-rectangular","pa_marca-vondom","pa_medidas-mas-de-120-cm","pa_tapa-mesas-materiales-plasticos","pa_tipo-mesas-4-patas"],"yoast_head":"<!-- This site is optimized with the Yoast SEO plugin v23.1 - https:\/\/yoast.com\/wordpress\/plugins\/seo\/ -->\n<title>Mesa Jut Vondom Contract - Sillas de Oficina y Bar<\/title>\n<meta name=\"robots\" content=\"index, follow, max-snippet:-1, max-image-preview:large, max-video-preview:-1\" \/>\n<link rel=\"canonical\" href=\"https:\/\/www.multisilla.com\/mobiliario-hosteleria\/catalogo\/mobiliario-exterior\/mesas-exterior\/mesa-jut-vondom-contract\/\" \/>\n<meta property=\"og:locale\" content=\"es_ES\" \/>\n<meta property=\"og:type\" content=\"article\" \/>\n<meta property=\"og:title\" content=\"Mesa Jut Vondom Contract - Sillas de Oficina y Bar\" \/>\n<meta property=\"og:url\" content=\"https:\/\/www.multisilla.com\/mobiliario-hosteleria\/catalogo\/mobiliario-exterior\/mesas-exterior\/mesa-jut-vondom-contract\/\" \/>\n<meta property=\"og:site_name\" content=\"Sillas de Oficina y Bar\" \/>\n<meta property=\"article:modified_time\" content=\"2021-12-16T14:41:48+00:00\" \/>\n<meta property=\"og:image\" content=\"https:\/\/www.multisilla.com\/mobiliario-hosteleria\/wp-content\/uploads\/Mesa-Jut-Vondom-previa..jpg\" \/>\n\t<meta property=\"og:image:width\" content=\"719\" \/>\n\t<meta property=\"og:image:height\" content=\"719\" \/>\n\t<meta property=\"og:image:type\" content=\"image\/jpeg\" \/>\n<meta name=\"twitter:card\" content=\"summary_large_image\" \/>\n<meta name=\"twitter:label1\" content=\"Tiempo de lectura\" \/>\n\t<meta name=\"twitter:data1\" content=\"2 minutos\" \/>\n<script type=\"application\/ld+json\" class=\"yoast-schema-graph\">{\"@context\":\"https:\/\/schema.org\",\"@graph\":[{\"@type\":\"WebPage\",\"@id\":\"https:\/\/www.multisilla.com\/mobiliario-hosteleria\/catalogo\/mobiliario-exterior\/mesas-exterior\/mesa-jut-vondom-contract\/\",\"url\":\"https:\/\/www.multisilla.com\/mobiliario-hosteleria\/catalogo\/mobiliario-exterior\/mesas-exterior\/mesa-jut-vondom-contract\/\",\"name\":\"Mesa Jut Vondom Contract - Sillas de Oficina y Bar\",\"isPartOf\":{\"@id\":\"https:\/\/www.multisilla.com\/mobiliario-hosteleria\/#website\"},\"primaryImageOfPage\":{\"@id\":\"https:\/\/www.multisilla.com\/mobiliario-hosteleria\/catalogo\/mobiliario-exterior\/mesas-exterior\/mesa-jut-vondom-contract\/#primaryimage\"},\"image\":{\"@id\":\"https:\/\/www.multisilla.com\/mobiliario-hosteleria\/catalogo\/mobiliario-exterior\/mesas-exterior\/mesa-jut-vondom-contract\/#primaryimage\"},\"thumbnailUrl\":\"https:\/\/www.multisilla.com\/mobiliario-hosteleria\/wp-content\/uploads\/Mesa-Jut-Vondom-previa..jpg\",\"datePublished\":\"2017-06-23T08:29:24+00:00\",\"dateModified\":\"2021-12-16T14:41:48+00:00\",\"breadcrumb\":{\"@id\":\"https:\/\/www.multisilla.com\/mobiliario-hosteleria\/catalogo\/mobiliario-exterior\/mesas-exterior\/mesa-jut-vondom-contract\/#breadcrumb\"},\"inLanguage\":\"es\",\"potentialAction\":[{\"@type\":\"ReadAction\",\"target\":[\"https:\/\/www.multisilla.com\/mobiliario-hosteleria\/catalogo\/mobiliario-exterior\/mesas-exterior\/mesa-jut-vondom-contract\/\"]}]},{\"@type\":\"ImageObject\",\"inLanguage\":\"es\",\"@id\":\"https:\/\/www.multisilla.com\/mobiliario-hosteleria\/catalogo\/mobiliario-exterior\/mesas-exterior\/mesa-jut-vondom-contract\/#primaryimage\",\"url\":\"https:\/\/www.multisilla.com\/mobiliario-hosteleria\/wp-content\/uploads\/Mesa-Jut-Vondom-previa..jpg\",\"contentUrl\":\"https:\/\/www.multisilla.com\/mobiliario-hosteleria\/wp-content\/uploads\/Mesa-Jut-Vondom-previa..jpg\",\"width\":719,\"height\":719},{\"@type\":\"BreadcrumbList\",\"@id\":\"https:\/\/www.multisilla.com\/mobiliario-hosteleria\/catalogo\/mobiliario-exterior\/mesas-exterior\/mesa-jut-vondom-contract\/#breadcrumb\",\"itemListElement\":[{\"@type\":\"ListItem\",\"position\":1,\"name\":\"Portada\",\"item\":\"https:\/\/www.multisilla.com\/mobiliario-hosteleria\/\"},{\"@type\":\"ListItem\",\"position\":2,\"name\":\"Entrada tienda\",\"item\":\"https:\/\/www.multisilla.com\/mobiliario-hosteleria\/entrada-tienda\/\"},{\"@type\":\"ListItem\",\"position\":3,\"name\":\"Mesa Jut Vondom Contract\"}]},{\"@type\":\"WebSite\",\"@id\":\"https:\/\/www.multisilla.com\/mobiliario-hosteleria\/#website\",\"url\":\"https:\/\/www.multisilla.com\/mobiliario-hosteleria\/\",\"name\":\"Sillas de Oficina y Bar\",\"description\":\"El Especialista en Sillas, Mesas y Taburetes\",\"publisher\":{\"@id\":\"https:\/\/www.multisilla.com\/mobiliario-hosteleria\/#organization\"},\"potentialAction\":[{\"@type\":\"SearchAction\",\"target\":{\"@type\":\"EntryPoint\",\"urlTemplate\":\"https:\/\/www.multisilla.com\/mobiliario-hosteleria\/?s={search_term_string}\"},\"query-input\":\"required name=search_term_string\"}],\"inLanguage\":\"es\"},{\"@type\":\"Organization\",\"@id\":\"https:\/\/www.multisilla.com\/mobiliario-hosteleria\/#organization\",\"name\":\"Multisilla\",\"url\":\"https:\/\/www.multisilla.com\/mobiliario-hosteleria\/\",\"logo\":{\"@type\":\"ImageObject\",\"inLanguage\":\"es\",\"@id\":\"https:\/\/www.multisilla.com\/mobiliario-hosteleria\/#\/schema\/logo\/image\/\",\"url\":\"https:\/\/www.multisilla.com\/mobiliario-hosteleria\/wp-content\/uploads\/logo-multisilla-nuevo-taburetes.png\",\"contentUrl\":\"https:\/\/www.multisilla.com\/mobiliario-hosteleria\/wp-content\/uploads\/logo-multisilla-nuevo-taburetes.png\",\"width\":240,\"height\":92,\"caption\":\"Multisilla\"},\"image\":{\"@id\":\"https:\/\/www.multisilla.com\/mobiliario-hosteleria\/#\/schema\/logo\/image\/\"}}]}<\/script>\n<!-- \/ Yoast SEO plugin. -->","yoast_head_json":{"title":"Mesa Jut Vondom Contract - Sillas de Oficina y Bar","robots":{"index":"index","follow":"follow","max-snippet":"max-snippet:-1","max-image-preview":"max-image-preview:large","max-video-preview":"max-video-preview:-1"},"canonical":"https:\/\/www.multisilla.com\/mobiliario-hosteleria\/catalogo\/mobiliario-exterior\/mesas-exterior\/mesa-jut-vondom-contract\/","og_locale":"es_ES","og_type":"article","og_title":"Mesa Jut Vondom Contract - Sillas de Oficina y Bar","og_url":"https:\/\/www.multisilla.com\/mobiliario-hosteleria\/catalogo\/mobiliario-exterior\/mesas-exterior\/mesa-jut-vondom-contract\/","og_site_name":"Sillas de Oficina y Bar","article_modified_time":"2021-12-16T14:41:48+00:00","og_image":[{"width":719,"height":719,"url":"https:\/\/www.multisilla.com\/mobiliario-hosteleria\/wp-content\/uploads\/Mesa-Jut-Vondom-previa..jpg","type":"image\/jpeg"}],"twitter_card":"summary_large_image","twitter_misc":{"Tiempo de lectura":"2 minutos"},"schema":{"@context":"https:\/\/schema.org","@graph":[{"@type":"WebPage","@id":"https:\/\/www.multisilla.com\/mobiliario-hosteleria\/catalogo\/mobiliario-exterior\/mesas-exterior\/mesa-jut-vondom-contract\/","url":"https:\/\/www.multisilla.com\/mobiliario-hosteleria\/catalogo\/mobiliario-exterior\/mesas-exterior\/mesa-jut-vondom-contract\/","name":"Mesa Jut Vondom Contract - Sillas de Oficina y Bar","isPartOf":{"@id":"https:\/\/www.multisilla.com\/mobiliario-hosteleria\/#website"},"primaryImageOfPage":{"@id":"https:\/\/www.multisilla.com\/mobiliario-hosteleria\/catalogo\/mobiliario-exterior\/mesas-exterior\/mesa-jut-vondom-contract\/#primaryimage"},"image":{"@id":"https:\/\/www.multisilla.com\/mobiliario-hosteleria\/catalogo\/mobiliario-exterior\/mesas-exterior\/mesa-jut-vondom-contract\/#primaryimage"},"thumbnailUrl":"https:\/\/www.multisilla.com\/mobiliario-hosteleria\/wp-content\/uploads\/Mesa-Jut-Vondom-previa..jpg","datePublished":"2017-06-23T08:29:24+00:00","dateModified":"2021-12-16T14:41:48+00:00","breadcrumb":{"@id":"https:\/\/www.multisilla.com\/mobiliario-hosteleria\/catalogo\/mobiliario-exterior\/mesas-exterior\/mesa-jut-vondom-contract\/#breadcrumb"},"inLanguage":"es","potentialAction":[{"@type":"ReadAction","target":["https:\/\/www.multisilla.com\/mobiliario-hosteleria\/catalogo\/mobiliario-exterior\/mesas-exterior\/mesa-jut-vondom-contract\/"]}]},{"@type":"ImageObject","inLanguage":"es","@id":"https:\/\/www.multisilla.com\/mobiliario-hosteleria\/catalogo\/mobiliario-exterior\/mesas-exterior\/mesa-jut-vondom-contract\/#primaryimage","url":"https:\/\/www.multisilla.com\/mobiliario-hosteleria\/wp-content\/uploads\/Mesa-Jut-Vondom-previa..jpg","contentUrl":"https:\/\/www.multisilla.com\/mobiliario-hosteleria\/wp-content\/uploads\/Mesa-Jut-Vondom-previa..jpg","width":719,"height":719},{"@type":"BreadcrumbList","@id":"https:\/\/www.multisilla.com\/mobiliario-hosteleria\/catalogo\/mobiliario-exterior\/mesas-exterior\/mesa-jut-vondom-contract\/#breadcrumb","itemListElement":[{"@type":"ListItem","position":1,"name":"Portada","item":"https:\/\/www.multisilla.com\/mobiliario-hosteleria\/"},{"@type":"ListItem","position":2,"name":"Entrada tienda","item":"https:\/\/www.multisilla.com\/mobiliario-hosteleria\/entrada-tienda\/"},{"@type":"ListItem","position":3,"name":"Mesa Jut Vondom Contract"}]},{"@type":"WebSite","@id":"https:\/\/www.multisilla.com\/mobiliario-hosteleria\/#website","url":"https:\/\/www.multisilla.com\/mobiliario-hosteleria\/","name":"Sillas de Oficina y Bar","description":"El Especialista en Sillas, Mesas y Taburetes","publisher":{"@id":"https:\/\/www.multisilla.com\/mobiliario-hosteleria\/#organization"},"potentialAction":[{"@type":"SearchAction","target":{"@type":"EntryPoint","urlTemplate":"https:\/\/www.multisilla.com\/mobiliario-hosteleria\/?s={search_term_string}"},"query-input":"required name=search_term_string"}],"inLanguage":"es"},{"@type":"Organization","@id":"https:\/\/www.multisilla.com\/mobiliario-hosteleria\/#organization","name":"Multisilla","url":"https:\/\/www.multisilla.com\/mobiliario-hosteleria\/","logo":{"@type":"ImageObject","inLanguage":"es","@id":"https:\/\/www.multisilla.com\/mobiliario-hosteleria\/#\/schema\/logo\/image\/","url":"https:\/\/www.multisilla.com\/mobiliario-hosteleria\/wp-content\/uploads\/logo-multisilla-nuevo-taburetes.png","contentUrl":"https:\/\/www.multisilla.com\/mobiliario-hosteleria\/wp-content\/uploads\/logo-multisilla-nuevo-taburetes.png","width":240,"height":92,"caption":"Multisilla"},"image":{"@id":"https:\/\/www.multisilla.com\/mobiliario-hosteleria\/#\/schema\/logo\/image\/"}}]}},"_links":{"self":[{"href":"https:\/\/www.multisilla.com\/mobiliario-hosteleria\/wp-json\/wp\/v2\/product\/3392"}],"collection":[{"href":"https:\/\/www.multisilla.com\/mobiliario-hosteleria\/wp-json\/wp\/v2\/product"}],"about":[{"href":"https:\/\/www.multisilla.com\/mobiliario-hosteleria\/wp-json\/wp\/v2\/types\/product"}],"wp:featuredmedia":[{"embeddable":true,"href":"https:\/\/www.multisilla.com\/mobiliario-hosteleria\/wp-json\/wp\/v2\/media\/12059"}],"wp:attachment":[{"href":"https:\/\/www.multisilla.com\/mobiliario-hosteleria\/wp-json\/wp\/v2\/media?parent=3392"}],"wp:term":[{"taxonomy":"product_cat","embeddable":true,"href":"https:\/\/www.multisilla.com\/mobiliario-hosteleria\/wp-json\/wp\/v2\/product_cat?post=3392"},{"taxonomy":"product_tag","embeddable":true,"href":"https:\/\/www.multisilla.com\/mobiliario-hosteleria\/wp-json\/wp\/v2\/product_tag?post=3392"}],"curies":[{"name":"wp","href":"https:\/\/api.w.org\/{rel}","templated":true}]}}